{"id":9,"date":"2016-01-03T21:18:35","date_gmt":"2016-01-03T21:18:35","guid":{"rendered":"http:\/\/dgmaxinteractive.com\/tr\/?page_id=9"},"modified":"2017-02-02T15:59:28","modified_gmt":"2017-02-02T15:59:28","slug":"ajanslar","status":"publish","type":"page","link":"https:\/\/dgmaxinteractive.com\/tr\/ajanslar.html","title":{"rendered":"AJANSLAR"},"content":{"rendered":"<div class=\"one_half\">\n<h3>REKLAM AJANSLARI<\/h3>\n<p>Kampanyalar\u0131n\u0131z\u0131 y\u00fcksek kalite odakl\u0131 CPA \u00e7\u00f6z\u00fcmlerimizle tamamlayabilir, m\u00fc\u015fterilerinize sundu\u011funuz dijital pazarlama \u00e7\u00f6z\u00fcmlerinde daha ba\u015far\u0131l\u0131 sonu\u00e7lara ula\u015fman\u0131z\u0131 sa\u011flayabiliriz.<\/p>\n<p>Cost Per Action (CPA) yani sonu\u00e7 odakl\u0131, performansa dayal\u0131 pazarlama kampanyalar\u0131yla, sadece kampanyan\u0131z i\u00e7in belirledi\u011finiz sonu\u00e7 (kay\u0131t ya da sat\u0131\u015f) ger\u00e7ekle\u015fti\u011fi takdirde \u00f6deme yaparak online pazarlama \u00e7al\u0131\u015fmalar\u0131n\u0131zdaki riski minimuma indirebilirsiniz.<\/p>\n<p>DGMAX Interactive olarak ajans m\u00fc\u015fterilerimize de reklamverenlerimize sundu\u011fumuz hizmetin ayn\u0131s\u0131n\u0131, kampanya bazl\u0131 olarak sunmaktay\u0131z.<\/p>\n<\/div>\n<div class=\"one_half last\">\n<div class=\"iconed-text clearfix\"><span class=\"icon\" style=\"border-color: ; background-color: ; color: ;\">&#xe65b;<\/span><\/p>\n<div class=\"text\">\n<h5>Performans odakl\u0131 online pazarlama strateji olu\u015fumlar\u0131<\/h5>\n<div><\/div>\n<\/div>\n<\/div>\n<div class=\"divider\"><\/div>\n<div class=\"iconed-text clearfix\"><span class=\"icon\" style=\"border-color: ; background-color: ; color: ;\">&#xe66a;<\/span><\/p>\n<div class=\"text\">\n<h5>Kampanya bazl\u0131 destek hizmetleri<\/h5>\n<div><\/div>\n<\/div>\n<\/div>\n<div class=\"divider\"><\/div>\n<div class=\"iconed-text clearfix\"><span class=\"icon\" style=\"border-color: ; background-color: ; color: ;\">&#xe633;<\/span><\/p>\n<div class=\"text\">\n<h5>Maliyet \u2013 sonu\u00e7 kar\u015f\u0131la\u015ft\u0131rmas\u0131<\/h5>\n<div><\/div>\n<\/div>\n<\/div>\n<\/div>\n<div class=\"clear\"><\/div>\n<div class=\"divider linebreak\">&nbsp;<\/div>\n<p>&nbsp;<\/p>\n<div class=\"one_half\">\n<div class=\"text_box\" style=\"border: none; background-color:#e8ecef;\">\n<h4 class=\"title\" style=\"background-color:#2c2e3a;color:#45a0dc;\">YERL\u0130 KAMPANYALAR<\/h4>\n<div class=\"text clearfix\" style=\"\"> Kendi reklamverenlerinizin performansa dayal\u0131 web\/mobil kampanyalar\u0131 i\u00e7in sizlere hizmet verebiliriz. <\/div>\n<\/div>\n<\/div>\n<div class=\"one_half last\">\n<div class=\"text_box\" style=\"border: none; background-color:#e8ecef;\">\n<h4 class=\"title\" style=\"background-color:#2c2e3a;color:#45a0dc;\">GLOBAL KAMPANYALAR<\/h4>\n<div class=\"text clearfix\" style=\"\">M\u00fc\u015fterilerinizin uluslararas\u0131 kampanyalar\u0131 i\u00e7in sizlere yard\u0131mc\u0131 olabiliriz. <\/div>\n<\/div>\n<\/div>\n<div class=\"clear\"><\/div>\n<p>&nbsp;<\/p>\n<div class=\"divider linebreak\">&nbsp;<\/div>\n<div class=\"block quickfinder\">\n<div class=\"central-wrapper clearfix\">\n<h2 style=\"text-align: center\">YONETT\u0130\u011e\u0130M\u0130Z TRAF\u0130K KANALLARI:<\/h2>\n<ul class=\"lazy-loading styled\">\n<li><span class=\"image lazy-loading-item\" style=\"background-color: #ff8b00\">\ue601<\/span><br \/>\n<span class=\"lazy-loading-item caption\"><br \/>\n<span class=\"title\"> Email Marketing <\/span><br \/>\n<span class=\"description\">Kaliteli trafi\u011fe en kolay ve ekomik yoldan ula\u015fman\u0131z\u0131 sa\u011flar. <\/span> <\/span><\/li>\n<li><span class=\"image lazy-loading-item\" style=\"background-color: #558cad\">\ue699<\/span><br \/>\n<span class=\"lazy-loading-item caption\"><br \/>\n<span class=\"title\">Sosyal Medya<\/span><br \/>\n<span class=\"description\">Hedef kitlenize y\u00f6nelik sosyal medya reklamlar\u0131 markan\u0131z\u0131n bilinirli\u011fini ve trafi\u011fini artt\u0131r\u0131r.<\/span> <\/span><\/li>\n<li><span class=\"image lazy-loading-item\" style=\"background-color: #48afdb\">\ue6c1<\/span><br \/>\n<span class=\"lazy-loading-item caption\"><br \/>\n<span class=\"title\"> Display <\/span><br \/>\n<span class=\"description\">Banner ve i\u00e7erik reklamlar\u0131 gibi g\u00f6rseller display kanal\u0131m\u0131zda size hizmet sunacakt\u0131r<\/span> <\/span><\/li>\n<li><span class=\"image lazy-loading-item\" style=\"background-color: #60dbc4\">\ue62b<\/span><br \/>\n<span class=\"lazy-loading-item caption\"><br \/>\n<span class=\"title\"> Mobil<\/span><br \/>\n<span class=\"description\">Mobil uygulamlar\u0131n\u0131z\u0131n daha cok ki\u015fi taraf\u0131ndan kullan\u0131lmas\u0131, sat\u0131n al\u0131nmas\u0131, ve indirilmesi i\u00e7in size yard\u0131mc\u0131 olabiliriz <\/span> <\/span><\/li>\n<\/ul>\n<\/div>\n<\/div>\n<div class=\"divider linebreak\">&nbsp;<\/div>\n<div class=\"alert-box iconed\">\n<div class=\"clearfix\">\n<div class=\"alert-icon\" style=\"border-color: #FFFFFF; background-color: #FFFFFF; color: #DA5F71;\">&#xe6ac;<\/div>\n<div class=\"text\">\n<h2>AYRINTILI B\u0130LG\u0130 \u0130\u00c7\u0130N B\u0130ZE ULA\u015eIN!!<\/h2>\n<div> Performansa dayal\u0131 \u0131nternet reklamc\u0131l\u0131\u011f\u0131n\u0131 kullanarak hedeflerinizi tuturmak daha fazla t\u00fcketiciye ula\u015fman\u0131z\u0131 sa\u011flamak amac\u0131yla size hizmet vermekten mutluluk duyar\u0131z, ayr\u0131t\u0131l\u0131 bilgi i\u00e7in l\u00fctfen bize ula\u015f\u0131n\u0131z .<\/div>\n<\/div>\n<div class=\"alert-button\"><a class=\"button\" href=\"http:\/\/dgmaxinteractive.com\/tr\/iletisim.html\" style=\"background-color: #DA5F71;\">\u0130leti\u015fim!<\/a><\/div>\n<\/div>\n<\/div>\n","protected":false},"excerpt":{"rendered":"<p>&nbsp; &nbsp; YONETT\u0130\u011e\u0130M\u0130Z TRAF\u0130K KANALLARI: \ue601 Email Marketing Kaliteli trafi\u011fe en kolay ve ekomik yoldan ula\u015fman\u0131z\u0131 sa\u011flar. \ue699 Sosyal Medya&#8230;<\/p>\n","protected":false},"author":1,"featured_media":0,"parent":0,"menu_order":0,"comment_status":"closed","ping_status":"closed","template":"","meta":{"footnotes":""},"class_list":["post-9","page","type-page","status-publish","hentry"],"_links":{"self":[{"href":"https:\/\/dgmaxinteractive.com\/tr\/wp-json\/wp\/v2\/pages\/9"}],"collection":[{"href":"https:\/\/dgmaxinteractive.com\/tr\/wp-json\/wp\/v2\/pages"}],"about":[{"href":"https:\/\/dgmaxinteractive.com\/tr\/wp-json\/wp\/v2\/types\/page"}],"author":[{"embeddable":true,"href":"https:\/\/dgmaxinteractive.com\/tr\/wp-json\/wp\/v2\/users\/1"}],"replies":[{"embeddable":true,"href":"https:\/\/dgmaxinteractive.com\/tr\/wp-json\/wp\/v2\/comments?post=9"}],"version-history":[{"count":18,"href":"https:\/\/dgmaxinteractive.com\/tr\/wp-json\/wp\/v2\/pages\/9\/revisions"}],"predecessor-version":[{"id":232,"href":"https:\/\/dgmaxinteractive.com\/tr\/wp-json\/wp\/v2\/pages\/9\/revisions\/232"}],"wp:attachment":[{"href":"https:\/\/dgmaxinteractive.com\/tr\/wp-json\/wp\/v2\/media?parent=9"}],"curies":[{"name":"wp","href":"https:\/\/api.w.org\/{rel}","templated":true}]}}