{"id":7,"date":"2016-01-03T21:39:48","date_gmt":"2016-01-03T21:39:48","guid":{"rendered":"http:\/\/dgmaxinteractive.com\/tr\/?page_id=7"},"modified":"2016-01-07T19:16:19","modified_gmt":"2016-01-07T19:16:19","slug":"yayincilar","status":"publish","type":"page","link":"https:\/\/dgmaxinteractive.com\/tr\/yayincilar.html","title":{"rendered":"Yay\u0131nc\u0131lar"},"content":{"rendered":"<div class=\"one_half\">\n<div class=\"image wrap-box no-style below\" style=\"\">\n<div class=\"wrap-box-inner\"><img decoding=\"async\" class=\"wrap-box-element\" style=\" \" src=\"\nhttp:\/\/dgmaxinteractive.com\/wp-content\/uploads\/sites\/5\/2016\/01\/publishers.jpg\" alt=\"\"\/><\/div>\n<\/div><\/div>\n<div class=\"one_half last\">\n<h3>Yay\u0131nc\u0131lar<\/h3>\n<p>Sitenizde, blogunuzda, sosyal medya ya da farkl\u0131 online platformlarda DGMAX Interactive i\u015f ortakl\u0131\u011f\u0131 (affiliate) network\u00fcnde yer alan reklamlar\u0131 kullanarak kazan\u00e7 sa\u011flayabilirsiniz.<\/p>\n<p>Online kazanc\u0131n\u0131z\u0131 ger\u00e7ek zamanl\u0131 olarak takip edebilme olana\u011f\u0131m\u0131z ile, hangi kampanyalar\u0131n sitelerinizden daha iyi geri d\u00f6n\u00fc\u015f yapt\u0131\u011f\u0131n\u0131 ke\u015ffederek kazanc\u0131n\u0131z\u0131 optimize edebilirsiniz.<\/p>\n<p>DGMAX Interactive olarak reklam fiyatland\u0131rma \u00e7e\u015fitlerimiz:<br \/>\nPay Per Click: (CPC, PPC) \u2013 T\u0131klama Ba\u015f\u0131na \u00d6deme Sistemi<br \/>\nPay Per Lead: (CPA, CPL, PPA) \u2013 \u00dcyelik Ba\u015f\u0131na \u00d6deme Sistemi<br \/>\nPay Per Sale (CPS, PPS) \u2013 Sat\u0131\u015f Ba\u015f\u0131na \u00d6deme Sistemi<\/p>\n<p>Sistemimizin detayl\u0131 istatislik raporlar\u0131yla kazanc\u0131n\u0131z\u0131 takip edebilirsiniz. <\/p><\/div>\n<div class=\"clear\"><\/div>\n<div class=\"divider linebreak\">&nbsp;<\/div>\n<h2 style=\"text-align: center\">DGMAX INTERACTIVE OLARAK S\u0130ZE SUNDUKLARIMIZ:<\/h2>\n<div class=\"divider linebreak\">&nbsp;<\/div>\n<div class=\"text_box\" style=\"border: none; \">\n<div class=\"text clearfix\" style=\"\">\n<div class=\"one_third\">\n<div class=\"iconed-text clearfix\"><span class=\"icon\" style=\"border-color: #ffffff; background-color: #ffffff; color: #5ADBBF;\">&#xe633;<\/span><\/p>\n<div class=\"text\">\n<h5>YAYINCI DESTEK<\/h5>\n<div> Hesap y\u00f6neticiniz size en uygun, en \u00e7ok kazan\u00e7 getirecek kampanyay\u0131 se\u00e7menizde yard\u0131mc\u0131 olacakt\u0131r..<\/div>\n<\/div>\n<\/div>\n<div class=\"divider\"><\/div>\n<\/div>\n<div class=\"one_third\">\n<div class=\"iconed-text clearfix\"><span class=\"icon\" style=\"border-color: #ffffff; background-color: #ffffff; color: #9CC9A0;\">&#xe690;<\/span><\/p>\n<div class=\"text\">\n<h5>KARLI YEREL VE ULUSLARARASI KAMPANYALAR<\/h5>\n<div>Yerel ve uluslararas\u0131 bir\u00e7ok kategoride \u00e7al\u0131\u015fan kampanyalar\u0131m\u0131z mevcuttu. <\/div>\n<\/div>\n<\/div>\n<div class=\"divider\"><\/div>\n<\/div>\n<div class=\"one_third last\">\n<div class=\"iconed-text clearfix\"><span class=\"icon\" style=\"border-color: #ffffff; background-color: #ffffff; color: #556272;\">&#xe654;<\/span><\/p>\n<div class=\"text\">\n<h5>ZAMANINDA VE ESNEK ODEME<\/h5>\n<div> Endustride bizi farkl\u0131 k\u0131lan en \u00f6nemli \u00f6zelliklerimizin ba\u015f\u0131nda yay\u0131nc\u0131lar\u0131m\u0131z\u0131n \u00f6demeleri konusundaki duyarl\u0131l\u0131\u011f\u0131m\u0131z gelir. <\/div>\n<\/div>\n<\/div>\n<div class=\"divider\"><\/div>\n<\/div>\n<div class=\"clear\"><\/div>\n<div class=\"one_third\">\n<div class=\"iconed-text clearfix\"><span class=\"icon\" style=\"border-color: #ffffff; background-color: #ffffff; color: #598BAC;\">&#xe699;<\/span><\/p>\n<div class=\"text\">\n<h5>REKABET\u00c7\u0130 VE YUKSEK KOM\u0130SYONLAR<\/h5>\n<div>Direk reklamverenlerle \u00e7al\u0131\u015farak yay\u0131nc\u0131lar\u0131m\u0131z\u0131 her zaman en rekabet\u00e7i komisyon tutarlar\u0131yla bulu\u015fturuyoruz. <\/div>\n<\/div>\n<\/div>\n<div class=\"divider\"><\/div>\n<\/div>\n<div class=\"one_third\">\n<div class=\"iconed-text clearfix\"><span class=\"icon\" style=\"border-color: #ffffff; background-color: #ffffff; color: #BEE17B;\">&#xe62a;<\/span><\/p>\n<div class=\"text\">\n<h5>MOB\u0130LE UYUMLU KAMPANYALAR<\/h5>\n<div>Maksimum kazanc\u0131 elde etmeniz i\u00e7in kampanyalar\u0131m\u0131z\u0131 mobile uyumlu olarak se\u00e7mekte \u00f6zen g\u00f6steriyoruz. <\/div>\n<\/div>\n<\/div>\n<div class=\"divider\"><\/div>\n<\/div>\n<div class=\"one_third last\">\n<div class=\"iconed-text clearfix\"><span class=\"icon\" style=\"border-color: #ffffff; background-color: #ffffff; color: #FD573D;\">&#xe607;<\/span><\/p>\n<div class=\"text\">\n<h5>YAYINCI KABUL KURALLARI<\/h5>\n<div>Platformumuza kay\u0131t olan b\u00fct\u00fcn yay\u0131nc\u0131lar\u0131m\u0131z\u0131 \u00f6zenle se\u00e7iyor yanl\u0131zca yasal ve kaliteli yollarla internet yay\u0131nc\u0131l\u0131\u011f\u0131 yapanlar\u0131 platformumuza kabul ediyoruz.<\/div>\n<\/div>\n<\/div>\n<div class=\"divider\"><\/div>\n<\/div>\n<div class=\"clear\"><\/div>\n<\/div>\n<\/div>\n<div class=\"divider linebreak\">&nbsp;<\/div>\n<div class=\"alert-box iconed\">\n<div class=\"clearfix\">\n<div class=\"alert-icon\" style=\"border-color: #FFFFFF; background-color: #FFFFFF; color: #DA5F71;\">&#xe6ad;<\/div>\n<div class=\"text\">\n<h2>PLATFORMUMUZA KATILIN!!<\/h2>\n<div> DGMAX Interactive&#8217;e yay\u0131nc\u0131 olarak kat\u0131lmak i\u00e7in ba\u015fvurnuzu yap\u0131n\u0131z!<\/div>\n<\/div>\n<div class=\"alert-button\"><a class=\"button\" href=\"http:\/\/dgmaxinteractive.com\/tr\/affiliate_signup.html\" style=\"background-color: #DA5F71;\">kay\u0131t!<\/a><\/div>\n<\/div>\n<\/div>\n<div class=\"divider linebreak\">&nbsp;<\/div>\n","protected":false},"excerpt":{"rendered":"<p>DGMAX INTERACTIVE OLARAK S\u0130ZE SUNDUKLARIMIZ:<\/p>\n","protected":false},"author":1,"featured_media":0,"parent":0,"menu_order":0,"comment_status":"closed","ping_status":"closed","template":"","meta":{"footnotes":""},"class_list":["post-7","page","type-page","status-publish","hentry"],"_links":{"self":[{"href":"https:\/\/dgmaxinteractive.com\/tr\/wp-json\/wp\/v2\/pages\/7"}],"collection":[{"href":"https:\/\/dgmaxinteractive.com\/tr\/wp-json\/wp\/v2\/pages"}],"about":[{"href":"https:\/\/dgmaxinteractive.com\/tr\/wp-json\/wp\/v2\/types\/page"}],"author":[{"embeddable":true,"href":"https:\/\/dgmaxinteractive.com\/tr\/wp-json\/wp\/v2\/users\/1"}],"replies":[{"embeddable":true,"href":"https:\/\/dgmaxinteractive.com\/tr\/wp-json\/wp\/v2\/comments?post=7"}],"version-history":[{"count":12,"href":"https:\/\/dgmaxinteractive.com\/tr\/wp-json\/wp\/v2\/pages\/7\/revisions"}],"predecessor-version":[{"id":203,"href":"https:\/\/dgmaxinteractive.com\/tr\/wp-json\/wp\/v2\/pages\/7\/revisions\/203"}],"wp:attachment":[{"href":"https:\/\/dgmaxinteractive.com\/tr\/wp-json\/wp\/v2\/media?parent=7"}],"curies":[{"name":"wp","href":"https:\/\/api.w.org\/{rel}","templated":true}]}}