{"id":4,"date":"2016-01-03T21:23:27","date_gmt":"2016-01-03T21:23:27","guid":{"rendered":"http:\/\/dgmaxinteractive.com\/tr\/?page_id=4"},"modified":"2017-01-06T19:47:59","modified_gmt":"2017-01-06T19:47:59","slug":"reklamverenler","status":"publish","type":"page","link":"https:\/\/dgmaxinteractive.com\/tr\/reklamverenler.html","title":{"rendered":"Reklamverenler"},"content":{"rendered":"<div class=\"one_half\">\n<div class=\"image wrap-box no-style below\" style=\"\">\n<div class=\"wrap-box-inner\"><img decoding=\"async\" class=\"wrap-box-element\" style=\" \" src=\"http:\/\/dgmaxinteractive.com\/wp-content\/uploads\/sites\/5\/2016\/01\/advertisers.jpg\" alt=\"\"\/><\/div>\n<\/div><\/div>\n<div class=\"one_half last\">\nDGMAX Interactive olarak performansa dayal\u0131 reklam kampanyalar\u0131 ile websiteniz \u00fczerinden gelen sat\u0131\u015f ya da kay\u0131tlar\u0131 artt\u0131rmak ad\u0131na sonu\u00e7 odakl\u0131 reklam \u00e7al\u0131\u015fmalar\u0131 sunar\u0131z.<br \/>\nReklamverenler i\u00e7in en az riskle olu\u015fturulan performansa dayal\u0131 kampanyalarla, belirledi\u011finiz kay\u0131t ya da sat\u0131\u015f hedeflerine en kaliteli trafik ile ula\u015fabilmek amac\u0131m\u0131zd\u0131r.<\/p>\n<p>DGMAX Interactive olarak uluslararas\u0131 alanda kazand\u0131\u011f\u0131m\u0131z tecr\u00fcbeler ile hem yurt d\u0131\u015f\u0131 bazl\u0131 hem de T\u00fcrkiye pazar\u0131nda yer alan reklamverenlere hizmet sunmaktay\u0131z.<br \/>\nbulunmaktad\u0131r.<\/p><\/div>\n<div class=\"clear\"><\/div>\n<div class=\"divider linebreak\">&nbsp;<\/div>\n<h2 style=\"text-align: center\">ANLIK \u0130STAT\u0130STL\u0130K VE RAPORLAMALAR:<\/h2>\n<div class=\"divider linebreak\">&nbsp;<\/div>\n<div class=\"one_half\">\n<h3>KAMPANYA \u0130STAT\u0130ST\u0130KLER\u0130<\/h3>\n<div class=\"diagram-item\">\n<div class=\"diagram-wrapper\">\n<div class=\"lazy-loading lazy-loading-not-hide\" data-ll-item-delay=\"0\">\n<div class=\"digram-line-box lazy-loading-item\" data-ll-effect=\"action\" data-ll-action-func=\"codeus_start_line_digram\">\n<div class=\"skill-element\">\n<div class=\"skill-header clearfix\">\n<div class=\"skill-title\">Click Through Rate<\/div>\n<div class=\"skill-amount\">42<\/div>\n<\/div>\n<div class=\"skill-line\">\n<div data-amount=\"42\" style=\"width: 0; background: #566270;\"><\/div>\n<\/div>\n<\/div>\n<div class=\"skill-element\">\n<div class=\"skill-header clearfix\">\n<div class=\"skill-title\">Open Rate<\/div>\n<div class=\"skill-amount\">12<\/div>\n<\/div>\n<div class=\"skill-line\">\n<div data-amount=\"12\" style=\"width: 0; background: #50CDC5;\"><\/div>\n<\/div>\n<\/div>\n<div class=\"skill-element\">\n<div class=\"skill-header clearfix\">\n<div class=\"skill-title\">Conversion Rate<\/div>\n<div class=\"skill-amount\">38<\/div>\n<\/div>\n<div class=\"skill-line\">\n<div data-amount=\"38\" style=\"width: 0; background: #C7F465;\"><\/div>\n<\/div>\n<\/div>\n<div class=\"skill-element\">\n<div class=\"skill-header clearfix\">\n<div class=\"skill-title\">Delivery Rate<\/div>\n<div class=\"skill-amount\">92<\/div>\n<\/div>\n<div class=\"skill-line\">\n<div data-amount=\"92\" style=\"width: 0; background: #FF6B6B;\"><\/div>\n<\/div>\n<\/div>\n<div class=\"skill-element\">\n<div class=\"skill-header clearfix\">\n<div class=\"skill-title\">User Engagement <\/div>\n<div class=\"skill-amount\">81<\/div>\n<\/div>\n<div class=\"skill-line\">\n<div data-amount=\"81\" style=\"width: 0; background: #C7F0F6;\"><\/div>\n<\/div>\n<\/div>\n<\/div>\n<\/div>\n<\/div>\n<\/div>\n<\/div>\n<div class=\"one_half last\">\n<h3>B\u00dcT\u00c7E Y\u00d6NET\u0130M\u0130<\/h3>\n<div class=\"diagram-item\">\n<div class=\"diagram-wrapper\">\n<div class=\"lazy-loading lazy-loading-not-hide\" data-ll-item-delay=\"0\">\n<div class=\"digram-line-box lazy-loading-item\" data-ll-effect=\"action\" data-ll-action-func=\"codeus_start_line_digram\">\n<div class=\"skill-element\">\n<div class=\"skill-header clearfix\">\n<div class=\"skill-title\">Email Marketing<\/div>\n<div class=\"skill-amount\">30<\/div>\n<\/div>\n<div class=\"skill-line\">\n<div data-amount=\"30\" style=\"width: 0; background: #ff8b00;\"><\/div>\n<\/div>\n<\/div>\n<div class=\"skill-element\">\n<div class=\"skill-header clearfix\">\n<div class=\"skill-title\">Display\/Banner<\/div>\n<div class=\"skill-amount\">20<\/div>\n<\/div>\n<div class=\"skill-line\">\n<div data-amount=\"20\" style=\"width: 0; background: #00dc15;\"><\/div>\n<\/div>\n<\/div>\n<div class=\"skill-element\">\n<div class=\"skill-header clearfix\">\n<div class=\"skill-title\">Contextual<\/div>\n<div class=\"skill-amount\">15<\/div>\n<\/div>\n<div class=\"skill-line\">\n<div data-amount=\"15\" style=\"width: 0; background: #3e525b;\"><\/div>\n<\/div>\n<\/div>\n<div class=\"skill-element\">\n<div class=\"skill-header clearfix\">\n<div class=\"skill-title\">App Instals<\/div>\n<div class=\"skill-amount\">25<\/div>\n<\/div>\n<div class=\"skill-line\">\n<div data-amount=\"25\" style=\"width: 0; background: #d46cd3;\"><\/div>\n<\/div>\n<\/div>\n<div class=\"skill-element\">\n<div class=\"skill-header clearfix\">\n<div class=\"skill-title\">Social Media<\/div>\n<div class=\"skill-amount\">10<\/div>\n<\/div>\n<div class=\"skill-line\">\n<div data-amount=\"10\" style=\"width: 0; background: #415e9b;\"><\/div>\n<\/div>\n<\/div>\n<\/div>\n<\/div>\n<\/div>\n<\/div>\n<\/div>\n<div class=\"clear\"><\/div>\n<div class=\"divider\"><\/div>\n<div class=\"one_half\">\n<div>\n<h5 class=\"iconed-title\" ><span class=\"icon active\">&#xe65a;<\/span>PERFORMANSA DAYALI PAZARLAMA STRATEJ\u0130LER\u0130.<\/h5>\n<\/div>\n<div class=\"divider\"><\/div>\n<\/div>\n<div class=\"one_half last\">\n<div>\n<h5 class=\"iconed-title\" ><span class=\"icon\">&#xe66a;<\/span>KAMPANYA Y\u00d6NET\u0130M\u0130.<\/h5>\n<\/div>\n<div class=\"divider\"><\/div>\n<\/div>\n<div class=\"clear\"><\/div>\n<div class=\"one_half\">\n<div>\n<h5 class=\"iconed-title\" ><span class=\"icon\">&#xe633;<\/span>M\u00dc\u015eTER\u0130 H\u0130ZMETLER\u0130 SERV\u0130S\u0130.<\/h5>\n<\/div>\n<div class=\"divider\"><\/div>\n<\/div>\n<div class=\"one_half last\">\n<div>\n<h5 class=\"iconed-title\" ><span class=\"icon active\">&#xe677;<\/span>B\u00dcT\u00c7E KONTROLU.<\/h5>\n<\/div>\n<div class=\"divider\"><\/div>\n<\/div>\n<div class=\"clear\"><\/div>\n<div class=\"one_half\">\n<div>\n<h5 class=\"iconed-title\" ><span class=\"icon active\">&#xe607;<\/span>KAL\u0130TEL\u0130 YAYINCILARA ULA\u015eMA \u0130MKANI.<\/h5>\n<\/div>\n<\/div>\n<div class=\"one_half last\">\n<div>\n<h5 class=\"iconed-title\" ><span class=\"icon\">&#xe65b;<\/span>HEDEF K\u0130TLEYE ER\u0130\u015e\u0130M STRATEJ\u0130LER\u0130<\/h5>\n<\/div>\n<\/div>\n<div class=\"clear\"><\/div>\n<div class=\"divider\"><\/div>\n<div class=\"alert-box iconed\">\n<div class=\"clearfix\">\n<div class=\"alert-icon\" style=\"border-color: #FFFFFF; background-color: #FFFFFF; color: #DA5F71;\">&#xe6ac;<\/div>\n<div class=\"text\">\n<h2>AYRINTILI B\u0130LG\u0130 \u0130\u00c7\u0130N B\u0130ZE ULA\u015eIN!!<\/h2>\n<div> Performansa dayal\u0131 \u0131nternet reklamc\u0131l\u0131\u011f\u0131 tecrubemizden faydalanmak ve kazanc\u0131n\u0131z\u0131 artt\u0131rmak i\u00e7in bize ula\u015fabilirsiniz.<\/div>\n<\/div>\n<div class=\"alert-button\"><a class=\"button\" href=\"http:\/\/dgmaxinteractive.com\/tr\/iletisim.html\" style=\"background-color: #DA5F71;\">\u0130leti\u015fim!<\/a><\/div>\n<\/div>\n<\/div>\n","protected":false},"excerpt":{"rendered":"<p>ANLIK \u0130STAT\u0130STL\u0130K VE RAPORLAMALAR:<\/p>\n","protected":false},"author":1,"featured_media":0,"parent":0,"menu_order":0,"comment_status":"closed","ping_status":"closed","template":"","meta":{"footnotes":""},"class_list":["post-4","page","type-page","status-publish","hentry"],"_links":{"self":[{"href":"https:\/\/dgmaxinteractive.com\/tr\/wp-json\/wp\/v2\/pages\/4"}],"collection":[{"href":"https:\/\/dgmaxinteractive.com\/tr\/wp-json\/wp\/v2\/pages"}],"about":[{"href":"https:\/\/dgmaxinteractive.com\/tr\/wp-json\/wp\/v2\/types\/page"}],"author":[{"embeddable":true,"href":"https:\/\/dgmaxinteractive.com\/tr\/wp-json\/wp\/v2\/users\/1"}],"replies":[{"embeddable":true,"href":"https:\/\/dgmaxinteractive.com\/tr\/wp-json\/wp\/v2\/comments?post=4"}],"version-history":[{"count":18,"href":"https:\/\/dgmaxinteractive.com\/tr\/wp-json\/wp\/v2\/pages\/4\/revisions"}],"predecessor-version":[{"id":229,"href":"https:\/\/dgmaxinteractive.com\/tr\/wp-json\/wp\/v2\/pages\/4\/revisions\/229"}],"wp:attachment":[{"href":"https:\/\/dgmaxinteractive.com\/tr\/wp-json\/wp\/v2\/media?parent=4"}],"curies":[{"name":"wp","href":"https:\/\/api.w.org\/{rel}","templated":true}]}}