{"id":23,"date":"2016-01-03T16:04:55","date_gmt":"2016-01-03T16:04:55","guid":{"rendered":"http:\/\/dgmaxinteractive.com\/tr\/?page_id=23"},"modified":"2025-02-11T20:30:12","modified_gmt":"2025-02-11T20:30:12","slug":"home","status":"publish","type":"page","link":"https:\/\/dgmaxinteractive.com\/tr\/","title":{"rendered":"Anasayfa"},"content":{"rendered":"<figure class=\"wp-block-image\" style=\"padding:0\"><img decoding=\"async\" src=\"https:\/\/dgmaxinteractive.com\/wp-content\/uploads\/2025\/02\/banner_dgmax_tk.png\" alt=\"\" \/><\/figure>\n<div class=\"divider linebreak\">&nbsp;<\/div>\n<p><span class=\"imgHolder\"><\/p>\n<div class=\"one_third\"><a href=\"http:\/\/dgmaxinteractive.com\/tr\/reklamverenler.html\"><img fetchpriority=\"high\" decoding=\"async\" class=\"fadeover item-fade\" src=\"http:\/\/dgmaxinteractive.com\/wp-content\/uploads\/sites\/5\/2016\/01\/affiliates1.png\" alt=\"photodune-4168646-opt\" width=\"391\" height=\"263\" \/> <\/a><\/p>\n<div class=\"text_box\" style=\"border: none; \">\n<div class=\"text clearfix\" style=\"\"><\/span><\/p>\n<h6 style=\"text-align: center\"><a href=\"http:\/\/dgmaxinteractive.com\/tr\/reklamverenler.html\">Yay\u0131nc\u0131lar<\/a><\/h6>\n<p>Web\/mobil trafi\u011finizden\u00a0kazan\u00e7\u00a0elde etmek i\u00e7in\u00a0<a href=\"http:\/\/dgmaxinteractive.com\/tr\/affiliate_signup.html\">Kay\u0131t ol<\/a>.<\/div>\n<\/div>\n<\/div>\n<div class=\"one_third\"> <a href=\"http:\/\/dgmaxinteractive.com\/tr\/yayincilar.html\"> <img decoding=\"async\" class=\"aligncenter size-full fadeover item-fade\" src=\"http:\/\/dgmaxinteractive.com\/wp-content\/uploads\/sites\/5\/2016\/01\/advertisers1.png\" alt=\"photodune-4168646-opt\" width=\"391\" height=\"263\" \/> <\/a><\/p>\n<div class=\"text_box\" style=\"border: none; \">\n<div class=\"text clearfix\" style=\"\">\n<h6 style=\"text-align: center\"><a href=\"http:\/\/dgmaxinteractive.com\/tr\/yayincilar.html\">Reklamverenler<\/a><\/h6>\n<p>Performansa dayal\u0131 reklam kampanyalar\u0131 ile hedef kitlelenize en ekonomik yoldan ula\u015f\u0131n!<\/p><\/div>\n<\/div>\n<\/div>\n<div class=\"one_third last\"> <a href=\"http:\/\/dgmaxinteractive.com\/tr\/ajanslar.html\"> <img decoding=\"async\" class=\"aligncenter size-full fadeover item-fade\" src=\"http:\/\/dgmaxinteractive.com\/wp-content\/uploads\/sites\/5\/2016\/01\/agencies1.png\" alt=\"photodune-4168646-opt\" width=\"391\" height=\"263\" \/><\/a> <\/p>\n<div class=\"text_box\" style=\"border: none; \">\n<div class=\"text clearfix\" style=\"\">\n<h6 style=\"text-align: center\"><a href=\"http:\/\/dgmaxinteractive.com\/tr\/yayincilar.html\">Reklam Ajanslar\u0131<\/a><\/h6>\n<p>Hizmetlerimizi kullanarak m\u00fc\u015fterilerinizi yerel ve uluslararas\u0131 alanda hedeflerine\u00a0ula\u015ft\u0131r\u0131n.<\/p><\/div>\n<\/div>\n<\/div>\n<div class=\"clear\"><\/div>\n<div class=\"divider linebreak\">&nbsp;<\/div>\n<p>&nbsp;<\/p>\n<div class=\"clientbg\">\n<h2>Birlikte \u00e7al\u0131\u015ft\u0131\u011f\u0131m\u0131z global\u00a0m\u00fc\u015fteriler:<\/h2>\n<div class=\"clients lazy-loading\" data-count=\"-1\">\n<ul class=\"list styled\">\n<li class=\"dgmax lazy-loading-item\" data-ll-effect=\"drop-right\" data-ll-item-delay=\"0\"><a href=\"#\" title=\"Babbel\"><span style=\"background-image: url('https:\/\/dgmaxinteractive.com\/tr\/wp-content\/uploads\/sites\/5\/2016\/01\/babbel-100x31.png');\"><\/span><\/a><\/li>\n<li class=\"dgmax lazy-loading-item\" data-ll-effect=\"drop-right\" data-ll-item-delay=\"0\"><a href=\"#\" title=\"Avis\"><span style=\"background-image: url('https:\/\/dgmaxinteractive.com\/tr\/wp-content\/uploads\/sites\/5\/2016\/01\/avis-100x31.png');\"><\/span><\/a><\/li>\n<li class=\"dgmax lazy-loading-item\" data-ll-effect=\"drop-right\" data-ll-item-delay=\"0\"><a href=\"#\" title=\"Nord VPN\"><span style=\"background-image: url('https:\/\/dgmaxinteractive.com\/tr\/wp-content\/uploads\/sites\/5\/2016\/01\/nordvpn-square-100x85.png');\"><\/span><\/a><\/li>\n<li class=\"dgmax lazy-loading-item\" data-ll-effect=\"drop-right\" data-ll-item-delay=\"0\"><a href=\"#\" title=\"Lenovo\"><span style=\"background-image: url('https:\/\/dgmaxinteractive.com\/tr\/wp-content\/uploads\/sites\/5\/2016\/01\/lenovo-100x33.png');\"><\/span><\/a><\/li>\n<li class=\"dgmax lazy-loading-item\" data-ll-effect=\"drop-right\" data-ll-item-delay=\"0\"><a href=\"#\" title=\"Shutterstock\"><span style=\"background-image: url('https:\/\/dgmaxinteractive.com\/tr\/wp-content\/uploads\/sites\/5\/2016\/01\/shutterstock-logo-100x28.png');\"><\/span><\/a><\/li>\n<\/ul>\n<\/div>\n<\/div>\n<p>&nbsp;<\/p>\n<div class=\"alert-box iconed\">\n<div class=\"clearfix\">\n<div class=\"alert-icon\" style=\"border-color: #227ea5; background-color: #069dbc; color: #92ca4d;\">&#xe641;<\/div>\n<div class=\"text\">\n<h2>Hedeflerinizi geni\u015fletin, kazanc\u0131n\u0131z\u0131 artt\u0131r\u0131n!<\/h2>\n<div> DGMAX Interactive Uluslararas\u0131 performansa dayal\u0131 internet reklamc\u0131l\u0131\u011f\u0131 alan\u0131nda\u00a0uzmanla\u015fm\u0131\u015ft\u0131r.<\/div>\n<\/div>\n<div class=\"alert-button\"><a class=\"button\" href=\"http:\/\/dgmaxinteractive.com\/tr\/iietisim.html\" style=\"background-color: #92ca4d;\">ileti\u015fim!<\/a><\/div>\n<\/div>\n<\/div>\n","protected":false},"excerpt":{"rendered":"<p>&nbsp; Birlikte \u00e7al\u0131\u015ft\u0131\u011f\u0131m\u0131z global\u00a0m\u00fc\u015fteriler: &nbsp;<\/p>\n","protected":false},"author":1,"featured_media":0,"parent":0,"menu_order":0,"comment_status":"closed","ping_status":"closed","template":"","meta":{"footnotes":""},"class_list":["post-23","page","type-page","status-publish","hentry"],"_links":{"self":[{"href":"https:\/\/dgmaxinteractive.com\/tr\/wp-json\/wp\/v2\/pages\/23"}],"collection":[{"href":"https:\/\/dgmaxinteractive.com\/tr\/wp-json\/wp\/v2\/pages"}],"about":[{"href":"https:\/\/dgmaxinteractive.com\/tr\/wp-json\/wp\/v2\/types\/page"}],"author":[{"embeddable":true,"href":"https:\/\/dgmaxinteractive.com\/tr\/wp-json\/wp\/v2\/users\/1"}],"replies":[{"embeddable":true,"href":"https:\/\/dgmaxinteractive.com\/tr\/wp-json\/wp\/v2\/comments?post=23"}],"version-history":[{"count":27,"href":"https:\/\/dgmaxinteractive.com\/tr\/wp-json\/wp\/v2\/pages\/23\/revisions"}],"predecessor-version":[{"id":274,"href":"https:\/\/dgmaxinteractive.com\/tr\/wp-json\/wp\/v2\/pages\/23\/revisions\/274"}],"wp:attachment":[{"href":"https:\/\/dgmaxinteractive.com\/tr\/wp-json\/wp\/v2\/media?parent=23"}],"curies":[{"name":"wp","href":"https:\/\/api.w.org\/{rel}","templated":true}]}}