{"id":11,"date":"2016-01-03T22:37:40","date_gmt":"2016-01-03T22:37:40","guid":{"rendered":"http:\/\/dgmaxinteractive.com\/tr\/?page_id=11"},"modified":"2017-02-02T15:57:52","modified_gmt":"2017-02-02T15:57:52","slug":"hakkimizda","status":"publish","type":"page","link":"https:\/\/dgmaxinteractive.com\/tr\/hakkimizda.html","title":{"rendered":"Hakk\u0131m\u0131zda"},"content":{"rendered":"<div class=\"one_half\">\n<div class=\"image wrap-box no-style below\" style=\"\">\n<div class=\"wrap-box-inner\"><img decoding=\"async\" class=\"wrap-box-element\" style=\" \" src=\"http:\/\/dgmaxinteractive.com\/wp-content\/uploads\/sites\/5\/2016\/01\/meeting_room_1.jpg\" alt=\"\"\/><\/div>\n<\/div>\n<\/div>\n<div class=\"one_half last\">\n<h3>Hakk\u0131m\u0131zda<\/h3>\n<p>DGMAX Interactive, 2008 y\u0131l\u0131nda uzun s\u00fcrelerdir internet reklamc\u0131l\u0131\u011f\u0131 alan\u0131nda \u00e7al\u0131\u015fmakta olan bir ekip taraf\u0131ndan New York\u2019ta kurulmu\u015ftur.<\/p>\n<p>Amerika Birle\u015fik Devletleri ve G\u00fcney Amerika\u2019da kazand\u0131\u011f\u0131 deneyimler ile 2011 y\u0131l\u0131 ortalar\u0131nda T\u00fcrkiye pazar\u0131na girmi\u015f olan DGMAX Interactive, performansa dayal\u0131 online pazarlama hizmetleri ile reklamverenlere en kaliteli sonu\u00e7lar\u0131, yay\u0131nc\u0131lara ise en y\u00fcksek kazan\u00e7lar\u0131 sa\u011flama hedefi ile hizmet sunmaktad\u0131r.<\/p>\n<p>Hem T\u00fcrkiye bazl\u0131, hem uluslararas\u0131 pek \u00e7ok kampanyay\u0131 yay\u0131nc\u0131larla bulu\u015fturan firmam\u0131z, reklamverenlere ise hedefledikleri sonu\u00e7lara ula\u015fabilmek ad\u0131na destek olmaktad\u0131r.<\/p>\n<p>DGMAX Interactive New York ofisinden d\u00fcnya genelindeki ba\u015far\u0131l\u0131 uygulamalar\u0131 da takip ederek kendisini s\u00fcrekli geli\u015ftirmekte, ABD, Latin Amerika ve T\u00fcrkiye dahil olmak \u00fczere Avrupa \u00fclkelerine hizmet sunmaya devam etmektedir.<\/p>\n<\/div>\n<div class=\"clear\"><\/div>\n<div class=\"divider linebreak\">&nbsp;<\/div>\n<div class=\"block quickfinder\">\n<div class=\"central-wrapper clearfix\">\n<h2 style=\"text-align: center\">M\u00dc\u015eTER\u0130LER\u0130M\u0130ZE SUNDU\u011eUMUZ H\u0130ZMETLER:<\/h2>\n<ul class=\"lazy-loading styled\">\n<li><span class=\"image lazy-loading-item\" style=\"background-color: #3a5370\">\ue675<\/span><br \/>\n<span class=\"lazy-loading-item caption\"><br \/>\n<span class=\"title\">\u00dcYEL\u0130K KAMPANYALARI<\/span><br \/>\n<span class=\"description\">\u00dcyelik kampanyalar\u0131ndaki tecr\u00fcbe ve ba\u015far\u0131lar\u0131m\u0131z ile sizleri hedeflerinize ula\u015ft\u0131raca\u011f\u0131z<\/span> <\/span><\/li>\n<li><span class=\"image lazy-loading-item\" style=\"background-color: #558cad\">\ue651<\/span><br \/>\n<span class=\"lazy-loading-item caption\"><br \/>\n<span class=\"title\">Co-Reg<\/span><br \/>\n<span class=\"description\">Biz \u00e7ok kanall\u0131 yakla\u015f\u0131m ile opt -in ve kay\u0131tlar\u0131 olu\u015fturmak,<\/span> <\/span><\/li>\n<li><span class=\"image lazy-loading-item\" style=\"background-color: #48afdb\">\ue685<\/span><br \/>\n<span class=\"lazy-loading-item caption\"><br \/>\n<span class=\"title\">E-T\u0130CARET <\/span><br \/>\n<span class=\"description\">E-Ticaret sitelerinin sat\u0131\u015flar\u0131n\u0131 artt\u0131r\u0131p, yeni m\u00fc\u015fteriler kazand\u0131r\u0131yoruz.<\/span> <\/span><\/li>\n<li><span class=\"image lazy-loading-item\" style=\"background-color: #60dbc4\">\ue62b<\/span><br \/>\n<span class=\"lazy-loading-item caption\"><br \/>\n<span class=\"title\">UYGULAMA \u0130ND\u0130RME<\/span><br \/>\n<span class=\"description\">Mobil uygulamalar\u0131n\u0131z\u0131n y\u00f6netiminde size yard\u0131mc\u0131 oluyoruz<\/span> <\/span><\/li>\n<\/ul>\n<\/div>\n<\/div>\n<div class=\"alert-box iconed\">\n<div class=\"clearfix\">\n<div class=\"alert-icon\" style=\"border-color: #FFFFFF; background-color: #FFFFFF; color: #DA5F71;\">&#xe6ac;<\/div>\n<div class=\"text\">\n<h2>AYRINTILI B\u0130LG\u0130 \u0130\u00c7\u0130N B\u0130ZE ULA\u015eIN!<\/h2>\n<div> Performansa dayal\u0131 \u0131nternet reklamc\u0131l\u0131\u011f\u0131 tecrubemizden faydalanmak ve kazanc\u0131n\u0131z\u0131 artt\u0131rmak i\u00e7in bize ula\u015fabilirsiniz.<\/div>\n<\/div>\n<div class=\"alert-button\"><a class=\"button\" href=\"http:\/\/dgmaxinteractive.com\/tr\/iletisim.html\" style=\"background-color: #DA5F71;\">\u0130leti\u015fim!<\/a><\/div>\n<\/div>\n<\/div>\n","protected":false},"excerpt":{"rendered":"<p>M\u00dc\u015eTER\u0130LER\u0130M\u0130ZE SUNDU\u011eUMUZ H\u0130ZMETLER: \ue675 \u00dcYEL\u0130K KAMPANYALARI \u00dcyelik kampanyalar\u0131ndaki tecr\u00fcbe ve ba\u015far\u0131lar\u0131m\u0131z ile sizleri hedeflerinize ula\u015ft\u0131raca\u011f\u0131z \ue651 Co-Reg Biz \u00e7ok kanall\u0131&#8230;<\/p>\n","protected":false},"author":1,"featured_media":0,"parent":0,"menu_order":0,"comment_status":"closed","ping_status":"closed","template":"","meta":{"footnotes":""},"class_list":["post-11","page","type-page","status-publish","hentry"],"_links":{"self":[{"href":"https:\/\/dgmaxinteractive.com\/tr\/wp-json\/wp\/v2\/pages\/11"}],"collection":[{"href":"https:\/\/dgmaxinteractive.com\/tr\/wp-json\/wp\/v2\/pages"}],"about":[{"href":"https:\/\/dgmaxinteractive.com\/tr\/wp-json\/wp\/v2\/types\/page"}],"author":[{"embeddable":true,"href":"https:\/\/dgmaxinteractive.com\/tr\/wp-json\/wp\/v2\/users\/1"}],"replies":[{"embeddable":true,"href":"https:\/\/dgmaxinteractive.com\/tr\/wp-json\/wp\/v2\/comments?post=11"}],"version-history":[{"count":8,"href":"https:\/\/dgmaxinteractive.com\/tr\/wp-json\/wp\/v2\/pages\/11\/revisions"}],"predecessor-version":[{"id":231,"href":"https:\/\/dgmaxinteractive.com\/tr\/wp-json\/wp\/v2\/pages\/11\/revisions\/231"}],"wp:attachment":[{"href":"https:\/\/dgmaxinteractive.com\/tr\/wp-json\/wp\/v2\/media?parent=11"}],"curies":[{"name":"wp","href":"https:\/\/api.w.org\/{rel}","templated":true}]}}