{"id":9,"date":"2016-01-03T21:18:35","date_gmt":"2016-01-03T21:18:35","guid":{"rendered":"http:\/\/dgmaxinteractive.com\/dgmaxinteractive-3\/?page_id=9"},"modified":"2019-09-04T22:40:32","modified_gmt":"2019-09-04T22:40:32","slug":"agencies","status":"publish","type":"page","link":"https:\/\/dgmaxinteractive.com\/fr\/agencies.html","title":{"rendered":"Agences"},"content":{"rendered":"<div class=\"one_half\">\n<h3>\u00c9TENDEZ VOTRE PORT\u00c9E<\/h3>\n<p>Compl\u00e9tez les campagnes de vos clients en travaillant avec le R\u00e9seau de Marketing \u00e0 la Performance de DGMAX Interactive. Nos campagnes de marketing \u00e0 la performance peuvent g\u00e9n\u00e9rer du trafic de haute qualit\u00e9 pour promouvoir les produits et les services de vos clients. Le paiement des commissions des campagnes de marketing \u00e0 la performance (le Marketing bas\u00e9 sur le Co\u00fbt par Action, CPA), n&#8217;est effectu\u00e9 que sur les ventes ou les prospects apport\u00e9s par nos \u00e9diteurs. Le marketing \u00e0 la performance pr\u00e9sente un risque minime, puisque vous ne payez que lorsqu&#8217;une vente ou une inscription est effectu\u00e9e. Chez DGMAX Interactive, nous vous offrons ce qui suit : <\/p><\/div>\n<div class=\"one_half last\">\n<div class=\"iconed-text clearfix\"><span class=\"icon\" style=\"border-color: ; background-color: ; color: ;\">&#xe65b;<\/span><\/p>\n<div class=\"text\">\n<h5>STRAT\u00c9GIES DE MARKETING \u00c0 LA PERFORMANCE.<\/h5>\n<div><\/div>\n<\/div>\n<\/div>\n<div class=\"divider\"><\/div>\n<div class=\"iconed-text clearfix\"><span class=\"icon\" style=\"border-color: ; background-color: ; color: ;\">&#xe66a;<\/span><\/p>\n<div class=\"text\">\n<h5>GESTION COMPL\u00c8TE DE LA CAMPAGNE<\/h5>\n<div><\/div>\n<\/div>\n<\/div>\n<div class=\"divider\"><\/div>\n<div class=\"iconed-text clearfix\"><span class=\"icon\" style=\"border-color: ; background-color: ; color: ;\">&#xe633;<\/span><\/p>\n<div class=\"text\">\n<h5>SUPPORT D\u00c9DI\u00c9 AUX ANNONCEURS.<\/h5>\n<div><\/div>\n<\/div>\n<\/div>\n<\/div>\n<div class=\"clear\"><\/div>\n<div class=\"divider linebreak\">&nbsp;<\/div>\n<p><center><\/p>\n<div class=\"one_half\">\n<div class=\"text_box\" style=\"border: none; background-color:#e8ecef;\">\n<h4 class=\"title\" style=\"background-color:#2c2e3a;color:#45a0dc;\">AGENCES LOCALES<\/h4>\n<div class=\"text clearfix\" style=\"\">  Nous pouvons aider les agences locales \u00e0 p\u00e9n\u00e9trer de nouveaux march\u00e9s.<br \/>\nPlanifiez votre prochaine campagne internationale avec nous. <\/div>\n<\/div>\n<\/div>\n<div class=\"one_half last\">\n<div class=\"text_box\" style=\"border: none; background-color:#e8ecef;\">\n<h4 class=\"title\" style=\"background-color:#2c2e3a;color:#45a0dc;\">AGENCES INTERNATIONALES<\/h4>\n<div class=\"text clearfix\" style=\"\">DGMAX Interactive aide les agences internationales \u00e0 atteindre les consommateurs bas\u00e9s aux \u00c9tats-Unis, au Br\u00e9sil, au Mexique, en Indon\u00e9sie, en Espagne et dans bien d&#8217;autres pays ! Contactez-nous d\u00e8s aujourd&#8217;hui pour en savoir plus.<\/div>\n<\/div>\n<\/div>\n<div class=\"clear\"><\/div>\n<p><\/center><\/p>\n<div class=\"divider linebreak\">&nbsp;<\/div>\n<div class=\"block quickfinder\">\n<div class=\"central-wrapper clearfix\">\n<h2 style=\"text-align: center;\"> NOUS G\u00c9RONS LES CANAUX SUIVANTS :<\/h2>\n<ul class=\"lazy-loading styled\" data-ll-force-start=\"1\">\n<li>\n\t\t\t\t\t\t\t\t\t\t\t\t\t\t\t<span class=\"image lazy-loading-item\" data-ll-item-delay=\"0\" data-ll-effect=\"clip\" style=\"background-color: #ff8b00; \">\ue601<\/span><br \/>\n<span class=\"lazy-loading-item caption\" data-ll-item-delay=\"200\" data-ll-effect=\"fading\"><br \/>\n<span class=\"title\"> Email Marketing <\/span><br \/>\n<span class=\"description\"> La facilit\u00e9 d&#8217;utilisation et la rentabilit\u00e9 de l&#8217;email marketing sont parfaites pour la plupart des clients soucieux de leurs co\u00fbts.<\/span>\t\t\t\t\t<\/span><\/li>\n<li>\n\t\t\t\t\t\t\t\t\t\t\t\t\t\t<span class=\"image lazy-loading-item\" data-ll-item-delay=\"0\" data-ll-effect=\"clip\" style=\"background-color: #558cad; \">\ue699<\/span><br \/>\n<span class=\"lazy-loading-item caption\" data-ll-item-delay=\"200\" data-ll-effect=\"fading\"><br \/>\n<span class=\"title\"> M\u00e9dias Sociaux <\/span><br \/>\n<span class=\"description\">Des publicit\u00e9s cibl\u00e9es pour accro\u00eetre votre audience, la visibilit\u00e9 de votre marque, l&#8217;engagement des utilisateurs et le trafic.<\/span>\t\t\t\t\t<\/span><\/li>\n<li>\n\t\t\t\t\t\t\t\t\t\t\t\t\t\t<span class=\"image lazy-loading-item\" data-ll-item-delay=\"0\" data-ll-effect=\"clip\" style=\"background-color: #48afdb; \">\ue6c1<\/span><br \/>\n<span class=\"lazy-loading-item caption\" data-ll-item-delay=\"200\" data-ll-effect=\"fading\"><br \/>\n<span class=\"title\"> Display <\/span><br \/>\n<span class=\"description\">Banni\u00e8res d&#8217;affichage traditionnelles, diffusions sur des blogs, liens texte <\/span>\t\t\t\t\t<\/span><\/li>\n<li>\n\t\t\t\t\t\t\t\t\t\t\t\t\t\t\t<span class=\"image lazy-loading-item\" data-ll-item-delay=\"0\" data-ll-effect=\"clip\" style=\"background-color: #60dbc4; \">\ue62b<\/span><br \/>\n<span class=\"lazy-loading-item caption\" data-ll-item-delay=\"200\" data-ll-effect=\"fading\"><br \/>\n<span class=\"title\"> MOBILE <\/span><br \/>\n<span class=\"description\">Nous vous aidons \u00e0 g\u00e9n\u00e9rer des installations pour votre application mobile<\/span>\t\t\t\t\t<\/span><\/li>\n<\/ul>\n<\/div>\n<\/div>\n<div class=\"divider linebreak\">&nbsp;<\/div>\n<div class=\"alert-box iconed\">\n<div class=\"clearfix\">\n<div class=\"alert-icon\" style=\"border-color: #FFFFFF; background-color: #FFFFFF; color: #DA5F71;\">&#xe6ac;<\/div>\n<div class=\"text\">\n<h2>CONTACTEZ-NOUS D\u00c8S AUJOURD&#8217;HUI!<\/h2>\n<div> N&#8217;h\u00e9sitez pas \u00e0 nous contacter pour vous aider \u00e0 atteindre les objectifs de vos clients avec le marketing \u00e0 la performance.<\/div>\n<\/div>\n<div class=\"alert-button\"><a class=\"button\" href=\"http:\/\/dgmaxinteractive.com\/fr\/contact.html\" style=\"background-color: #DA5F71;\">Contactez-nous!<\/a><\/div>\n<\/div>\n<\/div>\n","protected":false},"excerpt":{"rendered":"<p>NOUS G\u00c9RONS LES CANAUX SUIVANTS : \ue601 Email Marketing La facilit\u00e9 d&#8217;utilisation et la rentabilit\u00e9 de l&#8217;email marketing sont parfaites&#8230;<\/p>\n","protected":false},"author":1,"featured_media":0,"parent":0,"menu_order":0,"comment_status":"closed","ping_status":"closed","template":"","meta":{"footnotes":""},"class_list":["post-9","page","type-page","status-publish","hentry"],"_links":{"self":[{"href":"https:\/\/dgmaxinteractive.com\/fr\/wp-json\/wp\/v2\/pages\/9"}],"collection":[{"href":"https:\/\/dgmaxinteractive.com\/fr\/wp-json\/wp\/v2\/pages"}],"about":[{"href":"https:\/\/dgmaxinteractive.com\/fr\/wp-json\/wp\/v2\/types\/page"}],"author":[{"embeddable":true,"href":"https:\/\/dgmaxinteractive.com\/fr\/wp-json\/wp\/v2\/users\/1"}],"replies":[{"embeddable":true,"href":"https:\/\/dgmaxinteractive.com\/fr\/wp-json\/wp\/v2\/comments?post=9"}],"version-history":[{"count":8,"href":"https:\/\/dgmaxinteractive.com\/fr\/wp-json\/wp\/v2\/pages\/9\/revisions"}],"predecessor-version":[{"id":516,"href":"https:\/\/dgmaxinteractive.com\/fr\/wp-json\/wp\/v2\/pages\/9\/revisions\/516"}],"wp:attachment":[{"href":"https:\/\/dgmaxinteractive.com\/fr\/wp-json\/wp\/v2\/media?parent=9"}],"curies":[{"name":"wp","href":"https:\/\/api.w.org\/{rel}","templated":true}]}}