{"id":7,"date":"2016-01-03T21:39:48","date_gmt":"2016-01-03T21:39:48","guid":{"rendered":"http:\/\/dgmaxinteractive.com\/dgmaxinteractive-3\/?page_id=7"},"modified":"2019-09-04T22:42:49","modified_gmt":"2019-09-04T22:42:49","slug":"affiliates","status":"publish","type":"page","link":"https:\/\/dgmaxinteractive.com\/fr\/affiliates.html","title":{"rendered":"\u00c9diteurs"},"content":{"rendered":"<div class=\"one_half\">\n<div class=\"image wrap-box no-style below\" style=\"\">\n<div class=\"wrap-box-inner\"><img decoding=\"async\" class=\"wrap-box-element\" style=\" \" src=\"\nhttp:\/\/dgmaxinteractive.com\/wp-content\/uploads\/sites\/10\/2016\/01\/publishers.jpg\" alt=\"\"\/><\/div>\n<\/div><\/div>\n<div class=\"one_half last\">\n<h3> MON\u00c9TISEZ VOTRE TRAFIC!<\/h3>\n<p>DGMAX Interactive est un r\u00e9seau de marketing \u00e0 la performance, qui propose des campagnes <a href=\"http:\/\/dgmaxinteractive.com\/fr\/international-affiliate-marketing-programs.html\"> de marketing internationales<\/a>.. Nous couvrons presque tous les pays d&#8217;Europe, <a href=\"http:\/\/dgmaxinteractive.com\/fr\/latam-affiliate-marketing.html\"> d&#8217;Am\u00e9rique latine <\/a> d&#8217;Am\u00e9rique du Nord, ainsi que l&#8217;Asie.<\/p>\n<p>Nous aidons nos \u00e9diteurs \u00e0 maximiser leurs revenus gr\u00e2ce \u00e0 nos programmes de marketing Internationaux. Nous sommes \u00e0 la disposition de nos \u00e9diteurs avec les meilleures pratiques de marketing en ligne, tout en respectant les standards de qualit\u00e9 les plus strictes du marketing en ligne. Chez DGMAX Interactive, nous sommes d\u00e9termin\u00e9s \u00e0 \u00e9tablir un partenariat de confiance avec nos \u00e9diteurs et \u00e0 les assister continuellement pour r\u00e9ussir au mieux leurs campagnes de marketing \u00e0 la performance.<\/p>\n<p>Si vous souhaitez rejoindre notre r\u00e9seau <a href=\"http:\/\/dgmaxinteractive.com\/fr\/affiliate_signup.html\"> inscrivez-vous ici! <\/a> <\/div>\n<div class=\"clear\"><\/div>\n<div class=\"divider linebreak\">&nbsp;<\/div>\n<h2 style=\"text-align: center;\">\u00c0 DGMAX INTERACTIVE, NOUS FOURNISSONS:<\/h2>\n<div class=\"divider linebreak\">&nbsp;<\/div>\n<div class=\"text_box\" style=\"border: none; \">\n<div class=\"text clearfix\" style=\"\">\n<div class=\"one_third\">\n<div class=\"iconed-text clearfix\"><span class=\"icon\" style=\"border-color: #ffffff; background-color: #ffffff; color: #5ADBBF;\">&#xe633;<\/span><\/p>\n<div class=\"text\">\n<h5>UNE ASSISTANCE CONTINUE AUX \u00c9DITEURSt<\/h5>\n<div> Votre gestionnaire de compte vous aidera \u00e0 choisir la meilleure offre possible pour votre site\/trafic.<\/div>\n<\/div>\n<\/div>\n<div class=\"divider\"><\/div>\n<\/div>\n<div class=\"one_third\">\n<div class=\"iconed-text clearfix\"><span class=\"icon\" style=\"border-color: #ffffff; background-color: #ffffff; color: #9CC9A0;\">&#xe690;<\/span><\/p>\n<div class=\"text\">\n<h5>DES CAMPAGNES ATTRACTIVES AVEC DES TAUX DE CONVERSION \u00c9LEV\u00c9S<\/h5>\n<div>Nous proposons uniquement des campagnes dont nous avons test\u00e9 l&#8217;efficacit\u00e9. <\/div>\n<\/div>\n<\/div>\n<div class=\"divider\"><\/div>\n<\/div>\n<div class=\"one_third last\">\n<div class=\"iconed-text clearfix\"><span class=\"icon\" style=\"border-color: #ffffff; background-color: #ffffff; color: #556272;\">&#xe654;<\/span><\/p>\n<div class=\"text\">\n<h5>PAIEMENTS PONCTUELS<\/h5>\n<div> Nous avons l&#8217;une des meilleures r\u00e9putations du march\u00e9 de l&#8217;affiliation en ce qui concerne le paiement. <\/div>\n<\/div>\n<\/div>\n<div class=\"divider\"><\/div>\n<\/div>\n<div class=\"clear\"><\/div>\n<div class=\"one_third\">\n<div class=\"iconed-text clearfix\"><span class=\"icon\" style=\"border-color: #ffffff; background-color: #ffffff; color: #598BAC;\">&#xe699;<\/span><\/p>\n<div class=\"text\">\n<h5>R\u00c9MUN\u00c9RATIONS IMPORTANTES ET COMP\u00c9TITIVES<\/h5>\n<div> En travaillant directement avec les annonceurs, nous garantissons \u00e0 nos \u00e9diteurs les r\u00e9mun\u00e9rations les plus \u00e9lev\u00e9es. <\/div>\n<\/div>\n<\/div>\n<div class=\"divider\"><\/div>\n<\/div>\n<div class=\"one_third\">\n<div class=\"iconed-text clearfix\"><span class=\"icon\" style=\"border-color: #ffffff; background-color: #ffffff; color: #BEE17B;\">&#xe62a;<\/span><\/p>\n<div class=\"text\">\n<h5>ADAPATATIF (RESPONSIVE) AU MOBILE<\/h5>\n<div>Nos campagnes sont optimis\u00e9es pour les appareils mobiles afin d\u2019assurer une conversion maximale. <\/div>\n<\/div>\n<\/div>\n<div class=\"divider\"><\/div>\n<\/div>\n<div class=\"one_third last\">\n<div class=\"iconed-text clearfix\"><span class=\"icon\" style=\"border-color: #ffffff; background-color: #ffffff; color: #FD573D;\">&#xe607;<\/span><\/p>\n<div class=\"text\">\n<div>Nous examinons de pr\u00e8s toutes les demandes d&#8217;\u00e9diteurs et n&#8217;acceptons que celles que nous estimons l\u00e9gitimes.<\/div>\n<\/div>\n<\/div>\n<div class=\"divider\"><\/div>\n<\/div>\n<div class=\"clear\"><\/div>\n<\/div>\n<\/div>\n<div class=\"divider linebreak\">&nbsp;<\/div>\n<div class=\"alert-box iconed\">\n<div class=\"clearfix\">\n<div class=\"alert-icon\" style=\"border-color: #FFFFFF; background-color: #FFFFFF; color: #DA5F71;\">&#xe6ad;<\/div>\n<div class=\"text\">\n<h2>REJOIGNEZ NOTRE R\u00c9SEAU D\u00c8S AUJOURD&#8217;HUI!<\/h2>\n<div> N&#8217;h\u00e9sitez pas \u00e0 nous rejoindre, ou contactez-nous pour plus d&#8217;informations. Nous passons en revue manuellement toutes les demandes.<\/div>\n<\/div>\n<div class=\"alert-button\"><a class=\"button\" href=\"http:\/\/dgmaxinteractive.com\/fr\/affiliate_signup.html\" style=\"background-color: #DA5F71;\">INSCRIVEZ-VOUS MAINTENANT!<\/a><\/div>\n<\/div>\n<\/div>\n<div class=\"divider linebreak\">&nbsp;<\/div>\n","protected":false},"excerpt":{"rendered":"<p>\u00c0 DGMAX INTERACTIVE, NOUS FOURNISSONS:<\/p>\n","protected":false},"author":1,"featured_media":0,"parent":0,"menu_order":0,"comment_status":"closed","ping_status":"closed","template":"","meta":{"footnotes":""},"class_list":["post-7","page","type-page","status-publish","hentry"],"_links":{"self":[{"href":"https:\/\/dgmaxinteractive.com\/fr\/wp-json\/wp\/v2\/pages\/7"}],"collection":[{"href":"https:\/\/dgmaxinteractive.com\/fr\/wp-json\/wp\/v2\/pages"}],"about":[{"href":"https:\/\/dgmaxinteractive.com\/fr\/wp-json\/wp\/v2\/types\/page"}],"author":[{"embeddable":true,"href":"https:\/\/dgmaxinteractive.com\/fr\/wp-json\/wp\/v2\/users\/1"}],"replies":[{"embeddable":true,"href":"https:\/\/dgmaxinteractive.com\/fr\/wp-json\/wp\/v2\/comments?post=7"}],"version-history":[{"count":20,"href":"https:\/\/dgmaxinteractive.com\/fr\/wp-json\/wp\/v2\/pages\/7\/revisions"}],"predecessor-version":[{"id":512,"href":"https:\/\/dgmaxinteractive.com\/fr\/wp-json\/wp\/v2\/pages\/7\/revisions\/512"}],"wp:attachment":[{"href":"https:\/\/dgmaxinteractive.com\/fr\/wp-json\/wp\/v2\/media?parent=7"}],"curies":[{"name":"wp","href":"https:\/\/api.w.org\/{rel}","templated":true}]}}