{"id":476,"date":"2019-08-08T17:10:16","date_gmt":"2019-08-08T17:10:16","guid":{"rendered":"https:\/\/dgmaxinteractive.com\/dgmaxinteractive-3\/?page_id=476"},"modified":"2019-09-04T22:45:29","modified_gmt":"2019-09-04T22:45:29","slug":"gdpr-policy","status":"publish","type":"page","link":"https:\/\/dgmaxinteractive.com\/fr\/gdpr-policy.html","title":{"rendered":"Politique GDPR"},"content":{"rendered":"<h2> Politique GDPR<\/h2>\n<p>Chez DGMAX Interactive, accessible depuis dgmaxinteractive.com, l&#8217;une de nos principales priorit\u00e9s est la confidentialit\u00e9 des donn\u00e9es de nos visiteurs. Ce document de politique de GDPR contient des types d&#8217;informations qui sont collect\u00e9es par DGMAX Interactive et comment nous les utilisons.<\/p>\n<p>Si vous avez des questions suppl\u00e9mentaires ou souhaitez obtenir plus d&#8217;informations sur notre politique GDPR, n&#8217;h\u00e9sitez pas \u00e0 nous contacter par courriel \u00e0 contact@dgmaxinteractive.com<\/p>\n<h2>R\u00c8GLEMENT G\u00c9N\u00c9RAL SUR LA PROTECTION DES DONN\u00c9ES (RGPD ou GDPR)<\/h2>\n<p>Nous sommes un Contr\u00f4leur de Donn\u00e9es de vos informations.<br \/>\nLa base juridique de DGMAX Interactive pour la collecte et l&#8217;utilisation des informations personnelles d\u00e9crites dans la pr\u00e9sente politique de confidentialit\u00e9 d\u00e9pend des informations personnelles que nous recueillons et du contexte sp\u00e9cifique dans lequel nous recueillons ces renseignements :<\/p>\n<ul>\n<li> DGMAX Interactive doit signer un contrat avec vous<\/li>\n<li> Vous avez donn\u00e9 la permission \u00e0 DGMAX Interactive de le faire.<\/li>\n<li> Le traitement de vos informations personnels se fait dans le cadre des int\u00e9r\u00eats l\u00e9gitimes de DGMAX Interactive.<\/li>\n<li>DGMAX Interactive doit se conformer \u00e0 la loi<\/li>\n<\/ul>\n<p>Ce site Web (dgmaxinteractive.com) ne conserve pas vos informations personnelles et ne stocke aucune de vos informations sur nos serveurs ou bases de donn\u00e9es. Dans le cas o\u00f9 vous soumettez vos donn\u00e9es via notre formulaire de contact, nous recevons un e-mail avec vos informations, mais nous ne les utiliserons que pour la dur\u00e9e n\u00e9cessaire aux fins \u00e9nonc\u00e9es dans cette politique de confidentialit\u00e9. Nous conserverons et utiliserons vos renseignements dans la mesure n\u00e9cessaire pour nous conformer \u00e0 nos obligations l\u00e9gales, r\u00e9soudre les diff\u00e9rends et appliquer nos politiques.<\/p>\n<p>Dans le cas o\u00f9 vous soumettez vos donn\u00e9es via le formulaire d&#8217;inscription de l&#8217;\u00e9diteur, nous transmettons ces donn\u00e9es \u00e0 notre fournisseur de suivi TUNE. Vous pouvez consulter la documentation sp\u00e9cifique du GDPR ici :<\/p>\n<ul>\n<li> <a href=\"https:\/\/www.tune.com\/gdpr\/\"> GDPR et TUNE <\/a><\/li>\n<li> <a href=\"https:\/\/mkt.tune.com\/gdpr-addendum.html\"> ACCORDS RELATIFS AU TRAITEMENT DES DONN\u00c9ES DE TUNE <\/a><\/li>\n<li> <a href=\"https:\/\/www.tune.com\/gdpr\/\"> Donn\u00e9es et pratiques de confidentialit\u00e9 de Tune <\/a><\/li>\n<\/ul>\n<p>Si vous \u00eates r\u00e9sident de l&#8217;Espace \u00c9conomique Europ\u00e9en (EEE), vous disposez de certains droits en mati\u00e8re de protection des donn\u00e9es. Si vous souhaitez \u00eatre inform\u00e9 des Informations Personnelles que nous d\u00e9tenons \u00e0 votre sujet et si vous souhaitez qu&#8217;elles soient supprim\u00e9es des syst\u00e8mes de TUNE, veuillez les contacter directement.<\/p>\n<h2>FICHIERS LOG<\/h2>\n<p>TUNE suit une proc\u00e9dure standard d&#8217;utilisation des fichiers log. Ces fichiers enregistrent les visiteurs lorsqu&#8217;ils visitent des sites Web. Toutes les soci\u00e9t\u00e9s d&#8217;h\u00e9bergement le font et font partie des analyses des services d&#8217;h\u00e9bergement. Les informations recueillies par les fichiers journaux comprennent les adresses IP (protocole Internet), le type de navigateur, le fournisseur d&#8217;acc\u00e8s Internet (FAI), la date et l&#8217;heure, les pages de renvoi et de sortie, et \u00e9ventuellement le nombre de clics. Ceux-ci ne sont pas li\u00e9s \u00e0 des informations personnellement identifiables. Le but de l&#8217;information est d&#8217;analyser les tendances, d&#8217;administrer le site, de suivre les d\u00e9placements des utilisateurs sur le site Web et de recueillir des donn\u00e9es d\u00e9mographiques.<\/p>\n<h2>COOKIES ET BALISES WEB<\/h2>\n<p>Comme tout autre site web, DGMAX Interactive utilise des &#8220;cookies&#8221;. Ces cookies sont utilis\u00e9s pour stocker des informations, y compris les pr\u00e9f\u00e9rences des visiteurs et les pages du site Web qu&#8217;ils ont consult\u00e9es ou visit\u00e9es. L&#8217;information est utilis\u00e9e pour optimiser l&#8217;exp\u00e9rience des utilisateurs en personnalisant le contenu de nos pages Web en fonction du type de navigateur des visiteurs et\/ou d&#8217;autres informations.<\/p>\n<h2>POLITIQUES DE CONFIDENTIALIT\u00c9 DES TIERS<\/h2>\n<p>Vous pouvez consulter cette liste pour trouver la politique de confidentialit\u00e9 de chacun des partenaires publicitaires de DGMAX Interactive.<br \/>\nLes serveurs ou r\u00e9seaux publicitaires tiers utilisent des technologies telles que les cookies, JavaScript ou Web Beacons qui sont utilis\u00e9s dans leurs publicit\u00e9s respectives et les liens qui apparaissent sur DGMAX Interactive, qui sont envoy\u00e9s directement au navigateur des utilisateurs. Ils re\u00e7oivent automatiquement votre adresse IP lorsque cela se produit. Ces technologies sont utilis\u00e9es pour mesurer l&#8217;efficacit\u00e9 de leurs campagnes publicitaires et\/ou pour personnaliser le contenu publicitaire que vous voyez sur les sites Web que vous visitez.<\/p>\n<p>Notez que DGMAX Interactive n&#8217;a aucun acc\u00e8s ou contr\u00f4le sur ces cookies qui sont utilis\u00e9s par des annonceurs tiers ou des syst\u00e8mes de suivi.<\/p>\n<h2>POLITIQUES DE CONFIDENTIALIT\u00c9 DES TIERS<\/h2>\n<p>La politique de confidentialit\u00e9 de DGMAX Interactive ne s&#8217;applique pas aux autres annonceurs ou sites Web. Par cons\u00e9quent, nous vous conseillons de consulter les politiques de confidentialit\u00e9 respectives de ces serveurs publicitaires tiers pour des informations plus d\u00e9taill\u00e9es. Cela peut inclure leurs pratiques et leurs instructions sur la fa\u00e7on de se retirer de certaines options. Vous trouverez une liste compl\u00e8te de ces politiques de confidentialit\u00e9 et de leurs liens ici : Liens de politique de confidentialit\u00e9.<\/p>\n<p>Vous pouvez choisir de d\u00e9sactiver les cookies gr\u00e2ce aux options de votre navigateur. Pour obtenir des informations plus d\u00e9taill\u00e9es sur la gestion des cookies avec des navigateurs sp\u00e9cifiques, vous pouvez les trouver sur les sites Internet respectifs des navigateurs.<\/p>\n<h2>INFORMATIONS SUR LES ENFANTS<\/h2>\n<p>Une autre partie de notre priorit\u00e9 est d&#8217;ajouter la protection des enfants lors de l&#8217;utilisation d&#8217;Internet. Nous encourageons les parents et les tuteurs \u00e0 observer, participer et\/ou surveiller et guider leurs activit\u00e9s en ligne.<\/p>\n<p>DGMAX Interactive ne recueille pas sciemment de renseignements personnels identifiables aupr\u00e8s d&#8217;enfants de moins de 13 ans. Si vous croyez que votre enfant a fourni ce genre de renseignements sur notre site Web, nous vous encourageons fortement \u00e0 communiquer avec nous imm\u00e9diatement et nous ferons de notre mieux pour retirer rapidement ces renseignements de nos dossiers.<\/p>\n<h2>POLITIQUE DE CONFIDENTIALIT\u00c9 EN LIGNE UNIQUEMENT<\/h2>\n<p>Notre politique de confidentialit\u00e9 s&#8217;applique uniquement \u00e0 nos activit\u00e9s en ligne et est valable pour les visiteurs de notre site Web en ce qui concerne les informations qu&#8217;ils ont partag\u00e9es et\/ou collect\u00e9es dans DGMAX Interactive. Cette politique ne s&#8217;applique pas aux renseignements recueillis hors ligne ou par d&#8217;autres moyens que ce site Web.<\/p>\n<h2>CONSENTEMENT<\/h2>\n<p>En utilisant notre site Web, vous consentez par les pr\u00e9sentes \u00e0 notre politique de confidentialit\u00e9 et en acceptez les modalit\u00e9s.<\/p>\n","protected":false},"excerpt":{"rendered":"<p>Politique GDPR Chez DGMAX Interactive, accessible depuis dgmaxinteractive.com, l&#8217;une de nos principales priorit\u00e9s est la confidentialit\u00e9 des donn\u00e9es de nos&#8230;<\/p>\n","protected":false},"author":1,"featured_media":0,"parent":0,"menu_order":0,"comment_status":"closed","ping_status":"closed","template":"","meta":{"footnotes":""},"class_list":["post-476","page","type-page","status-publish","hentry"],"_links":{"self":[{"href":"https:\/\/dgmaxinteractive.com\/fr\/wp-json\/wp\/v2\/pages\/476"}],"collection":[{"href":"https:\/\/dgmaxinteractive.com\/fr\/wp-json\/wp\/v2\/pages"}],"about":[{"href":"https:\/\/dgmaxinteractive.com\/fr\/wp-json\/wp\/v2\/types\/page"}],"author":[{"embeddable":true,"href":"https:\/\/dgmaxinteractive.com\/fr\/wp-json\/wp\/v2\/users\/1"}],"replies":[{"embeddable":true,"href":"https:\/\/dgmaxinteractive.com\/fr\/wp-json\/wp\/v2\/comments?post=476"}],"version-history":[{"count":5,"href":"https:\/\/dgmaxinteractive.com\/fr\/wp-json\/wp\/v2\/pages\/476\/revisions"}],"predecessor-version":[{"id":525,"href":"https:\/\/dgmaxinteractive.com\/fr\/wp-json\/wp\/v2\/pages\/476\/revisions\/525"}],"wp:attachment":[{"href":"https:\/\/dgmaxinteractive.com\/fr\/wp-json\/wp\/v2\/media?parent=476"}],"curies":[{"name":"wp","href":"https:\/\/api.w.org\/{rel}","templated":true}]}}