{"id":4,"date":"2016-01-03T21:23:27","date_gmt":"2016-01-03T21:23:27","guid":{"rendered":"http:\/\/dgmaxinteractive.com\/dgmaxinteractive-3\/?page_id=4"},"modified":"2019-09-04T22:40:51","modified_gmt":"2019-09-04T22:40:51","slug":"advertisers","status":"publish","type":"page","link":"https:\/\/dgmaxinteractive.com\/fr\/advertisers.html","title":{"rendered":"Annonceurs"},"content":{"rendered":"<div class=\"one_half\">\n<div class=\"image wrap-box no-style below\" style=\"\">\n<div class=\"wrap-box-inner\"><img decoding=\"async\" class=\"wrap-box-element\" style=\" \" src=\"http:\/\/dgmaxinteractive.com\/wp-content\/uploads\/sites\/10\/2016\/01\/advertisers.jpg\" alt=\"\"\/><\/div>\n<\/div><\/div>\n<div class=\"one_half last\">\n<h3>PAYEZ \u00c0 LA PERFORMANCE<\/h3>\n<p>Maximisez votre ROI en utilisant notre r\u00e9seau offrant un traffic de qualit\u00e9 \u00e0 la performance pour promouvoir vos produits et services. Le marketing bas\u00e9 sur le Co\u00fbt Par Action (CPA) permet de d\u00e9terminer un co\u00fbt fixe par vente ou par prospect acquis. Le risque est minimal avec le Marketing \u00e0 la Performance , car vous ne paierez pas que lorsqu&#8217;une action (achat ou inscription) est effectu\u00e9e !<\/p>\n<p>Nous travaillons sur la base des mod\u00e8les de commission les plus populaires: CPL (Prospect), CPC (Clic), CPI (Installation) ou CPS (Vente), dans diff\u00e9rentes th\u00e9matiques et canaux, et dans plusieurs zones g\u00e9ographiques (Europe, Am\u00e9rique du Nord, Am\u00e9rique latine, Asie).<\/p>\n<\/div>\n<div class=\"clear\"><\/div>\n<div class=\"divider linebreak\">&nbsp;<\/div>\n<h2 style=\"text-align: center;\"> PROFITEZ DES RAPPORTS ET ANALYSES EN TEMPS R\u00c9EL:<\/h2>\n<div class=\"divider linebreak\">&nbsp;<\/div>\n<div class=\"one_half\">\n<h3> STATISTIQUES DE CAMPAGNE<\/h3>\n<div class=\"diagram-item\">\n<div class=\"diagram-wrapper\">\n<div class=\"lazy-loading lazy-loading-not-hide\" data-ll-item-delay=\"0\">\n<div class=\"digram-line-box lazy-loading-item\" data-ll-effect=\"action\" data-ll-action-func=\"codeus_start_line_digram\">\n<div class=\"skill-element\">\n<div class=\"skill-header clearfix\">\n<div class=\"skill-title\">Taux de clics<\/div>\n<div class=\"skill-amount\">42<\/div>\n<\/div>\n<div class=\"skill-line\">\n<div data-amount=\"42\" style=\"width: 0; background: #566270;\"><\/div>\n<\/div>\n<\/div>\n<div class=\"skill-element\">\n<div class=\"skill-header clearfix\">\n<div class=\"skill-title\">Taux d&#8217;ouverture<\/div>\n<div class=\"skill-amount\">12<\/div>\n<\/div>\n<div class=\"skill-line\">\n<div data-amount=\"12\" style=\"width: 0; background: #50CDC5;\"><\/div>\n<\/div>\n<\/div>\n<div class=\"skill-element\">\n<div class=\"skill-header clearfix\">\n<div class=\"skill-title\">Taux de conversion<\/div>\n<div class=\"skill-amount\">38<\/div>\n<\/div>\n<div class=\"skill-line\">\n<div data-amount=\"38\" style=\"width: 0; background: #C7F465;\"><\/div>\n<\/div>\n<\/div>\n<div class=\"skill-element\">\n<div class=\"skill-header clearfix\">\n<div class=\"skill-title\">Taux de d\u00e9livrabilit\u00e9<\/div>\n<div class=\"skill-amount\">92<\/div>\n<\/div>\n<div class=\"skill-line\">\n<div data-amount=\"92\" style=\"width: 0; background: #FF6B6B;\"><\/div>\n<\/div>\n<\/div>\n<div class=\"skill-element\">\n<div class=\"skill-header clearfix\">\n<div class=\"skill-title\">Engagement des utilisateurs<\/div>\n<div class=\"skill-amount\">81<\/div>\n<\/div>\n<div class=\"skill-line\">\n<div data-amount=\"81\" style=\"width: 0; background: #C7F0F6;\"><\/div>\n<\/div>\n<\/div>\n<\/div>\n<\/div>\n<\/div>\n<\/div>\n<\/div>\n<div class=\"one_half last\">\n<h3> GESTION ET MONITORING DU BUDGET<\/h3>\n<div class=\"diagram-item\">\n<div class=\"diagram-wrapper\">\n<div class=\"lazy-loading lazy-loading-not-hide\" data-ll-item-delay=\"0\">\n<div class=\"digram-line-box lazy-loading-item\" data-ll-effect=\"action\" data-ll-action-func=\"codeus_start_line_digram\">\n<div class=\"skill-element\">\n<div class=\"skill-header clearfix\">\n<div class=\"skill-title\">Email Marketing<\/div>\n<div class=\"skill-amount\">30<\/div>\n<\/div>\n<div class=\"skill-line\">\n<div data-amount=\"30\" style=\"width: 0; background: #ff8b00;\"><\/div>\n<\/div>\n<\/div>\n<div class=\"skill-element\">\n<div class=\"skill-header clearfix\">\n<div class=\"skill-title\">Display<\/div>\n<div class=\"skill-amount\">20<\/div>\n<\/div>\n<div class=\"skill-line\">\n<div data-amount=\"20\" style=\"width: 0; background: #00dc15;\"><\/div>\n<\/div>\n<\/div>\n<div class=\"skill-element\">\n<div class=\"skill-header clearfix\">\n<div class=\"skill-title\">Contextuel<\/div>\n<div class=\"skill-amount\">15<\/div>\n<\/div>\n<div class=\"skill-line\">\n<div data-amount=\"15\" style=\"width: 0; background: #3e525b;\"><\/div>\n<\/div>\n<\/div>\n<div class=\"skill-element\">\n<div class=\"skill-header clearfix\">\n<div class=\"skill-title\">Installations d\u2019Applications<\/div>\n<div class=\"skill-amount\">25<\/div>\n<\/div>\n<div class=\"skill-line\">\n<div data-amount=\"25\" style=\"width: 0; background: #d46cd3;\"><\/div>\n<\/div>\n<\/div>\n<div class=\"skill-element\">\n<div class=\"skill-header clearfix\">\n<div class=\"skill-title\">M\u00e9dias Sociaux<\/div>\n<div class=\"skill-amount\">10<\/div>\n<\/div>\n<div class=\"skill-line\">\n<div data-amount=\"10\" style=\"width: 0; background: #415e9b;\"><\/div>\n<\/div>\n<\/div>\n<\/div>\n<\/div>\n<\/div>\n<\/div>\n<\/div>\n<div class=\"clear\"><\/div>\n<div class=\"divider\"><\/div>\n<div class=\"one_half\">\n<div>\n<h5 class=\"iconed-title\" ><span class=\"icon active\">&#xe65a;<\/span>STRAT\u00c9GIES DE MARKETING \u00c0 LA PERFORMANCE.<\/h5>\n<\/div>\n<div class=\"divider\"><\/div>\n<\/div>\n<div class=\"one_half last\">\n<div>\n<h5 class=\"iconed-title\" ><span class=\"icon\">&#xe66a;<\/span>CONTR\u00d4LE SUR VOS CO\u00dbTS D&#8217;ACQUISITION..<\/h5>\n<\/div>\n<div class=\"divider\"><\/div>\n<\/div>\n<div class=\"clear\"><\/div>\n<div class=\"one_half\">\n<div>\n<h5 class=\"iconed-title\" ><span class=\"icon\">&#xe633;<\/span>SOUTIEN D\u00c9DI\u00c9 AUX ANNONCEURS<\/h5>\n<\/div>\n<div class=\"divider\"><\/div>\n<\/div>\n<div class=\"one_half last\">\n<div>\n<h5 class=\"iconed-title\" ><span class=\"icon active\">&#xe677;<\/span>Control on your Acquisition Costs.<\/h5>\n<\/div>\n<div class=\"divider\"><\/div>\n<\/div>\n<div class=\"clear\"><\/div>\n<div class=\"one_half\">\n<div>\n<h5 class=\"iconed-title\" ><span class=\"icon active\">&#xe607;<\/span>AFFILI\u00c9S DE QUALIT\u00c9<\/h5>\n<\/div>\n<\/div>\n<div class=\"one_half last\">\n<div>\n<h5 class=\"iconed-title\" ><span class=\"icon\">&#xe65b;<\/span>CONTR\u00d4LE SUR VOS CO\u00dbTS D&#8217;ACQUISITION.<\/h5>\n<\/div>\n<\/div>\n<div class=\"clear\"><\/div>\n<div class=\"divider\"><\/div>\n<div class=\"alert-box iconed\">\n<div class=\"clearfix\">\n<div class=\"alert-icon\" style=\"border-color: #FFFFFF; background-color: #FFFFFF; color: #DA5F71;\">&#xe6ac;<\/div>\n<div class=\"text\">\n<h2>CONTACTEZ-NOUS D\u00c8S AUJOURD&#8217;HUI!<\/h2>\n<div> N&#8217;h\u00e9sitez pas \u00e0 nous contacter pour plus d&#8217;informations afin que nous puissions discuter des possibilit\u00e9s de maximiser vos revenus avec notre marketing \u00e0 la performance.<\/div>\n<\/div>\n<div class=\"alert-button\"><a class=\"button\" href=\"http:\/\/dgmaxinteractive.com\/fr\/contact.html\" style=\"background-color: #DA5F71;\">Contactez-nous!<\/a><\/div>\n<\/div>\n<\/div>\n","protected":false},"excerpt":{"rendered":"<p>PROFITEZ DES RAPPORTS ET ANALYSES EN TEMPS R\u00c9EL:<\/p>\n","protected":false},"author":1,"featured_media":0,"parent":0,"menu_order":0,"comment_status":"closed","ping_status":"closed","template":"","meta":{"footnotes":""},"class_list":["post-4","page","type-page","status-publish","hentry"],"_links":{"self":[{"href":"https:\/\/dgmaxinteractive.com\/fr\/wp-json\/wp\/v2\/pages\/4"}],"collection":[{"href":"https:\/\/dgmaxinteractive.com\/fr\/wp-json\/wp\/v2\/pages"}],"about":[{"href":"https:\/\/dgmaxinteractive.com\/fr\/wp-json\/wp\/v2\/types\/page"}],"author":[{"embeddable":true,"href":"https:\/\/dgmaxinteractive.com\/fr\/wp-json\/wp\/v2\/users\/1"}],"replies":[{"embeddable":true,"href":"https:\/\/dgmaxinteractive.com\/fr\/wp-json\/wp\/v2\/comments?post=4"}],"version-history":[{"count":18,"href":"https:\/\/dgmaxinteractive.com\/fr\/wp-json\/wp\/v2\/pages\/4\/revisions"}],"predecessor-version":[{"id":514,"href":"https:\/\/dgmaxinteractive.com\/fr\/wp-json\/wp\/v2\/pages\/4\/revisions\/514"}],"wp:attachment":[{"href":"https:\/\/dgmaxinteractive.com\/fr\/wp-json\/wp\/v2\/media?parent=4"}],"curies":[{"name":"wp","href":"https:\/\/api.w.org\/{rel}","templated":true}]}}