{"id":39,"date":"2016-01-03T14:47:58","date_gmt":"2016-01-03T14:47:58","guid":{"rendered":"http:\/\/dgmaxinteractive.com\/dgmaxinteractive-3\/?page_id=39"},"modified":"2019-09-04T22:43:23","modified_gmt":"2019-09-04T22:43:23","slug":"privacy","status":"publish","type":"page","link":"https:\/\/dgmaxinteractive.com\/fr\/privacy.html","title":{"rendered":"Confidentialit\u00e9"},"content":{"rendered":"<header class=\"entry-header\">\n<h1 class=\"entry-title\"> Politique de confidentialit\u00e9<\/h1>\n<\/header>\n<div class=\"entry-content\">\n<p>Votre vie priv\u00e9e est importante pour DGMAX Interactive et nous nous engageons \u00e0 prot\u00e9ger la vie priv\u00e9e de nos membres. Cette d\u00e9claration d\u00e9crit les pratiques en mati\u00e8re d&#8217;information, notamment les informations collect\u00e9es et leur utilisation.<\/p>\n<p><strong>Renseignements personnels identifiables<\/strong><br \/>\nDGMAX Interactive ne partage, ne divulgue et ne vend aucune information personnelle identifiable concernant ses clients ou \u00e9diteurs. DGMAX Interactive ne recueillera aucun renseignement personnel sur les personnes, sauf si ces personnes le fournissent express\u00e9ment et sciemment. Exemples de telles informations : nom, adresse postale, soci\u00e9t\u00e9, adresse e-mail, num\u00e9ro de t\u00e9l\u00e9phone, num\u00e9ro de fax, identifiants et mot de passe. Les identifiants et les mots de passe peuvent \u00eatre utilis\u00e9s pour vous donner acc\u00e8s \u00e0 certaines sections de notre site Web<\/p>\n<p><strong>Comment nous recueillons l&#8217;information<\/strong><br \/>\nDGMAX Interactive recueille des renseignements aupr\u00e8s de ses utilisateurs lorsque ceux-ci communiquent avec nous au moyen de formulaires de contact ou demandent \u00e0 participer \u00e0 ses programmes de marketing \u00e0 la performance.<\/p>\n<p>DGMAX Interactive peut \u00e9galement utiliser des &#8221; cookies &#8221; (un cookie est une petite quantit\u00e9 de donn\u00e9es, qui comprend souvent un identificateur unique anonyme qui est envoy\u00e9 \u00e0 votre navigateur \u00e0 partir des ordinateurs d&#8217;un site Web et stock\u00e9e sur le disque dur de votre ordinateur) et une technologie semblable pour obtenir des renseignements sur vos visites \u00e0 nos sites ou vos r\u00e9ponses \u00e0 un courriel de notre part \u2013 \u00e0 la fois individuellement et sous forme de donn\u00e9es globales qui ne permettent pas de vous identifier. Ces outils de rapport nous indiquent les parties de nos sites Web ou de nos courriels pour lesquelles vous avez manifest\u00e9 un int\u00e9r\u00eat ou pris des mesures, et nous aident \u00e0 am\u00e9liorer la qualit\u00e9 et l&#8217;utilit\u00e9 de nos sites.<\/p>\n<p><strong> Comment nous utilisons l&#8217;information <\/strong><br \/>\nDGMAX Interactive ne vend et n&#8217;ach\u00e8te pas d&#8217;informations d&#8217;utilisateur Web personnellement identifiables. Tous les renseignements personnels recueillis par DGMAX Interactive sont destin\u00e9s \u00e0 un usage interne uniquement. Cela inclut des informations telles que le nom, l&#8217;adresse, l&#8217;e-mail, etc. de la personne \u00e0 contacter. DGMAX Interactive utilise les renseignements personnels identifiables que nous recueillons en ligne principalement pour vous fournir les services que vous avez demand\u00e9s et pour vous informer d&#8217;autres offres qui pourraient vous int\u00e9resser. Les informations de l&#8217;\u00e9diteur am\u00e9ricain, telles que le num\u00e9ro d&#8217;identification fiscale, peuvent \u00eatre utilis\u00e9es pour que le total des commissions per\u00e7ues puisse \u00eatre communiqu\u00e9 aux autorit\u00e9s fiscales comp\u00e9tentes. Des informations non personnellement identifiables telles que les URL visit\u00e9es, les adresses IP, les cookies affich\u00e9s, la date et l&#8217;heure de la visite, etc. sont collect\u00e9es aupr\u00e8s des utilisateurs Web pour aider au bon fonctionnement de notre service ainsi qu&#8217;au ciblage des publicit\u00e9s de nos clients et \u00e0 la communication des donn\u00e9es combin\u00e9es aux annonceurs et aux \u00e9diteurs. Les annonceurs peuvent implorer les fournisseurs de services tiers qui recueillent des renseignements anonymes sur les visites des utilisateurs, DGMAX Interactive ne peut \u00eatre tenue responsable des actions des tiers ou de leurs pratiques en mati\u00e8re de protection des renseignements personnels, car nous n&#8217;avons aucun contr\u00f4le sur les renseignements recueillis. DGMAX Interactive fait appel \u00e0 des fournisseurs pour ex\u00e9cuter certaines fonctions de marketing et de prestation de services, et partage ainsi des donn\u00e9es en ligne avec ces fournisseurs dans la mesure n\u00e9cessaire \u00e0 l&#8217;ex\u00e9cution de leur travail. Ces partenaires et fournisseurs doivent utiliser ces renseignements personnellement identifiables uniquement aux fins pour lesquelles ils ont \u00e9t\u00e9 partag\u00e9s et les prot\u00e9ger contre toute utilisation ult\u00e9rieure.<\/p>\n<p><strong>Protection de la vie priv\u00e9e des enfants<\/strong><br \/>\nDGMAX Interactive est extr\u00eamement sensible \u00e0 la question de la vie priv\u00e9e des enfants et s&#8217;efforce de prot\u00e9ger la vie priv\u00e9e des enfants qui utilisent Internet. Le Site, les produits et les services ne sont pas con\u00e7us pour les enfants ou ne s&#8217;adressent pas \u00e0 eux. Les enfants (\u00e2g\u00e9s de moins de 18 ans) ne sont pas \u00e9ligibles \u00e0 faire affaire avec nous. Nous ne recueillons pas de renseignements personnels aupr\u00e8s d&#8217;une personne dont nous savons qu&#8217;elle est \u00e2g\u00e9e de moins de 13 ans. Si nous apprenons qu&#8217;un certain utilisateur qui s&#8217;est inscrit chez nous n&#8217;a pas l&#8217;\u00e2ge minimum requis, nous le supprimerons imm\u00e9diatement.<\/p>\n<p><strong>Liens externes<\/strong><br \/>\nLes sites Web de DGMAX interactive peuvent contenir des liens vers d&#8217;autres sites Web. DGMAX Interactive n&#8217;est pas responsable des pratiques de confidentialit\u00e9 ou du contenu de ces autres sites Web.<\/p>\n<p><strong>S\u00e9curit\u00e9 <\/strong><br \/>\nNous utilisons le cryptage, les pare-feu et d&#8217;autres technologies et proc\u00e9dures de s\u00e9curit\u00e9 pour prot\u00e9ger l&#8217;exactitude et la s\u00e9curit\u00e9 de vos informations personnelles et emp\u00eacher l&#8217;acc\u00e8s non autoris\u00e9 ou l&#8217;utilisation abusive.<\/p>\n<p><strong> Modifications \u00e0 la politique de confidentialit\u00e9 <\/strong><br \/>\nNous vous recommandons de revoir p\u00e9riodiquement cette politique de confidentialit\u00e9, car elle peut \u00eatre mise \u00e0 jour de temps \u00e0 autre. En cas de changement, tous les changements seront affich\u00e9s sur cette page.<\/p>\n<p><strong> Nous contacter <\/strong><br \/>\nSi vous avez des questions au sujet de cette d\u00e9claration de confidentialit\u00e9, des pratiques de ce site ou de vos relations avec ce site Web, veuillez nous contacter.<\/p>\n<\/div>\n","protected":false},"excerpt":{"rendered":"<p>Politique de confidentialit\u00e9 Votre vie priv\u00e9e est importante pour DGMAX Interactive et nous nous engageons \u00e0 prot\u00e9ger la vie priv\u00e9e&#8230;<\/p>\n","protected":false},"author":1,"featured_media":0,"parent":0,"menu_order":0,"comment_status":"closed","ping_status":"closed","template":"","meta":{"footnotes":""},"class_list":["post-39","page","type-page","status-publish","hentry"],"_links":{"self":[{"href":"https:\/\/dgmaxinteractive.com\/fr\/wp-json\/wp\/v2\/pages\/39"}],"collection":[{"href":"https:\/\/dgmaxinteractive.com\/fr\/wp-json\/wp\/v2\/pages"}],"about":[{"href":"https:\/\/dgmaxinteractive.com\/fr\/wp-json\/wp\/v2\/types\/page"}],"author":[{"embeddable":true,"href":"https:\/\/dgmaxinteractive.com\/fr\/wp-json\/wp\/v2\/users\/1"}],"replies":[{"embeddable":true,"href":"https:\/\/dgmaxinteractive.com\/fr\/wp-json\/wp\/v2\/comments?post=39"}],"version-history":[{"count":8,"href":"https:\/\/dgmaxinteractive.com\/fr\/wp-json\/wp\/v2\/pages\/39\/revisions"}],"predecessor-version":[{"id":521,"href":"https:\/\/dgmaxinteractive.com\/fr\/wp-json\/wp\/v2\/pages\/39\/revisions\/521"}],"wp:attachment":[{"href":"https:\/\/dgmaxinteractive.com\/fr\/wp-json\/wp\/v2\/media?parent=39"}],"curies":[{"name":"wp","href":"https:\/\/api.w.org\/{rel}","templated":true}]}}