{"id":303,"date":"2016-03-18T21:55:22","date_gmt":"2016-03-18T21:55:22","guid":{"rendered":"http:\/\/dgmaxinteractive.com\/dgmaxinteractive-3\/?page_id=303"},"modified":"2019-09-04T22:45:09","modified_gmt":"2019-09-04T22:45:09","slug":"argentina-affiliate-marketing","status":"publish","type":"page","link":"https:\/\/dgmaxinteractive.com\/fr\/argentina-affiliate-marketing.html","title":{"rendered":"Marketing d\u2019affiliation en Argentine"},"content":{"rendered":"<div class=\"one_half\">\n<div class=\"image wrap-box no-style below\" style=\"\">\n<div class=\"wrap-box-inner\"><img decoding=\"async\" class=\"wrap-box-element\" style=\" \" src=\"http:\/\/dgmaxinteractive.com\/wp-content\/uploads\/sites\/10\/2016\/07\/mock_argentina4.jpg\" alt=\"\"\/><\/div>\n<\/div>\n<\/div>\n<div class=\"one_half last\">\n<h2> Marketing d\u2019affiliation en Argentine<\/h2>\n<p>DGMAX Interactive propose des campagnes de marketing pour les affili\u00e9s en Argentine, aux c\u00f4t\u00e9s d&#8217;autres pays d&#8217;Am\u00e9rique latine, sur votre site web ou votre application mobile. Nous aidons nos \u00e9diteurs \u00e0 mon\u00e9tiser leur trafic en Argentine avec nos vastes programmes d&#8217;affiliation en Argentine. Nous travaillons avec des soci\u00e9t\u00e9s de commerce en ligne et des annonceurs leaders en Am\u00e9rique latine et au Br\u00e9sil.<\/p>\n<p>DGMAX Interactive propose des campagnes de performances en termes de co\u00fbt par lead (CPL), de co\u00fbt par vente (CPV) et de co\u00fbt par installation (CPI) pour le trafic en Argentine. Nous soutenons tous nos avec des pratiques \u00e9prouv\u00e9es de marketing \u00e0 la performance, tout en maintenant les normes \u00e9thiques les plus strictes du marketing en ligne.<\/p>\n<p>Vous pouvez demander un compte d&#8217;\u00e9diteur via le lien ci-dessous.<\/p>\n<p><a title=\"Libre d'adh\u00e9rer\" href=\"http:\/\/dgmaxinteractive.com\/fr\/affiliate_signup.html\">INSCRIPTION D\u2019\u00c9DITEUR DGMAX INTERACTIVE <\/a><\/p>\n<p>Si vous \u00eates un annonceur ou une agence, et souhaitez en savoir plus:<br \/>\n<a class=\"button\" href=\"http:\/\/dgmaxinteractive.com\/fr\/contact.html\" target=\"_self\" style=\"background-color: #1473ab;\">CONTACTEZ-NOUS<\/a><\/p>\n<\/div>\n<div class=\"clear\"><\/div>\n","protected":false},"excerpt":{"rendered":"","protected":false},"author":1,"featured_media":0,"parent":0,"menu_order":0,"comment_status":"closed","ping_status":"closed","template":"","meta":{"footnotes":""},"class_list":["post-303","page","type-page","status-publish","hentry"],"_links":{"self":[{"href":"https:\/\/dgmaxinteractive.com\/fr\/wp-json\/wp\/v2\/pages\/303"}],"collection":[{"href":"https:\/\/dgmaxinteractive.com\/fr\/wp-json\/wp\/v2\/pages"}],"about":[{"href":"https:\/\/dgmaxinteractive.com\/fr\/wp-json\/wp\/v2\/types\/page"}],"author":[{"embeddable":true,"href":"https:\/\/dgmaxinteractive.com\/fr\/wp-json\/wp\/v2\/users\/1"}],"replies":[{"embeddable":true,"href":"https:\/\/dgmaxinteractive.com\/fr\/wp-json\/wp\/v2\/comments?post=303"}],"version-history":[{"count":13,"href":"https:\/\/dgmaxinteractive.com\/fr\/wp-json\/wp\/v2\/pages\/303\/revisions"}],"predecessor-version":[{"id":531,"href":"https:\/\/dgmaxinteractive.com\/fr\/wp-json\/wp\/v2\/pages\/303\/revisions\/531"}],"wp:attachment":[{"href":"https:\/\/dgmaxinteractive.com\/fr\/wp-json\/wp\/v2\/media?parent=303"}],"curies":[{"name":"wp","href":"https:\/\/api.w.org\/{rel}","templated":true}]}}