{"id":294,"date":"2016-02-26T20:05:12","date_gmt":"2016-02-26T20:05:12","guid":{"rendered":"http:\/\/dgmaxinteractive.com\/dgmaxinteractive-3\/?page_id=294"},"modified":"2019-09-04T22:41:14","modified_gmt":"2019-09-04T22:41:14","slug":"ant-spam-policy","status":"publish","type":"page","link":"https:\/\/dgmaxinteractive.com\/fr\/ant-spam-policy.html","title":{"rendered":"Anti-Spam"},"content":{"rendered":"<h1 class=\"page__title title\" id=\"page-title\"> POLITIQUE ANTISPAM<\/h1>\n<article class=\"node-7 node node-page view-mode-full clearfix\" about=\"\/anti-spam-policy\" typeof=\"foaf:Document\">\n<div class=\"field field-name-body field-type-text-with-summary field-label-hidden\">\n<div class=\"field-items\">\n<div class=\"field-item even\" property=\"content:encoded\">\n<p>DGMAX Interactive (la Soci\u00e9t\u00e9) a une politique de tol\u00e9rance z\u00e9ro \u00e0 l&#8217;\u00e9gard des spams (courriels commerciaux non sollicit\u00e9s, courriels en nombre, courriels de masse, courriels ind\u00e9sirables), d\u00e9finis comme des messages \u00e9lectroniques annon\u00e7ant des biens ou des services qui sont envoy\u00e9s \u00e0 une personne sans son consentement pr\u00e9alable et en l&#8217;absence de relation ant\u00e9rieure (notamment des messages de forum, de canal IRC ou un forum de discussion sans rapport avec le th\u00e8me de discussion du groupe de discussion, canal ou du forum de discussion en question).<\/p>\n<p>Nous exigeons que tous les membres du R\u00e9seau d&#8217;\u00c9diteurs de DGMAX Interactive d\u00e9clarent et garantissent qu&#8217;ils se conformeront, en tout temps, \u00e0 toutes les lois internationales, f\u00e9d\u00e9rales, d\u2019\u00e9tats et locales en mati\u00e8re de marketing par courriel, y compris, mais sans s&#8217;y limiter, la loi am\u00e9ricaine Can-Spam, la loi Canadienne Antipourriel, la loi Australienne sur le Spam et la Directive Europ\u00e9enne Opt-in.<\/p>\n<p>Il est de votre responsabilit\u00e9 d&#8217;examiner en profondeur et d&#8217;\u00eatre au courant de toutes les exigences d\u00e9finies dans les lois se r\u00e9f\u00e9rant au marketing par courriel pour les pays auxquels vous envoyez des e-mails.<\/p>\n<p>Vous trouverez ci-dessous quelques liens vers les principales lois anti-spam.<\/p>\n<ul>\n<li> <a href=\"https:\/\/www.ftc.gov\/tips-advice\/business-center\/guidance\/can-spam-act-compliance-guide-business\" target=\"_blank\" rel=\"noopener noreferrer\">Lignes directrices Am\u00e9ricaines Can-Spam pour les entreprises <\/a><\/li>\n<li> <a href=\"http:\/\/eur-lex.europa.eu\/legal-content\/EN\/TXT\/?uri=URISERV%3Al24120\"> Lignes directrices Europ\u00e9ennes <\/a><\/li>\n<li>  <a href=\"http:\/\/fightspam.gc.ca\/eic\/site\/030.nsf\/eng\/home\"> La l\u00e9gislation antipourriel du Canada <\/a><\/li>\n<li>  <a href=\"http:\/\/www.lsoft.com\/resources\/optinlaws.asp\"> Comparaisons entre les lois de l&#8217;Union europ\u00e9enne et les lois canadiennes <\/a><\/li>\n<li>  <a href=\"http:\/\/www.acma.gov.au\/Industry\/Marketers\/Anti-Spam\/Ensuring-you-dont-spam\/key-elements-of-the-spam-act-ensuring-you-dont-spam-i-acma\">Lois antipourriel de l&#8217;Australie <\/a><\/li>\n<\/ul>\n<p>Pour votre convenance, vous trouverez ci-dessous une liste de crit\u00e8res importants (sans pr\u00e9tendre \u00e0 l&#8217;exhaustivit\u00e9) qu&#8217;un e-mail doit remplir pour ne pas \u00eatre consid\u00e9r\u00e9 comme un courrier ind\u00e9sirable;<\/p>\n<ul>\n<li>L&#8217;e-mail ne doit pas contenir ou inclure un sujet faux ou trompeur qui tente de dissimuler le contenu du courriel ; .<\/li>\n<li>The e-mail shall not contain or include a false or misleading subject line that attempts to disguise or conceal the content of the e-mail;<\/li>\n<li>L&#8217;e-mail doit contenir ou inclure une adresse e-mail de retour valide ou tout autre m\u00e9canisme Internet permettant aux destinataires de se d\u00e9sabonner ou de &#8220;se d\u00e9sinscrire&#8221; de la r\u00e9ception d&#8217;autres sollicitations par e-mail de la part de l&#8217;Editeur. Cette adresse \u00e9lectronique de retour ou tout autre m\u00e9canisme Internet demeurera valide pendant au moins trente (30) jours \u00e0 compter de la date de transmission du courriel et l&#8217;\u00e9diteur mettra en \u0153uvre toutes les demandes de d\u00e9sabonnement ou d&#8217;exclusion dans les dix (10) jours suivant la r\u00e9ception d&#8217;une telle demande ;<\/li>\n<li>Le courriel doit contenir ou inclure une adresse postale valide de l&#8217;\u00c9diteur (qui ne doit pas inclure une adresse de bo\u00eete postale) ;<\/li>\n<li>Le courriel ne sera envoy\u00e9 qu&#8217;aux personnes qui Vous ont donn\u00e9 la permission de recevoir un tel e-mail ;<\/li>\n<li>Le courriel \u00e9lectronique doit indiquer clairement et visiblement que le message est une publicit\u00e9 ou une sollicitation.<\/li>\n<\/ul>\n<p>Si un organisme charg\u00e9 de l\u2019&#8217;application des lois, un fournisseur de services Internet ou toute autre personne ou entit\u00e9 avise DGMAX Interactive que vous transmettez des pourriels, nous nous r\u00e9servons le droit d&#8217;aider les autorit\u00e9s judiciaires dans toute enqu\u00eate relative \u00e0 vos activit\u00e9s, y compris la divulgation de vos renseignements personnels et non personnellement identifiables.<\/p>\n<p>La violation de la Politique Antipourriel ou le d\u00e9faut de se conformer \u00e0 l&#8217;une ou l&#8217;autre des autres r\u00e8gles et r\u00e8glements de courriel de la Soci\u00e9t\u00e9 \u00e9nonc\u00e9s dans l&#8217;entente peut entra\u00eener la r\u00e9siliation du compte de l&#8217;\u00c9diteur, des retenues sur commissions ou une compensation des commissions gagn\u00e9es et des poursuites judiciaires \u00e0 l\u2019encontre de l&#8217;\u00e9diteur.<\/p>\n<p>Toutes les plaintes de pourriel doivent \u00eatre soumises \u00e0 : abuse[at]dgmaxinteractive.com . Dans le message, veuillez inclure une copie compl\u00e8te du message de pourriel re\u00e7u, ainsi que l&#8217;adresse URL qui faisait l&#8217;objet de la promotion. Des mesures imm\u00e9diates seront prises.<\/p>\n<\/div>\n<\/div>\n<\/div>\n<\/article>\n","protected":false},"excerpt":{"rendered":"<p>POLITIQUE ANTISPAM DGMAX Interactive (la Soci\u00e9t\u00e9) a une politique de tol\u00e9rance z\u00e9ro \u00e0 l&#8217;\u00e9gard des spams (courriels commerciaux non sollicit\u00e9s,&#8230;<\/p>\n","protected":false},"author":1,"featured_media":0,"parent":0,"menu_order":0,"comment_status":"closed","ping_status":"closed","template":"","meta":{"footnotes":""},"class_list":["post-294","page","type-page","status-publish","hentry"],"_links":{"self":[{"href":"https:\/\/dgmaxinteractive.com\/fr\/wp-json\/wp\/v2\/pages\/294"}],"collection":[{"href":"https:\/\/dgmaxinteractive.com\/fr\/wp-json\/wp\/v2\/pages"}],"about":[{"href":"https:\/\/dgmaxinteractive.com\/fr\/wp-json\/wp\/v2\/types\/page"}],"author":[{"embeddable":true,"href":"https:\/\/dgmaxinteractive.com\/fr\/wp-json\/wp\/v2\/users\/1"}],"replies":[{"embeddable":true,"href":"https:\/\/dgmaxinteractive.com\/fr\/wp-json\/wp\/v2\/comments?post=294"}],"version-history":[{"count":4,"href":"https:\/\/dgmaxinteractive.com\/fr\/wp-json\/wp\/v2\/pages\/294\/revisions"}],"predecessor-version":[{"id":523,"href":"https:\/\/dgmaxinteractive.com\/fr\/wp-json\/wp\/v2\/pages\/294\/revisions\/523"}],"wp:attachment":[{"href":"https:\/\/dgmaxinteractive.com\/fr\/wp-json\/wp\/v2\/media?parent=294"}],"curies":[{"name":"wp","href":"https:\/\/api.w.org\/{rel}","templated":true}]}}