{"id":23,"date":"2016-01-03T16:04:55","date_gmt":"2016-01-03T16:04:55","guid":{"rendered":"http:\/\/dgmaxinteractive.com\/dgmaxinteractive-3\/?page_id=23"},"modified":"2025-02-11T20:26:54","modified_gmt":"2025-02-11T20:26:54","slug":"home","status":"publish","type":"page","link":"https:\/\/dgmaxinteractive.com\/fr\/","title":{"rendered":"Home"},"content":{"rendered":"<figure class=\"wp-block-image\" style=\"padding:0\"><img decoding=\"async\" src=\"https:\/\/dgmaxinteractive.com\/wp-content\/uploads\/2025\/02\/banner_dgmax_fr.png\" alt=\"\" \/><\/figure>\n<div class=\"divider linebreak\">&nbsp;<\/div>\n<p><span class=\"imgHolder\"><\/p>\n<div class=\"one_third\"><a href=\"http:\/\/dgmaxinteractive.com\/fr\/affiliates.html\"><img fetchpriority=\"high\" decoding=\"async\" class=\"fadeover item-fade\" src=\"http:\/\/dgmaxinteractive.com\/wp-content\/uploads\/sites\/10\/2016\/01\/affiliates1.png\" alt=\"photodune-4168646-opt\" width=\"391\" height=\"263\"> <\/a><\/p>\n<div class=\"text_box\" style=\"border: none; \">\n<div class=\"text clearfix\" style=\"\"><\/span><\/p>\n<h6 style=\"text-align: center\"><a href=\"http:\/\/dgmaxinteractive.com\/fr\/affiliates.htl\">\u00c9DITEURS<\/a><\/h6>\n<p><a href=\"http:\/\/dgmaxinteractive.com\/fr\/affiliate_signup.html\"> Inscrivez-vous <\/a> et maximisez vos revenus sur votre site web ou votre application mobile.<\/div>\n<\/div>\n<\/div>\n<div class=\"one_third\"> <a href=\"http:\/\/dgmaxinteractive.com\/fr\/advertisers.html\"> <img decoding=\"async\" class=\"aligncenter size-full fadeover item-fade\" src=\"http:\/\/dgmaxinteractive.com\/wp-content\/uploads\/sites\/10\/2016\/01\/advertisers1.png\" alt=\"photodune-4168646-opt\" width=\"391\" height=\"263\"> <\/a><\/p>\n<div class=\"text_box\" style=\"border: none; \">\n<div class=\"text clearfix\" style=\"\">\n<h6 style=\"text-align: center\"><a href=\"http:\/\/dgmaxinteractive.com\/fr\/advertisers.html\"> ANNONCEURS <\/a><\/h6>\n<p>Maximisez votre retour sur investissement avec nous. Payez uniquement pour les r\u00e9sultats que nous g\u00e9n\u00e9rons !<\/p><\/div>\n<\/div>\n<\/div>\n<div class=\"one_third last\"> <a href=\"http:\/\/dgmaxinteractive.com\/fr\/agencies.html\"> <img decoding=\"async\" class=\"aligncenter size-full fadeover item-fade\" src=\"http:\/\/dgmaxinteractive.com\/wp-content\/uploads\/sites\/10\/2016\/01\/agencies1.png\" alt=\"photodune-4168646-opt\" width=\"391\" height=\"263\"><\/a> <\/p>\n<div class=\"text_box\" style=\"border: none; \">\n<div class=\"text clearfix\" style=\"\">\n<h6 style=\"text-align: center\"><a href=\"http:\/\/dgmaxinteractive.com\/fr\/agencies.html\"> AGENCES <\/a><\/h6>\n<p>Maximisez la port\u00e9e de vos campagnes gr\u00e2ce \u00e0 l&#8217;acquisition de nouveaux clients.<\/p><\/div>\n<\/div>\n<\/div>\n<div class=\"clear\"><\/div>\n<div class=\"divider linebreak\">&nbsp;<\/div>\n<div class=\"clientbg\">\n<h2>LES CLIENTS MULTINATIONAUX AVEC LESQUELS NOUS TRAVAILLONS:<\/h2>\n<div class=\"clients lazy-loading\" data-count=\"-1\">\n<ul class=\"list styled\">\n<li class=\"dgmax lazy-loading-item\" data-ll-effect=\"drop-right\" data-ll-item-delay=\"0\"><a href=\"#\" title=\"Babbel\"><span style=\"background-image: url('https:\/\/dgmaxinteractive.com\/fr\/wp-content\/uploads\/sites\/10\/2016\/01\/babbel-100x31.png');\"><\/span><\/a><\/li>\n<li class=\"dgmax lazy-loading-item\" data-ll-effect=\"drop-right\" data-ll-item-delay=\"0\"><a href=\"#\" title=\"Avis\"><span style=\"background-image: url('https:\/\/dgmaxinteractive.com\/fr\/wp-content\/uploads\/sites\/10\/2016\/01\/avis-100x31.png');\"><\/span><\/a><\/li>\n<li class=\"dgmax lazy-loading-item\" data-ll-effect=\"drop-right\" data-ll-item-delay=\"0\"><a href=\"#\" title=\"Nord VPN\"><span style=\"background-image: url('https:\/\/dgmaxinteractive.com\/fr\/wp-content\/uploads\/sites\/10\/2016\/01\/nordvpn-square-100x85.png');\"><\/span><\/a><\/li>\n<li class=\"dgmax lazy-loading-item\" data-ll-effect=\"drop-right\" data-ll-item-delay=\"0\"><a href=\"#\" title=\"Lenovo\"><span style=\"background-image: url('https:\/\/dgmaxinteractive.com\/fr\/wp-content\/uploads\/sites\/10\/2016\/01\/lenovo-100x33.png');\"><\/span><\/a><\/li>\n<li class=\"dgmax lazy-loading-item\" data-ll-effect=\"drop-right\" data-ll-item-delay=\"0\"><a href=\"#\" title=\"Shutterstock\"><span style=\"background-image: url('https:\/\/dgmaxinteractive.com\/fr\/wp-content\/uploads\/sites\/10\/2016\/01\/shutterstock-logo-100x28.png');\"><\/span><\/a><\/li>\n<\/ul>\n<\/div>\n<\/div>\n<div class=\"alert-box iconed\">\n<div class=\"clearfix\">\n<div class=\"alert-icon\" style=\"border-color: #227ea5; background-color: #069dbc; color: #92ca4d;\">&#xe641;<\/div>\n<div class=\"text\">\n<h2>MAXIMISEZ VOTRE PORT\u00c9E!<\/h2>\n<div> DGMAX Interactive est sp\u00e9cialis\u00e9 dans  <a href=\"http:\/\/dgmaxinteractive.com\/fr\/international-affiliate-marketing-programs.html\"> les programmes de marketing \u00e0 la performance internationaux. <\/a> <\/div>\n<\/div>\n<div class=\"alert-button\"><a class=\"button\" href=\"http:\/\/dgmaxinteractive.com\/fr\/international-affiliate-marketing-programs.html\" style=\"background-color: #92ca4d;\">EN SAVOIR PLUS!<\/a><\/div>\n<\/div>\n<\/div>\n","protected":false},"excerpt":{"rendered":"<p>LES CLIENTS MULTINATIONAUX AVEC LESQUELS NOUS TRAVAILLONS:<\/p>\n","protected":false},"author":1,"featured_media":0,"parent":0,"menu_order":0,"comment_status":"closed","ping_status":"closed","template":"","meta":{"footnotes":""},"class_list":["post-23","page","type-page","status-publish","hentry"],"_links":{"self":[{"href":"https:\/\/dgmaxinteractive.com\/fr\/wp-json\/wp\/v2\/pages\/23"}],"collection":[{"href":"https:\/\/dgmaxinteractive.com\/fr\/wp-json\/wp\/v2\/pages"}],"about":[{"href":"https:\/\/dgmaxinteractive.com\/fr\/wp-json\/wp\/v2\/types\/page"}],"author":[{"embeddable":true,"href":"https:\/\/dgmaxinteractive.com\/fr\/wp-json\/wp\/v2\/users\/1"}],"replies":[{"embeddable":true,"href":"https:\/\/dgmaxinteractive.com\/fr\/wp-json\/wp\/v2\/comments?post=23"}],"version-history":[{"count":39,"href":"https:\/\/dgmaxinteractive.com\/fr\/wp-json\/wp\/v2\/pages\/23\/revisions"}],"predecessor-version":[{"id":557,"href":"https:\/\/dgmaxinteractive.com\/fr\/wp-json\/wp\/v2\/pages\/23\/revisions\/557"}],"wp:attachment":[{"href":"https:\/\/dgmaxinteractive.com\/fr\/wp-json\/wp\/v2\/media?parent=23"}],"curies":[{"name":"wp","href":"https:\/\/api.w.org\/{rel}","templated":true}]}}