{"id":21,"date":"2016-01-04T04:05:09","date_gmt":"2016-01-04T04:05:09","guid":{"rendered":"http:\/\/dgmaxinteractive.com\/dgmaxinteractive-3\/?page_id=21"},"modified":"2019-09-04T22:44:42","modified_gmt":"2019-09-04T22:44:42","slug":"brazil-affiliate-marketing","status":"publish","type":"page","link":"https:\/\/dgmaxinteractive.com\/fr\/brazil-affiliate-marketing.html","title":{"rendered":"Marketing d\u2019affiliation du Br\u00e9sil"},"content":{"rendered":"<div class=\"one_half\">\n<div class=\"image wrap-box no-style below\" style=\"\">\n<div class=\"wrap-box-inner\"><img decoding=\"async\" class=\"wrap-box-element\" style=\" \" src=\"http:\/\/dgmaxinteractive.com\/wp-content\/uploads\/sites\/10\/2016\/02\/brazil_aff_mark.jpg\" alt=\"\"\/><\/div>\n<\/div><\/div>\n<div class=\"one_half last\">\n<h2>Marketing d\u2019affiliation du Br\u00e9sil<\/h2>\n<p>DGMAX Interactive propose le plus grand nombre de campagnes de performances au Br\u00e9sil (campagnes CPA) pour aider nos \u00e9diteurs \u00e0 mon\u00e9tiser leur trafic au Br\u00e9sil.<\/p>\n<p>DGMAX Interactive propose des campagnes de performances en termes de co\u00fbt par lead (CPL), de co\u00fbt par vente (CPV) et de co\u00fbt par installation (CPI) pour le trafic au Br\u00e9sil. Nous soutenons tous nos \u00e9diteurs avec des pratiques de marketing en ligne \u00e9prouv\u00e9es au Br\u00e9sil, tout en maintenant les normes \u00e9thiques les plus strictes du marketing en ligne.<\/p>\n<p>\u00c1 DGMAX Interactive, nous fournissons :<\/p>\n<ul>\n<li> Une assistance continue aux \u00e9diteurs<\/li>\n<li> Campagnes de performance mexicaines \u00e0 haute conversion<\/li>\n<li> Paiements ponctuels et r\u00e9mun\u00e9rations comp\u00e9titives<\/li>\n<\/ul>\n<p>Si vous \u00eates un affili\u00e9 et souhaitez rejoindre notre r\u00e9seau d&#8217;\u00e9diteurs: <a title=\"Libre d'adh\u00e9rer\" href=\"http:\/\/dgmaxinteractive.com\/fr\/affiliate_signup.html\">Postuler pour rejoindre<\/a><br \/>\nSi vous \u00eates un annonceur ou une agence: <a class=\"button\" href=\"http:\/\/dgmaxinteractive.com\/fr\/contact.html\" target=\"_self\" style=\"background-color: #012aaa;\">et souhaitez en savoir plus<\/a><\/p>\n<\/div>\n<div class=\"clear\"><\/div>\n","protected":false},"excerpt":{"rendered":"","protected":false},"author":1,"featured_media":0,"parent":0,"menu_order":0,"comment_status":"closed","ping_status":"closed","template":"","meta":{"footnotes":""},"class_list":["post-21","page","type-page","status-publish","hentry"],"_links":{"self":[{"href":"https:\/\/dgmaxinteractive.com\/fr\/wp-json\/wp\/v2\/pages\/21"}],"collection":[{"href":"https:\/\/dgmaxinteractive.com\/fr\/wp-json\/wp\/v2\/pages"}],"about":[{"href":"https:\/\/dgmaxinteractive.com\/fr\/wp-json\/wp\/v2\/types\/page"}],"author":[{"embeddable":true,"href":"https:\/\/dgmaxinteractive.com\/fr\/wp-json\/wp\/v2\/users\/1"}],"replies":[{"embeddable":true,"href":"https:\/\/dgmaxinteractive.com\/fr\/wp-json\/wp\/v2\/comments?post=21"}],"version-history":[{"count":19,"href":"https:\/\/dgmaxinteractive.com\/fr\/wp-json\/wp\/v2\/pages\/21\/revisions"}],"predecessor-version":[{"id":542,"href":"https:\/\/dgmaxinteractive.com\/fr\/wp-json\/wp\/v2\/pages\/21\/revisions\/542"}],"wp:attachment":[{"href":"https:\/\/dgmaxinteractive.com\/fr\/wp-json\/wp\/v2\/media?parent=21"}],"curies":[{"name":"wp","href":"https:\/\/api.w.org\/{rel}","templated":true}]}}