{"id":19,"date":"2016-01-04T04:05:35","date_gmt":"2016-01-04T04:05:35","guid":{"rendered":"http:\/\/dgmaxinteractive.com\/dgmaxinteractive-3\/?page_id=19"},"modified":"2019-09-04T22:44:56","modified_gmt":"2019-09-04T22:44:56","slug":"latam-affiliate-marketing","status":"publish","type":"page","link":"https:\/\/dgmaxinteractive.com\/fr\/latam-affiliate-marketing.html","title":{"rendered":"Marketing d\u2019affiliation en Am\u00e9rique latine."},"content":{"rendered":"<div class=\"one_half\">\n<div class=\"image wrap-box no-style below\" style=\"\">\n<div class=\"wrap-box-inner\"><img decoding=\"async\" class=\"wrap-box-element\" style=\" \" src=\"http:\/\/dgmaxinteractive.com\/wp-content\/uploads\/sites\/10\/2016\/04\/mapa.jpg\" alt=\"LATIN America Affiliate Marketing Network Latin America Lead Generation\"\/><\/div>\n<\/div>\n<\/div>\n<div class=\"one_half last\">\n<center><\/p>\n<h2> MARKETING EN AM\u00c9RIQUE LATINE<\/h2>\n<p><\/center><\/p>\n<div id=\"af_left\">DGMAX Interactive est un r\u00e9seau de marketing \u00e0 la performance sp\u00e9cialis\u00e9 dans les campagnes marketing bas\u00e9es sur la performance en Am\u00e9rique latine. Nous desservons les pays hispanophones et lusophones en utilisant des campagnes au co\u00fbt par action (CPA).<\/p>\n<p>DGMAX Interactive aide les annonceurs \u00e0 d\u00e9velopper et \u00e0 mener des campagnes de CPA en Am\u00e9rique latine, ce qui permet \u00e0 notre base d&#8217;\u00e9diteurs de mon\u00e9tiser leur trafic en Am\u00e9rique latine.<\/p>\n<p>Si vous \u00eates un annonceur et souhaitez savoir comment DGMAX Interactive peut vous aider \u00e0 g\u00e9n\u00e9rer davantage de prospects ou de ventes dans les pays d&#8217;Am\u00e9rique latine <a href=\"http:\/\/dgmaxinteractive.com\/fr\/contact.html\">contactez-nous<\/a>.<\/p>\n<p>Si vous \u00eates un <meta name=\"description\" content=\"Latin America performance marketing programs at DGMAX Interactive Network. Latam CPA Campaigns.\"> \u00e9diteur et que vous avez Latam Traffic  (<a href=\"http:\/\/dgmaxinteractive.com\/fr\/brazil-affiliate-marketing.html\">Br\u00e9sil<\/a>, <a href=\"http:\/\/dgmaxinteractive.com\/fr\/mexico-affiliate-marketing.html\">Mexique<\/a>, <a href=\"http:\/\/dgmaxinteractive.com\/fr\/argentina-affiliate-marketing.html\">Argentine<\/a>, Chili, Colombie&#8230;), inscrivez-vous et d\u00e9marrez des campagnes de marketing d&#8217;affiliation pour mon\u00e9tiser votre trafic entre Latam et Br\u00e9sil, cr\u00e9ez un compte d&#8217;\u00e9diteur via le lien ci-dessous :<br \/>\n<a class=\"button\" href=\"http:\/\/dgmaxinteractive.com\/fr\/affiliate_signup.html\" target=\"_self\" style=\"background-color: #f1c15b;\">Inscription DGMAX Interactive Publisher<\/a><\/p>\n<\/div>\n<div class=\"clear\"><\/div>\n<\/div>\n","protected":false},"excerpt":{"rendered":"","protected":false},"author":1,"featured_media":0,"parent":0,"menu_order":0,"comment_status":"closed","ping_status":"closed","template":"","meta":{"footnotes":""},"class_list":["post-19","page","type-page","status-publish","hentry"],"_links":{"self":[{"href":"https:\/\/dgmaxinteractive.com\/fr\/wp-json\/wp\/v2\/pages\/19"}],"collection":[{"href":"https:\/\/dgmaxinteractive.com\/fr\/wp-json\/wp\/v2\/pages"}],"about":[{"href":"https:\/\/dgmaxinteractive.com\/fr\/wp-json\/wp\/v2\/types\/page"}],"author":[{"embeddable":true,"href":"https:\/\/dgmaxinteractive.com\/fr\/wp-json\/wp\/v2\/users\/1"}],"replies":[{"embeddable":true,"href":"https:\/\/dgmaxinteractive.com\/fr\/wp-json\/wp\/v2\/comments?post=19"}],"version-history":[{"count":43,"href":"https:\/\/dgmaxinteractive.com\/fr\/wp-json\/wp\/v2\/pages\/19\/revisions"}],"predecessor-version":[{"id":538,"href":"https:\/\/dgmaxinteractive.com\/fr\/wp-json\/wp\/v2\/pages\/19\/revisions\/538"}],"wp:attachment":[{"href":"https:\/\/dgmaxinteractive.com\/fr\/wp-json\/wp\/v2\/media?parent=19"}],"curies":[{"name":"wp","href":"https:\/\/api.w.org\/{rel}","templated":true}]}}