{"id":15,"date":"2016-01-02T20:00:17","date_gmt":"2016-01-02T20:00:17","guid":{"rendered":"http:\/\/dgmaxinteractive.com\/dgmaxinteractive-3\/?page_id=15"},"modified":"2019-09-04T22:41:39","modified_gmt":"2019-09-04T22:41:39","slug":"international-affiliate-marketing-programs","status":"publish","type":"page","link":"https:\/\/dgmaxinteractive.com\/fr\/international-affiliate-marketing-programs.html","title":{"rendered":"Campagnes d&#8217;affiliation internationales"},"content":{"rendered":"<div class=\"one_half\">\n<div class=\"image wrap-box no-style below\" style=\"\">\n<div class=\"wrap-box-inner\"><img decoding=\"async\" class=\"wrap-box-element\" style=\" \" src=\"http:\/\/dgmaxinteractive.com\/wp-content\/uploads\/sites\/10\/2016\/07\/mock_international4.jpg\" alt=\"\"\/><\/div>\n<\/div>\n<\/div>\n<div class=\"one_half last\">\n<center><\/p>\n<h2> RESEAU INTERNATIONAL DE MARKETING D\u2019AFFILIATION<\/h2>\n<p><\/center><\/p>\n<div id=\"af_left\">\nDGMAX Interactive est un R\u00e9seau de Marketing \u00e0 la Performance sp\u00e9cialis\u00e9 dans les campagnes internationales de marketing, en Europe, Asie, Am\u00e9rique du Nord et Am\u00e9rique du Sud. DGMAX Interactive propose des campagnes \u00e0 la performance au co\u00fbt par lead (CPL), au co\u00fbt par vente (CPS) et au co\u00fbt par installation (CPI).<\/p>\n<p>Notre large base d&#8217;\u00e9diteurs relaie des campagnes internationales, gr\u00e2ce \u00e0 une connaissance approfondie du marketing \u00e0 la performance, tout en respectant les standards de qualit\u00e9 les plus strictes du marketing en ligne.<\/p>\n<p>Si vous \u00eates un annonceur et souhaitez savoir comment DGMAX Interactive peut vous aider \u00e0 obtenir plus de prospects ou de ventes gr\u00e2ce au marketing \u00e0 la performance, ou si vous souhaitez en savoir plus sur nos campagnes internationales de Marketing \u00e0 la performance <a href=\"http:\/\/dgmaxinteractive.com\/fr\/contact.html\"> contactez-nous <\/a>.<\/p>\n<p>Si vous \u00eates un \u00e9diteur et avez du trafic en Europe (Royaume-Uni, Portugal, Espagne, Italie, Allemagne, Turquie\u2026) en <a href=\"http:\/\/dgmaxinteractive.com\/fr\/latam-affiliate-marketing.html\"> Am\u00e9rique latine (Br\u00e9sil, Mexique, Argentine, Chili, Colombie\u2026 <\/a> ou encore en Asie (Inde, Indon\u00e9sie, Malaisie, Tha\u00eflande, Philippines\u2026), inscrivez-vous et commencez \u00e0 diffuser nos campagnes.<\/p>\n<p>Vous pouvez demander un compte \u00e9diteur en cliquant sur le lien ci-dessous.<\/p>\n<p><a class=\"button\" href=\"http:\/\/dgmaxinteractive.com\/fr\/affiliate_signup.html\" target=\"_self\" style=\"background-color: #773abc;\">INSCRIPTION \u00c9DITEUR DGMAX INTERACTIVE<\/a><\/p>\n<\/div>\n<\/div>\n<div class=\"clear\"><\/div>\n","protected":false},"excerpt":{"rendered":"","protected":false},"author":1,"featured_media":0,"parent":0,"menu_order":0,"comment_status":"closed","ping_status":"closed","template":"","meta":{"footnotes":""},"class_list":["post-15","page","type-page","status-publish","hentry"],"_links":{"self":[{"href":"https:\/\/dgmaxinteractive.com\/fr\/wp-json\/wp\/v2\/pages\/15"}],"collection":[{"href":"https:\/\/dgmaxinteractive.com\/fr\/wp-json\/wp\/v2\/pages"}],"about":[{"href":"https:\/\/dgmaxinteractive.com\/fr\/wp-json\/wp\/v2\/types\/page"}],"author":[{"embeddable":true,"href":"https:\/\/dgmaxinteractive.com\/fr\/wp-json\/wp\/v2\/users\/1"}],"replies":[{"embeddable":true,"href":"https:\/\/dgmaxinteractive.com\/fr\/wp-json\/wp\/v2\/comments?post=15"}],"version-history":[{"count":24,"href":"https:\/\/dgmaxinteractive.com\/fr\/wp-json\/wp\/v2\/pages\/15\/revisions"}],"predecessor-version":[{"id":509,"href":"https:\/\/dgmaxinteractive.com\/fr\/wp-json\/wp\/v2\/pages\/15\/revisions\/509"}],"wp:attachment":[{"href":"https:\/\/dgmaxinteractive.com\/fr\/wp-json\/wp\/v2\/media?parent=15"}],"curies":[{"name":"wp","href":"https:\/\/api.w.org\/{rel}","templated":true}]}}