{"id":11,"date":"2016-01-03T22:37:40","date_gmt":"2016-01-03T22:37:40","guid":{"rendered":"http:\/\/dgmaxinteractive.com\/dgmaxinteractive-3\/?page_id=11"},"modified":"2019-09-04T22:43:38","modified_gmt":"2019-09-04T22:43:38","slug":"about-us","status":"publish","type":"page","link":"https:\/\/dgmaxinteractive.com\/fr\/about-us.html","title":{"rendered":"Qui sommes nous"},"content":{"rendered":"<div class=\"one_half\">\n<div class=\"image wrap-box no-style below\" style=\"\">\n<div class=\"wrap-box-inner\"><img decoding=\"async\" class=\"wrap-box-element\" style=\" \" src=\"http:\/\/dgmaxinteractive.com\/wp-content\/uploads\/sites\/10\/2016\/01\/meeting_room_1.jpg\" alt=\"\"\/><\/div>\n<\/div>\n<\/div>\n<div class=\"one_half last\">\n<h3> POURQUOI NOUS CHOISIR?<\/h3>\n<p>DGMAX Interactive est une soci\u00e9t\u00e9 de Marketing \u00e0 la Performance bas\u00e9e \u00e0 New York. Avec plus de 8 ans d&#8217;exp\u00e9rience en marketing en ligne, nous sommes sp\u00e9cialis\u00e9s dans le marketing \u00e0 la performance. Chez DGMAX Interactive, nous combinons notre expertise et notre technologie pour aider nos <a href=\"http:\/\/dgmaxinteractive.com\/fr\/advertisers.html\"> annonceurs <\/a> et nos <a href=\"http:\/\/dgmaxinteractive.com\/fr\/affiliates.html\"> \u00e9diteurs <\/a> \u00e0 r\u00e9ussir leurs campagnes de marketing \u00e0 la performance.<br \/>\n&nbsp;<br \/>\nDGMAX Interactive s&#8217;engage \u00e0 vous aider \u00e0 \u00eatre performant et \u00e0 d\u00e9velopper votre activit\u00e9. Nous sommes d\u00e9termin\u00e9s \u00e0 \u00e9tablir des relations saines \u00e0 long terme avec nos annonceurs et nos \u00e9diteurs, et que celle-ci soit b\u00e9n\u00e9fique pour chaque partie. La qualit\u00e9 l&#8217;emportera toujours sur la quantit\u00e9. Nous pouvons vous assurer que notre r\u00e9seau d&#8217;\u00e9diteurs ne comporte pas d&#8217;Adware, SpyWare et Spam.<\/p>\n<p>N&#8217;h\u00e9sitez pas \u00e0  <a href=\"http:\/\/dgmaxinteractive.com\/fr\/contact.html\"> nous contacter <\/a> \u00e0 tout moment.<\/p>\n<\/div>\n<div class=\"clear\"><\/div>\n<div class=\"divider linebreak\">&nbsp;<\/div>\n<div class=\"block quickfinder\">\n<div class=\"central-wrapper clearfix\">\n<h2 style=\"text-align: center;\"> LES SERVICES D&#8217;ACQUISITION DE CLIENTS QUE NOUS FOURNISSONS:<\/h2>\n<ul class=\"lazy-loading styled\" data-ll-force-start=\"1\">\n<li>\n\t\t\t\t\t\t\t\t\t\t\t\t\t\t\t<span class=\"image lazy-loading-item\" data-ll-item-delay=\"0\" data-ll-effect=\"clip\" style=\"background-color: #3a5370; \">\ue675<\/span><br \/>\n<span class=\"lazy-loading-item caption\" data-ll-item-delay=\"200\" data-ll-effect=\"fading\"><br \/>\n<span class=\"title\"> G\u00c9N\u00c9RATION DE PROSPECTS <\/span><br \/>\n<span class=\"description\"> Exp\u00e9rience et expertise pour cr\u00e9er une campagne de g\u00e9n\u00e9ration de prospects r\u00e9ussie. <\/span>\t\t\t\t\t<\/span><\/li>\n<li>\n\t\t\t\t\t\t\t\t\t\t\t\t\t\t<span class=\"image lazy-loading-item\" data-ll-item-delay=\"0\" data-ll-effect=\"clip\" style=\"background-color: #558cad; \">\ue651<\/span><br \/>\n<span class=\"lazy-loading-item caption\" data-ll-item-delay=\"200\" data-ll-effect=\"fading\"><br \/>\n<span class=\"title\">COREGISTRATION <\/span><br \/>\n<span class=\"description\">Nous g\u00e9n\u00e9rons des opt-ins et des inscriptions via une approche multicanal.<\/span>\t\t\t\t\t<\/span><\/li>\n<li>\n\t\t\t\t\t\t\t\t\t\t\t\t\t\t<span class=\"image lazy-loading-item\" data-ll-item-delay=\"0\" data-ll-effect=\"clip\" style=\"background-color: #48afdb; \">\ue685<\/span><br \/>\n<span class=\"lazy-loading-item caption\" data-ll-item-delay=\"200\" data-ll-effect=\"fading\"><br \/>\n<span class=\"title\">E-COMMERCE<\/span><br \/>\n<span class=\"description\">Nous G\u00e9n\u00e9rons des Nouveaux Clients et des Ventes Pour les e-commer\u00e7ants.<\/span>\t\t\t\t\t<\/span><\/li>\n<li>\n\t\t\t\t\t\t\t\t\t\t\t\t\t\t\t<span class=\"image lazy-loading-item\" data-ll-item-delay=\"0\" data-ll-effect=\"clip\" style=\"background-color: #60dbc4; \">\ue62b<\/span><br \/>\n<span class=\"lazy-loading-item caption\" data-ll-item-delay=\"200\" data-ll-effect=\"fading\"><br \/>\n<span class=\"title\">INSTALLATION D\u2019APPLLICATIONS<\/span><br \/>\n<span class=\"description\"> Prenez le contr\u00f4le de vos campagnes d&#8217;installation d&#8217;applications <\/span>\t\t\t\t\t<\/span><\/li>\n<\/ul>\n<\/div>\n<\/div>\n<div class=\"alert-box iconed\">\n<div class=\"clearfix\">\n<div class=\"alert-icon\" style=\"border-color: #FFFFFF; background-color: #FFFFFF; color: #DA5F71;\">&#xe6ac;<\/div>\n<div class=\"text\">\n<h2>CONTACTEZ-NOUS D\u00c8S AUJOURD&#8217;HUI!<\/h2>\n<div> N&#8217;h\u00e9sitez pas \u00e0 nous contacter pour plus d&#8217;informations afin que nous puissions discuter des possibilit\u00e9s de maximiser vos revenus avec notre solution de marketing \u00e0 la performance.<\/div>\n<\/div>\n<div class=\"alert-button\"><a class=\"button\" href=\"http:\/\/dgmaxinteractive.com\/fr\/contact.html\" style=\"background-color: #DA5F71;\">Contactez-Nous!<\/a><\/div>\n<\/div>\n<\/div>\n","protected":false},"excerpt":{"rendered":"<p>LES SERVICES D&#8217;ACQUISITION DE CLIENTS QUE NOUS FOURNISSONS: \ue675 G\u00c9N\u00c9RATION DE PROSPECTS Exp\u00e9rience et expertise pour cr\u00e9er une campagne de&#8230;<\/p>\n","protected":false},"author":1,"featured_media":0,"parent":0,"menu_order":0,"comment_status":"closed","ping_status":"closed","template":"","meta":{"footnotes":""},"class_list":["post-11","page","type-page","status-publish","hentry"],"_links":{"self":[{"href":"https:\/\/dgmaxinteractive.com\/fr\/wp-json\/wp\/v2\/pages\/11"}],"collection":[{"href":"https:\/\/dgmaxinteractive.com\/fr\/wp-json\/wp\/v2\/pages"}],"about":[{"href":"https:\/\/dgmaxinteractive.com\/fr\/wp-json\/wp\/v2\/types\/page"}],"author":[{"embeddable":true,"href":"https:\/\/dgmaxinteractive.com\/fr\/wp-json\/wp\/v2\/users\/1"}],"replies":[{"embeddable":true,"href":"https:\/\/dgmaxinteractive.com\/fr\/wp-json\/wp\/v2\/comments?post=11"}],"version-history":[{"count":16,"href":"https:\/\/dgmaxinteractive.com\/fr\/wp-json\/wp\/v2\/pages\/11\/revisions"}],"predecessor-version":[{"id":543,"href":"https:\/\/dgmaxinteractive.com\/fr\/wp-json\/wp\/v2\/pages\/11\/revisions\/543"}],"wp:attachment":[{"href":"https:\/\/dgmaxinteractive.com\/fr\/wp-json\/wp\/v2\/media?parent=11"}],"curies":[{"name":"wp","href":"https:\/\/api.w.org\/{rel}","templated":true}]}}