{"id":9,"date":"2016-01-03T21:18:35","date_gmt":"2016-01-03T21:18:35","guid":{"rendered":"http:\/\/dgmaxinteractive.com\/es\/?page_id=9"},"modified":"2016-01-05T18:31:21","modified_gmt":"2016-01-05T18:31:21","slug":"agencias","status":"publish","type":"page","link":"https:\/\/dgmaxinteractive.com\/es\/agencias.html","title":{"rendered":"Agencias"},"content":{"rendered":"<div class=\"one_half\">\n<h3>Ampl\u00ede su alcance<\/h3>\n<p style=\"text-align: justify\">Complemente sus campa\u00f1as utilizando nuestra red de afiliados de marketing por resultados en DGMAX Interactive, generando tr\u00e1fico de alta calidad para promover los productos y servicios de sus clientes. El marketing CPA (costo-por-acci\u00f3n) establece un valor fijo o porcentaje por cada venta generada o lead obtenido. Nuestro programa de marketing de resultados tiene un riesgo m\u00ednimo, ya que s\u00f3lo se paga cuando se realiza una transacci\u00f3n con \u00e9xito.<\/p>\n<div class=\"divider linebreak\">&nbsp;<\/div>\n<p style=\"text-align: left\">En DGMAX Interactive proveemos: <\/div>\n<div class=\"one_half last\">\n<div class=\"iconed-text clearfix\"><span class=\"icon\" style=\"border-color: ; background-color: ; color: ;\">&#xe65b;<\/span><\/p>\n<div class=\"text\">\n<h5>Estrategias de Marketing para el rendimiento<\/h5>\n<div><\/div>\n<\/div>\n<\/div>\n<div class=\"divider\"><\/div>\n<div class=\"iconed-text clearfix\"><span class=\"icon\" style=\"border-color: ; background-color: ; color: ;\">&#xe66a;<\/span><\/p>\n<div class=\"text\">\n<h5>Gesti\u00f3n completa de Campa\u00f1as<\/h5>\n<div><\/div>\n<\/div>\n<\/div>\n<div class=\"divider\"><\/div>\n<div class=\"iconed-text clearfix\"><span class=\"icon\" style=\"border-color: ; background-color: ; color: ;\">&#xe633;<\/span><\/p>\n<div class=\"text\">\n<h5>Soporte Dedicado a los anunciantes<\/h5>\n<div><\/div>\n<\/div>\n<\/div>\n<\/div>\n<div class=\"clear\"><\/div>\n<\/p>\n<div class=\"divider linebreak\">&nbsp;<\/div>\n<p>&nbsp;<\/p>\n<div class=\"one_half\">\n<div class=\"text_box\" style=\"border: none; background-color:#e8ecef;\">\n<h4 class=\"title\" style=\"background-color:#2c2e3a;color:#45a0dc;\">AGENCIAS LOCALES<\/h4>\n<div class=\"text clearfix\" style=\"\"> Podemos ayudar a las agencias locales a expandirse hacia nuevos mercados.<br \/>\nPlanifique su pr\u00f3xima campa\u00f1a internacional con nosotros. <\/div>\n<\/div>\n<\/div>\n<div class=\"one_half last\">\n<div class=\"text_box\" style=\"border: none; background-color:#e8ecef;\">\n<h4 class=\"title\" style=\"background-color:#2c2e3a;color:#45a0dc;\">AGENCIAS INTERNACIONALES<\/h4>\n<div class=\"text clearfix\" style=\"\">DGMAX Interactive ayuda a las agencias internacionales a contactar a consumidores basados en Estados Unidos. Cont\u00e1ctenos hoy para conocer m\u00e1s<\/div>\n<\/div>\n<\/div>\n<div class=\"clear\"><\/div>\n<p>&nbsp;<\/p>\n<div class=\"divider linebreak\">&nbsp;<\/div>\n<div class=\"block quickfinder\">\n<div class=\"central-wrapper clearfix\">\n<h2 style=\"text-align: center\">MANEJAMOS LOS SIGUIENTES CANALES DE TR\u00c1FICO INTERNACIONAL:<\/h2>\n<ul class=\"lazy-loading styled\">\n<li><span class=\"image lazy-loading-item\" style=\"background-color: #ff8b00\">\ue601<\/span><br \/>\n<span class=\"lazy-loading-item caption\"><br \/>\n<span class=\"title\"> Email Marketing <\/span><br \/>\n<span class=\"description\">La facilidad de uso y la eficiencia en costos del email marketing es perfecto para la mayor\u00eda de clientes enfocados en costos <\/span> <\/span><\/li>\n<li><span class=\"image lazy-loading-item\" style=\"background-color: #558cad\">\ue699<\/span><br \/>\n<span class=\"lazy-loading-item caption\"><br \/>\n<span class=\"title\">REDES SOCIALES<\/span><br \/>\n<span class=\"description\">Anuncios orientados para hacer crecer su audiencia, visibilidad de marca, participaci\u00f3n y tr\u00e1fico.<\/span> <\/span><\/li>\n<li><span class=\"image lazy-loading-item\" style=\"background-color: #48afdb\">\ue6c1<\/span><br \/>\n<span class=\"lazy-loading-item caption\"><br \/>\n<span class=\"title\"> Display <\/span><br \/>\n<span class=\"description\">Los servicios incluidos en la publicidad visible son anuncios por medio de banners y esfuerzos para redirigir tr\u00e1fico. <\/span> <\/span><\/li>\n<li><span class=\"image lazy-loading-item\" style=\"background-color: #60dbc4\">\ue62b<\/span><br \/>\n<span class=\"lazy-loading-item caption\"><br \/>\n<span class=\"title\"> Mobile <\/span><br \/>\n<span class=\"description\">Ayudamos a generar m\u00e1s instalaciones de sus aplicaciones m\u00f3viles <\/span> <\/span><\/li>\n<\/ul>\n<\/div>\n<\/div>\n<div class=\"divider linebreak\">&nbsp;<\/div>\n<div class=\"alert-box iconed\">\n<div class=\"clearfix\">\n<div class=\"alert-icon\" style=\"border-color: #FFFFFF; background-color: #FFFFFF; color: #DA5F71;\">&#xe6ac;<\/div>\n<div class=\"text\">\n<h2>\u00a1CONT\u00c1CTENOS EL D\u00cdA DE HOY!<\/h2>\n<div> Por favor cont\u00e1ctenos para m\u00e1s informaci\u00f3n y poder discutir las posibilidad para maximizar sus ingresos con nuestro marketing de resultados.<\/div>\n<\/div>\n<div class=\"alert-button\"><a class=\"button\" href=\"http:\/\/dgmaxinteractive.com\/es\/contacto.html\" style=\"background-color: #DA5F71;\">CONT\u00c1CTENOS!<\/a><\/div>\n<\/div>\n<\/div>\n","protected":false},"excerpt":{"rendered":"<p>&nbsp; &nbsp; MANEJAMOS LOS SIGUIENTES CANALES DE TR\u00c1FICO INTERNACIONAL: \ue601 Email Marketing La facilidad de uso y la eficiencia en&#8230;<\/p>\n","protected":false},"author":1,"featured_media":0,"parent":0,"menu_order":0,"comment_status":"closed","ping_status":"closed","template":"","meta":{"footnotes":""},"class_list":["post-9","page","type-page","status-publish","hentry"],"_links":{"self":[{"href":"https:\/\/dgmaxinteractive.com\/es\/wp-json\/wp\/v2\/pages\/9"}],"collection":[{"href":"https:\/\/dgmaxinteractive.com\/es\/wp-json\/wp\/v2\/pages"}],"about":[{"href":"https:\/\/dgmaxinteractive.com\/es\/wp-json\/wp\/v2\/types\/page"}],"author":[{"embeddable":true,"href":"https:\/\/dgmaxinteractive.com\/es\/wp-json\/wp\/v2\/users\/1"}],"replies":[{"embeddable":true,"href":"https:\/\/dgmaxinteractive.com\/es\/wp-json\/wp\/v2\/comments?post=9"}],"version-history":[{"count":19,"href":"https:\/\/dgmaxinteractive.com\/es\/wp-json\/wp\/v2\/pages\/9\/revisions"}],"predecessor-version":[{"id":217,"href":"https:\/\/dgmaxinteractive.com\/es\/wp-json\/wp\/v2\/pages\/9\/revisions\/217"}],"wp:attachment":[{"href":"https:\/\/dgmaxinteractive.com\/es\/wp-json\/wp\/v2\/media?parent=9"}],"curies":[{"name":"wp","href":"https:\/\/api.w.org\/{rel}","templated":true}]}}