{"id":7,"date":"2016-01-03T21:39:48","date_gmt":"2016-01-03T21:39:48","guid":{"rendered":"http:\/\/dgmaxinteractive.com\/es\/?page_id=7"},"modified":"2016-01-06T21:23:12","modified_gmt":"2016-01-06T21:23:12","slug":"afiliados","status":"publish","type":"page","link":"https:\/\/dgmaxinteractive.com\/es\/afiliados.html","title":{"rendered":"Afiliados"},"content":{"rendered":"<div class=\"one_half\">\n<div class=\"image wrap-box no-style below\" style=\"\">\n<div class=\"wrap-box-inner\"><img decoding=\"async\" class=\"wrap-box-element\" style=\" \" src=\"\nhttp:\/\/dgmaxinteractive.com\/wp-content\/uploads\/sites\/7\/2016\/01\/publishers.jpg\" alt=\"\"\/><\/div>\n<\/div><\/div>\n<div class=\"one_half last\">\n<h3><strong>\u00a1MONETICE SU TR\u00c1FICO!<\/strong><\/h3>\n<p>DGMAX Interactive es una red de marketing por resultados (CPA) trabajando a nivel internacional, cubriendo la mayor\u00eda de pa\u00edses latinoamericanos y europeos, junto con Estados Unidos y Canada. Nuestra filosof\u00eda es maximizar el beneficio de nuestros afiliados, con anunciantes de calidad, pr\u00e1cticas eficientes de marketing de afiliados y con apoyo constante de profesionales con experiencia en marketing en l\u00ednea.<\/p>\n<p>&nbsp;<\/p>\n<p>En DGMAX Interactive estamos decididos a construir una alianza duradera con nuestros afiliados y a ayudarles a ser exitosos utilizando nuestro marketing de resultados. Si quiere darse de alta en nuestra red reg\u00edstrese aqu\u00ed <a href=\"http:\/\/dgmaxinteractive.com\/es\/affiliate_signup.html\"> inscribete aqui <\/a>\n<\/div>\n<div class=\"clear\"><\/div>\n<div class=\"divider linebreak\">&nbsp;<\/div>\n<h2 style=\"text-align: center\">EN DGMAX INTERACTIVE PROVEEMOS LO SIGUIENTE:<\/h2>\n<div class=\"divider linebreak\">&nbsp;<\/div>\n<div class=\"text_box\" style=\"border: none; \">\n<div class=\"text clearfix\" style=\"\">\n<div class=\"one_third\">\n<div class=\"iconed-text clearfix\"><span class=\"icon\" style=\"border-color: #ffffff; background-color: #ffffff; color: #5ADBBF;\">&#xe633;<\/span><\/p>\n<div class=\"text\">\n<h5>SOPORTE AMPLIO PARA AFILIADOS <\/h5>\n<div> Su gerente de cuentas le ayudar\u00e1 a escoger la mejor opci\u00f3n que se acople a su tipo de tr\u00e1fico.<\/div>\n<\/div>\n<\/div>\n<div class=\"divider\"><\/div>\n<\/div>\n<div class=\"one_third\">\n<div class=\"iconed-text clearfix\"><span class=\"icon\" style=\"border-color: #ffffff; background-color: #ffffff; color: #9CC9A0;\">&#xe690;<\/span><\/p>\n<div class=\"text\">\n<h5>OFERTAS ESTADOUNIDENSES E INTERNACIONALES DE ALTA CONVERSI\u00d3N <\/h5>\n<div>\u00danicamente promovemos campa\u00f1as que hemos comprobado trabajan para nosotros. <\/div>\n<\/div>\n<\/div>\n<div class=\"divider\"><\/div>\n<\/div>\n<div class=\"one_third last\">\n<div class=\"iconed-text clearfix\"><span class=\"icon\" style=\"border-color: #ffffff; background-color: #ffffff; color: #556272;\">&#xe654;<\/span><\/p>\n<div class=\"text\">\n<h5>PAGOS FLEXIBLES Y EN TIEMPO <\/h5>\n<div> Tenemos una reputaci\u00f3n reconocida dentro la industria en materia de pagos. <\/div>\n<\/div>\n<\/div>\n<div class=\"divider\"><\/div>\n<\/div>\n<div class=\"clear\"><\/div>\n<div class=\"one_third\">\n<div class=\"iconed-text clearfix\"><span class=\"icon\" style=\"border-color: #ffffff; background-color: #ffffff; color: #598BAC;\">&#xe699;<\/span><\/p>\n<div class=\"text\">\n<h5>PAGOS COMPETITIVOS Y SUPERIORES<\/h5>\n<div>Trabajando directamente con anunciantes, aseguramos los pagos m\u00e1s altos para nuestros afiliados. <\/div>\n<\/div>\n<\/div>\n<div class=\"divider\"><\/div>\n<\/div>\n<div class=\"one_third\">\n<div class=\"iconed-text clearfix\"><span class=\"icon\" style=\"border-color: #ffffff; background-color: #ffffff; color: #BEE17B;\">&#xe62a;<\/span><\/p>\n<div class=\"text\">\n<h5>ADAPTABILIDAD EN M\u00d3VILES<\/h5>\n<div>Nuestras campa\u00f1as est\u00e1n optimizadas para su uso en m\u00f3viles, asegurando as\u00ed maximizar las conversiones. <\/div>\n<\/div>\n<\/div>\n<div class=\"divider\"><\/div>\n<\/div>\n<div class=\"one_third last\">\n<div class=\"iconed-text clearfix\"><span class=\"icon\" style=\"border-color: #ffffff; background-color: #ffffff; color: #FD573D;\">&#xe607;<\/span><\/p>\n<div class=\"text\">\n<h5>RED DE AFILIADOS FIABLE <\/h5>\n<div>Comprobamos todas las aplicaciones de afiliados y \u00fanicamente aceptamos aquellas que son leg\u00edtimas.<\/div>\n<\/div>\n<\/div>\n<div class=\"divider\"><\/div>\n<\/div>\n<div class=\"clear\"><\/div>\n<\/div>\n<\/div>\n<div class=\"divider linebreak\">&nbsp;<\/div>\n<div class=\"alert-box iconed\">\n<div class=\"clearfix\">\n<div class=\"alert-icon\" style=\"border-color: #FFFFFF; background-color: #FFFFFF; color: #DA5F71;\">&#xe6ad;<\/div>\n<div class=\"text\">\n<h2>\u00daNASE A NUESTRA RED DE AFILIADOS HOY!<\/h2>\n<div> Si\u00e9ntase en la libertad de unirse a nuestra red o cont\u00e1ctenos para m\u00e1s informaci\u00f3n.<\/div>\n<\/div>\n<div class=\"alert-button\"><a class=\"button\" href=\"http:\/\/dgmaxinteractive.com\/es\/affiliate_signup.html\" style=\"background-color: #DA5F71;\">Reg\u00edstrese Ahora!<\/a><\/div>\n<\/div>\n<\/div>\n<div class=\"divider linebreak\">&nbsp;<\/div>\n","protected":false},"excerpt":{"rendered":"<p>EN DGMAX INTERACTIVE PROVEEMOS LO SIGUIENTE:<\/p>\n","protected":false},"author":1,"featured_media":0,"parent":0,"menu_order":0,"comment_status":"closed","ping_status":"closed","template":"","meta":{"footnotes":""},"class_list":["post-7","page","type-page","status-publish","hentry"],"_links":{"self":[{"href":"https:\/\/dgmaxinteractive.com\/es\/wp-json\/wp\/v2\/pages\/7"}],"collection":[{"href":"https:\/\/dgmaxinteractive.com\/es\/wp-json\/wp\/v2\/pages"}],"about":[{"href":"https:\/\/dgmaxinteractive.com\/es\/wp-json\/wp\/v2\/types\/page"}],"author":[{"embeddable":true,"href":"https:\/\/dgmaxinteractive.com\/es\/wp-json\/wp\/v2\/users\/1"}],"replies":[{"embeddable":true,"href":"https:\/\/dgmaxinteractive.com\/es\/wp-json\/wp\/v2\/comments?post=7"}],"version-history":[{"count":19,"href":"https:\/\/dgmaxinteractive.com\/es\/wp-json\/wp\/v2\/pages\/7\/revisions"}],"predecessor-version":[{"id":265,"href":"https:\/\/dgmaxinteractive.com\/es\/wp-json\/wp\/v2\/pages\/7\/revisions\/265"}],"wp:attachment":[{"href":"https:\/\/dgmaxinteractive.com\/es\/wp-json\/wp\/v2\/media?parent=7"}],"curies":[{"name":"wp","href":"https:\/\/api.w.org\/{rel}","templated":true}]}}