{"id":4,"date":"2016-01-03T21:23:27","date_gmt":"2016-01-03T21:23:27","guid":{"rendered":"http:\/\/dgmaxinteractive.com\/es\/?page_id=4"},"modified":"2016-01-05T18:32:14","modified_gmt":"2016-01-05T18:32:14","slug":"anunciantes","status":"publish","type":"page","link":"https:\/\/dgmaxinteractive.com\/es\/anunciantes.html","title":{"rendered":"Anunciantes"},"content":{"rendered":"<div class=\"one_half\">\n<div class=\"image wrap-box no-style below\" style=\"\">\n<div class=\"wrap-box-inner\"><img decoding=\"async\" class=\"wrap-box-element\" style=\" \" src=\"http:\/\/dgmaxinteractive.com\/wp-content\/uploads\/sites\/7\/2016\/01\/advertisers.jpg\" alt=\"\"\/><\/div>\n<\/div><\/div>\n<div class=\"one_half last\">\n<h3>Pago por rendimiento<\/h3>\n<p>Obtenga su retorno de inversi\u00f3n garantizado a trav\u00e9s de nuestro marketing por resultados basado en tr\u00e1fico de alta calidad para promover sus productos y servicios.<\/p>\n<p>&nbsp;<\/p>\n<p>El marketing CPA (costo-por-acci\u00f3n) establece un valor fijo o porcentaje por cada venta generada o lead obtenido. Nuestro programa de marketing de resultados tiene un riesgo m\u00ednimo, ya que s\u00f3lo se paga cuando se realiza una transacci\u00f3n con \u00e9xito.<\/p>\n<\/div>\n<div class=\"clear\"><\/div>\n<div class=\"divider linebreak\">&nbsp;<\/div>\n<h2 style=\"text-align: center\">Obtenga reportes y an\u00e1lisis de datos en tiempo real:<\/h2>\n<div class=\"divider linebreak\">&nbsp;<\/div>\n<div class=\"one_half\">\n<h3>ESTAD\u00cdSTICAS POR CAMPA\u00d1A<\/h3>\n<div class=\"diagram-item\">\n<div class=\"diagram-wrapper\">\n<div class=\"lazy-loading lazy-loading-not-hide\" data-ll-item-delay=\"0\">\n<div class=\"digram-line-box lazy-loading-item\" data-ll-effect=\"action\" data-ll-action-func=\"codeus_start_line_digram\">\n<div class=\"skill-element\">\n<div class=\"skill-header clearfix\">\n<div class=\"skill-title\">Tasa de clicks<\/div>\n<div class=\"skill-amount\">42<\/div>\n<\/div>\n<div class=\"skill-line\">\n<div data-amount=\"42\" style=\"width: 0; background: #566270;\"><\/div>\n<\/div>\n<\/div>\n<div class=\"skill-element\">\n<div class=\"skill-header clearfix\">\n<div class=\"skill-title\">Tasa de apertura<\/div>\n<div class=\"skill-amount\">12<\/div>\n<\/div>\n<div class=\"skill-line\">\n<div data-amount=\"12\" style=\"width: 0; background: #50CDC5;\"><\/div>\n<\/div>\n<\/div>\n<div class=\"skill-element\">\n<div class=\"skill-header clearfix\">\n<div class=\"skill-title\">Tasa de conversi\u00f3n<\/div>\n<div class=\"skill-amount\">38<\/div>\n<\/div>\n<div class=\"skill-line\">\n<div data-amount=\"38\" style=\"width: 0; background: #C7F465;\"><\/div>\n<\/div>\n<\/div>\n<div class=\"skill-element\">\n<div class=\"skill-header clearfix\">\n<div class=\"skill-title\">Tasa de entrega<\/div>\n<div class=\"skill-amount\">92<\/div>\n<\/div>\n<div class=\"skill-line\">\n<div data-amount=\"92\" style=\"width: 0; background: #FF6B6B;\"><\/div>\n<\/div>\n<\/div>\n<div class=\"skill-element\">\n<div class=\"skill-header clearfix\">\n<div class=\"skill-title\">Participaci\u00f3n del usuario <\/div>\n<div class=\"skill-amount\">81<\/div>\n<\/div>\n<div class=\"skill-line\">\n<div data-amount=\"81\" style=\"width: 0; background: #C7F0F6;\"><\/div>\n<\/div>\n<\/div>\n<\/div>\n<\/div>\n<\/div>\n<\/div>\n<\/div>\n<div class=\"one_half last\">\n<h3>MONITOREO DE PRESUPUESTO<\/h3>\n<div class=\"diagram-item\">\n<div class=\"diagram-wrapper\">\n<div class=\"lazy-loading lazy-loading-not-hide\" data-ll-item-delay=\"0\">\n<div class=\"digram-line-box lazy-loading-item\" data-ll-effect=\"action\" data-ll-action-func=\"codeus_start_line_digram\">\n<div class=\"skill-element\">\n<div class=\"skill-header clearfix\">\n<div class=\"skill-title\">Email Marketing<\/div>\n<div class=\"skill-amount\">30<\/div>\n<\/div>\n<div class=\"skill-line\">\n<div data-amount=\"30\" style=\"width: 0; background: #ff8b00;\"><\/div>\n<\/div>\n<\/div>\n<div class=\"skill-element\">\n<div class=\"skill-header clearfix\">\n<div class=\"skill-title\">Display\/Banner<\/div>\n<div class=\"skill-amount\">20<\/div>\n<\/div>\n<div class=\"skill-line\">\n<div data-amount=\"20\" style=\"width: 0; background: #00dc15;\"><\/div>\n<\/div>\n<\/div>\n<div class=\"skill-element\">\n<div class=\"skill-header clearfix\">\n<div class=\"skill-title\">Contextual<\/div>\n<div class=\"skill-amount\">15<\/div>\n<\/div>\n<div class=\"skill-line\">\n<div data-amount=\"15\" style=\"width: 0; background: #3e525b;\"><\/div>\n<\/div>\n<\/div>\n<div class=\"skill-element\">\n<div class=\"skill-header clearfix\">\n<div class=\"skill-title\">Instalaciones por aplicaci\u00f3n<\/div>\n<div class=\"skill-amount\">25<\/div>\n<\/div>\n<div class=\"skill-line\">\n<div data-amount=\"25\" style=\"width: 0; background: #d46cd3;\"><\/div>\n<\/div>\n<\/div>\n<div class=\"skill-element\">\n<div class=\"skill-header clearfix\">\n<div class=\"skill-title\">Redes sociales<\/div>\n<div class=\"skill-amount\">10<\/div>\n<\/div>\n<div class=\"skill-line\">\n<div data-amount=\"10\" style=\"width: 0; background: #415e9b;\"><\/div>\n<\/div>\n<\/div>\n<\/div>\n<\/div>\n<\/div>\n<\/div>\n<\/div>\n<div class=\"clear\"><\/div>\n<div class=\"divider\"><\/div>\n<div class=\"one_half\">\n<div>\n<h5 class=\"iconed-title\" ><span class=\"icon active\">&#xe65a;<\/span>ESTRATEGIAS DE MARKETING BASADAS EN RESULTADOS.<\/h5>\n<\/div>\n<div class=\"divider\"><\/div>\n<\/div>\n<div class=\"one_half last\">\n<div>\n<h5 class=\"iconed-title\" ><span class=\"icon\">&#xe66a;<\/span>SERVICIO COMPLETO EN EL MANEJO DE CAMPA\u00d1AS .<\/h5>\n<\/div>\n<div class=\"divider\"><\/div>\n<\/div>\n<div class=\"clear\"><\/div>\n<div class=\"one_half\">\n<div>\n<h5 class=\"iconed-title\" ><span class=\"icon\">&#xe633;<\/span>SOPORTE COMPROMETIDO CON ANUNCIANTES.<\/h5>\n<\/div>\n<div class=\"divider\"><\/div>\n<\/div>\n<div class=\"one_half last\">\n<div>\n<h5 class=\"iconed-title\" ><span class=\"icon active\">&#xe677;<\/span>CONTROL DEL COSTO DE SUS ADQUISICIONES.<\/h5>\n<\/div>\n<div class=\"divider\"><\/div>\n<\/div>\n<div class=\"clear\"><\/div>\n<div class=\"one_half\">\n<div>\n<h5 class=\"iconed-title\" ><span class=\"icon active\">&#xe607;<\/span>CALIDAD \/ AFILIADOS NO FRAUDULENTOS<\/h5>\n<\/div>\n<\/div>\n<div class=\"one_half last\">\n<div>\n<h5 class=\"iconed-title\" ><span class=\"icon\">&#xe65b;<\/span>SOLUCIONES DE TR\u00c1FICO A ESCALA DE FORMA PERSONALIZADA<\/h5>\n<\/div>\n<\/div>\n<div class=\"clear\"><\/div>\n<div class=\"divider\"><\/div>\n<div class=\"alert-box iconed\">\n<div class=\"clearfix\">\n<div class=\"alert-icon\" style=\"border-color: #FFFFFF; background-color: #FFFFFF; color: #DA5F71;\">&#xe6ac;<\/div>\n<div class=\"text\">\n<h2>\u00a1CONT\u00c1CTENOS EL D\u00cdA DE HOY!<\/h2>\n<div> Por favor cont\u00e1ctenos para m\u00e1s informaci\u00f3n y poder discutir las posibilidad para maximizar sus ingresos con nuestro marketing de resultados.<\/div>\n<\/div>\n<div class=\"alert-button\"><a class=\"button\" href=\"http:\/\/dgmaxinteractive.com\/es\/contacto.html\" style=\"background-color: #DA5F71;\">CONT\u00c1CTENOS!<\/a><\/div>\n<\/div>\n<\/div>\n","protected":false},"excerpt":{"rendered":"<p>Obtenga reportes y an\u00e1lisis de datos en tiempo real:<\/p>\n","protected":false},"author":1,"featured_media":0,"parent":0,"menu_order":0,"comment_status":"closed","ping_status":"closed","template":"","meta":{"footnotes":""},"class_list":["post-4","page","type-page","status-publish","hentry"],"_links":{"self":[{"href":"https:\/\/dgmaxinteractive.com\/es\/wp-json\/wp\/v2\/pages\/4"}],"collection":[{"href":"https:\/\/dgmaxinteractive.com\/es\/wp-json\/wp\/v2\/pages"}],"about":[{"href":"https:\/\/dgmaxinteractive.com\/es\/wp-json\/wp\/v2\/types\/page"}],"author":[{"embeddable":true,"href":"https:\/\/dgmaxinteractive.com\/es\/wp-json\/wp\/v2\/users\/1"}],"replies":[{"embeddable":true,"href":"https:\/\/dgmaxinteractive.com\/es\/wp-json\/wp\/v2\/comments?post=4"}],"version-history":[{"count":18,"href":"https:\/\/dgmaxinteractive.com\/es\/wp-json\/wp\/v2\/pages\/4\/revisions"}],"predecessor-version":[{"id":219,"href":"https:\/\/dgmaxinteractive.com\/es\/wp-json\/wp\/v2\/pages\/4\/revisions\/219"}],"wp:attachment":[{"href":"https:\/\/dgmaxinteractive.com\/es\/wp-json\/wp\/v2\/media?parent=4"}],"curies":[{"name":"wp","href":"https:\/\/api.w.org\/{rel}","templated":true}]}}