{"id":388,"date":"2016-09-20T14:31:40","date_gmt":"2016-09-20T14:31:40","guid":{"rendered":"http:\/\/dgmaxinteractive.com\/es\/?page_id=388"},"modified":"2024-07-19T00:50:12","modified_gmt":"2024-07-19T00:50:12","slug":"despegar","status":"publish","type":"page","link":"https:\/\/dgmaxinteractive.com\/es\/despegar.html","title":{"rendered":"\u00danete al programa despegar"},"content":{"rendered":"<div class=\"one_half\">\n<div style=\"text-align:center;\">\n<div class=\"youtube wrap-box style-1 middle\">\n<div class=\"wrap-box-inner\" style=\"width:500px; height:333px\"><iframe class=\"wrap-box-element\" width=\"500px\" height=\"333px\" frameborder=\"0\" scrolling=\"no\" marginheight=\"0\" marginwidth=\"0\" src=\"http:\/\/www.youtube.com\/embed\/n-B-Ro9touA?rel=0&amp;wmode=opaque\"><\/iframe><\/div>\n<\/div>\n<\/div>\n<\/div>\n<div class=\"one_half last\">\n<p><img decoding=\"async\" src=\"http:\/\/dgmaxinteractive.com\/es\/wp-content\/uploads\/sites\/7\/2016\/09\/despegar_logo.png\" alt=\"despegar logo\"><\/p>\n<p>Despegar.com, la agencia de viajes n\u00famero uno de Latinoam\u00e9rica, te ofrece la posibilidad de generar nuevos ingresos en tu sitio publicitando los mejores productos de turismo. Despegar actualmente cuenta con presencia en 21 pa\u00edses, registrate en nuestra red y \u00danete al programa DESPEGAR.COM para obt\u00e9ner ganancias por cada venta de vuelo y reservas de hoteles.<\/p>\n<p>Cookie: 30 d\u00edas<br \/>\nGEO: Argentina, Brasil, Chile, Colombia, M\u00e9xico and Per\u00fa.<br \/>\nTr\u00e1fico no autorizado: SEM, social ads, display remarketing, email remarketing.<\/p>\n<\/div>\n<div class=\"clear\"><\/div>\n<div class=\"divider linebreak\">&nbsp;<\/div>\n<h2 style=\"text-align: center\"> A Continuaci\u00f3n, Puedes Aplicar como afiliado:<\/h2>\n<div class=\"divider linebreak\">&nbsp;<\/div>\n\n<div class=\"wpcf7 no-js\" id=\"wpcf7-f35-o1\" lang=\"en-US\" dir=\"ltr\">\n<div class=\"screen-reader-response\"><p role=\"status\" aria-live=\"polite\" aria-atomic=\"true\"><\/p> <ul><\/ul><\/div>\n<form action=\"\/es\/wp-json\/wp\/v2\/pages\/388#wpcf7-f35-o1\" method=\"post\" class=\"wpcf7-form init wpcf7-acceptance-as-validation\" aria-label=\"Contact form\" novalidate=\"novalidate\" data-status=\"init\">\n<div style=\"display: none;\">\n<input type=\"hidden\" name=\"_wpcf7\" value=\"35\" \/>\n<input type=\"hidden\" name=\"_wpcf7_version\" value=\"5.9.8\" \/>\n<input type=\"hidden\" name=\"_wpcf7_locale\" value=\"en_US\" \/>\n<input type=\"hidden\" name=\"_wpcf7_unit_tag\" value=\"wpcf7-f35-o1\" \/>\n<input type=\"hidden\" name=\"_wpcf7_container_post\" value=\"0\" \/>\n<input type=\"hidden\" name=\"_wpcf7_posted_data_hash\" value=\"\" \/>\n<\/div>\n<h3>Informaci\u00f3n de Contacto<\/h3>\n\n<span class=\"wpcf7-form-control-wrap affrefer\" data-name=\"affrefer\"><input type=\"hidden\" name=\"affrefer\" id=\"\" class=\"wpcf7-form-control wpcf7-hidden wpcf7dtx wpcf7dtx-hidden\" aria-invalid=\"false\" value=\"\" \/><\/span>\n\n<div class=\"one_half\"><p>Nombre (requerido)<br \/>\n    <span class=\"wpcf7-form-control-wrap\" data-name=\"contact_first_name\"><input size=\"40\" maxlength=\"25\" class=\"wpcf7-form-control wpcf7-text wpcf7-validates-as-required\" aria-required=\"true\" aria-invalid=\"false\" value=\"\" type=\"text\" name=\"contact_first_name\" \/><\/span> <\/p> <\/div>\n\n<div class=\"one_half last\">\n<p>Apellido (requerido)<br \/>\n    <span class=\"wpcf7-form-control-wrap\" data-name=\"contact_last_name\"><input size=\"40\" maxlength=\"25\" class=\"wpcf7-form-control wpcf7-text wpcf7-validates-as-required\" aria-required=\"true\" aria-invalid=\"false\" value=\"\" type=\"text\" name=\"contact_last_name\" \/><\/span> <\/p>\n<\/div>\n\n<div class=\"one_half\">\n<p>Correo Electr\u00f3nico (requerido)<br \/>\n    <span class=\"wpcf7-form-control-wrap\" data-name=\"contact_email_address\"><input size=\"40\" maxlength=\"59\" class=\"wpcf7-form-control wpcf7-email wpcf7-validates-as-required wpcf7-text wpcf7-validates-as-email\" aria-required=\"true\" aria-invalid=\"false\" value=\"\" type=\"email\" name=\"contact_email_address\" \/><\/span> <\/p>  <\/div>\n\n<div class=\"one_half last\">\n<p> Nombre de Empresa <br \/>\n    <span class=\"wpcf7-form-control-wrap\" data-name=\"affiliate_name\"><input size=\"40\" maxlength=\"50\" class=\"wpcf7-form-control wpcf7-text wpcf7-validates-as-required\" aria-required=\"true\" aria-invalid=\"false\" value=\".\" type=\"text\" name=\"affiliate_name\" \/><\/span> <\/p>\n<\/div>\n\n<div class=\"one_half\">\n<p>Skype <br \/>\n    <span class=\"wpcf7-form-control-wrap\" data-name=\"contact_im_name\"><input size=\"40\" maxlength=\"25\" class=\"wpcf7-form-control wpcf7-text\" aria-invalid=\"false\" value=\"\" type=\"text\" name=\"contact_im_name\" \/><\/span> <\/p>\n<\/div>\n\n<div class=\"one_half last\">\n<p>Tel\u00e9fono (requerido)<br \/>\n<span class=\"wpcf7-form-control-wrap\" data-name=\"contact_phone_work\"><input class=\"wpcf7-form-control wpcf7-number wpcf7-validates-as-required wpcf7-validates-as-number\" id=\"contact_phone_work\" aria-required=\"true\" aria-invalid=\"false\" value=\"\" type=\"number\" name=\"contact_phone_work\" \/><\/span>\n<\/p>\n<\/div>\n\n<div class=\"clear\"><\/div>\n<div class=\"divider\"><\/div>\n\n<h3>Direcci\u00f3n de Pago<\/h3>\n\n<div class=\"one_half\">\n<p>Direcci\u00f3n (requerido) <br \/>\n    <span class=\"wpcf7-form-control-wrap\" data-name=\"address_street\"><input size=\"40\" maxlength=\"60\" class=\"wpcf7-form-control wpcf7-text wpcf7-validates-as-required\" aria-required=\"true\" aria-invalid=\"false\" value=\"\" type=\"text\" name=\"address_street\" \/><\/span> <\/p>\n<\/div>\n\n<div class=\"one_half last\">\n<p>Direcci\u00f3n 2 <br \/>\n    <span class=\"wpcf7-form-control-wrap\" data-name=\"address_street2\"><input size=\"40\" maxlength=\"60\" class=\"wpcf7-form-control wpcf7-text\" aria-invalid=\"false\" value=\"\" type=\"text\" name=\"address_street2\" \/><\/span> <\/p>\n<\/div>\n\n<div class=\"one_half\">\n<p>Ciudad (requerido) <br \/>\n    <span class=\"wpcf7-form-control-wrap\" data-name=\"address_city\"><input size=\"40\" maxlength=\"30\" class=\"wpcf7-form-control wpcf7-text wpcf7-validates-as-required\" aria-required=\"true\" aria-invalid=\"false\" value=\"\" type=\"text\" name=\"address_city\" \/><\/span> <\/p>\n<\/div>\n\n<div class=\"one_half last\">\n<p> Estado <br \/>\n<span class=\"wpcf7-form-control-wrap\" data-name=\"address_state\"><input size=\"40\" maxlength=\"20\" class=\"wpcf7-form-control wpcf7-text wpcf7-validates-as-required\" aria-required=\"true\" aria-invalid=\"false\" value=\"\" type=\"text\" name=\"address_state\" \/><\/span>\n<\/p>\n<\/div>\n<div class=\"clear\"><\/div>\n\n<div class=\"one_third\">\n<p>Pais<br \/>\n<span class=\"wpcf7-form-control-wrap\" data-name=\"address_country\"><select class=\"wpcf7-form-control wpcf7-select wpcf7-validates-as-required\" id=\"address_country\" aria-required=\"true\" aria-invalid=\"false\" name=\"address_country\"><option value=\"United States\">United States<\/option><option value=\"Andorra\">Andorra<\/option><option value=\"United Arab Emirates\">United Arab Emirates<\/option><option value=\"Afghanistan\">Afghanistan<\/option><option value=\"Antigua and Barbuda\">Antigua and Barbuda<\/option><option value=\"Anguilla\">Anguilla<\/option><option value=\"Albania\">Albania<\/option><option value=\"Armenia\">Armenia<\/option><option value=\"Netherlands Antilles\">Netherlands Antilles<\/option><option value=\"Angola\">Angola<\/option><option value=\"Asia\/Pacific Region\">Asia\/Pacific Region<\/option><option value=\"Antarctica\">Antarctica<\/option><option value=\"Argentina\">Argentina<\/option><option value=\"American Samoa\">American Samoa<\/option><option value=\"Austria\">Austria<\/option><option value=\"Australia\">Australia<\/option><option value=\"Aruba\">Aruba<\/option><option value=\"Aland Islands\">Aland Islands<\/option><option value=\"Azerbaijan\">Azerbaijan<\/option><option value=\"Bosnia and Herzegovina\">Bosnia and Herzegovina<\/option><option value=\"Barbados\">Barbados<\/option><option value=\"Bangladesh\">Bangladesh<\/option><option value=\"Belgium\">Belgium<\/option><option value=\"Burkina Faso\">Burkina Faso<\/option><option value=\"Bulgaria\">Bulgaria<\/option><option value=\"Bahrain\">Bahrain<\/option><option value=\"Burundi\">Burundi<\/option><option value=\"Benin\">Benin<\/option><option value=\"saint barthelemy\">saint barthelemy<\/option><option value=\"Bermuda\">Bermuda<\/option><option value=\"Brunei Darussalam\">Brunei Darussalam<\/option><option value=\"Bolivia\">Bolivia<\/option><option value=\"bonaire\/sint eustatius\/saba\">bonaire\/sint eustatius\/saba<\/option><option value=\"Brazil\">Brazil<\/option><option value=\"Bahamas\">Bahamas<\/option><option value=\"Bhutan\">Bhutan<\/option><option value=\"Bouvet Island\">Bouvet Island<\/option><option value=\"Botswana\">Botswana<\/option><option value=\"Belarus\">Belarus<\/option><option value=\"Belize\">Belize<\/option><option value=\"Canada\">Canada<\/option><option value=\"cocos (keeling) islands\">cocos (keeling) islands<\/option><option value=\"Congo, The Democratic Republic of the\">Congo, The Democratic Republic of the<\/option><option value=\"Central African Republic\">Central African Republic<\/option><option value=\"Congo\">Congo<\/option><option value=\"Switzerland\">Switzerland<\/option><option value=\"Cote D&#039;Ivoire\">Cote D&#039;Ivoire<\/option><option value=\"Cook Islands\">Cook Islands<\/option><option value=\"Chile\">Chile<\/option><option value=\"Cameroon\">Cameroon<\/option><option value=\"China\">China<\/option><option value=\"Colombia\">Colombia<\/option><option value=\"Costa Rica\">Costa Rica<\/option><option value=\"Cape Verde\">Cape Verde<\/option><option value=\"curacao\">curacao<\/option><option value=\"christmas island\">christmas island<\/option><option value=\"Cyprus\">Cyprus<\/option><option value=\"Czech Republic\">Czech Republic<\/option><option value=\"Germany\">Germany<\/option><option value=\"Djibouti\">Djibouti<\/option><option value=\"Denmark\">Denmark<\/option><option value=\"Dominica\">Dominica<\/option><option value=\"Dominican Republic\">Dominican Republic<\/option><option value=\"Algeria\">Algeria<\/option><option value=\"Ecuador\">Ecuador<\/option><option value=\"Estonia\">Estonia<\/option><option value=\"Egypt\">Egypt<\/option><option value=\"western sahara\">western sahara<\/option><option value=\"Eritrea\">Eritrea<\/option><option value=\"Spain\">Spain<\/option><option value=\"Ethiopia\">Ethiopia<\/option><option value=\"Europe\">Europe<\/option><option value=\"Finland\">Finland<\/option><option value=\"Fiji\">Fiji<\/option><option value=\"Falkland Islands (Malvinas)\">Falkland Islands (Malvinas)<\/option><option value=\"Micronesia, Federated States of\">Micronesia, Federated States of<\/option><option value=\"Faroe Islands\">Faroe Islands<\/option><option value=\"France\">France<\/option><option value=\"Gabon\">Gabon<\/option><option value=\"United Kingdom\">United Kingdom<\/option><option value=\"Grenada\">Grenada<\/option><option value=\"Georgia\">Georgia<\/option><option value=\"French Guiana\">French Guiana<\/option><option value=\"Guernsey\">Guernsey<\/option><option value=\"Ghana\">Ghana<\/option><option value=\"Gibraltar\">Gibraltar<\/option><option value=\"Greenland\">Greenland<\/option><option value=\"Gambia\">Gambia<\/option><option value=\"Guinea\">Guinea<\/option><option value=\"Guadeloupe\">Guadeloupe<\/option><option value=\"Equatorial Guinea\">Equatorial Guinea<\/option><option value=\"Greece\">Greece<\/option><option value=\"south georgia \/ south sandwich isl\">south georgia \/ south sandwich isl<\/option><option value=\"Guatemala\">Guatemala<\/option><option value=\"Guam\">Guam<\/option><option value=\"Guinea-Bissau\">Guinea-Bissau<\/option><option value=\"Guyana\">Guyana<\/option><option value=\"Hong Kong\">Hong Kong<\/option><option value=\"heard and mc donald islands\">heard and mc donald islands<\/option><option value=\"Honduras\">Honduras<\/option><option value=\"Croatia\">Croatia<\/option><option value=\"Haiti\">Haiti<\/option><option value=\"Hungary\">Hungary<\/option><option value=\"Indonesia\">Indonesia<\/option><option value=\"Ireland\">Ireland<\/option><option value=\"Israel\">Israel<\/option><option value=\"Isle of Man\">Isle of Man<\/option><option value=\"India\">India<\/option><option value=\"British Indian Ocean Territory\">British Indian Ocean Territory<\/option><option value=\"Iraq\">Iraq<\/option><option value=\"Iceland\">Iceland<\/option><option value=\"Italy\">Italy<\/option><option value=\"Jersey\">Jersey<\/option><option value=\"Jamaica\">Jamaica<\/option><option value=\"Jordan\">Jordan<\/option><option value=\"Japan\">Japan<\/option><option value=\"Kenya\">Kenya<\/option><option value=\"Kyrgyzstan\">Kyrgyzstan<\/option><option value=\"Cambodia\">Cambodia<\/option><option value=\"Kiribati\">Kiribati<\/option><option value=\"Comoros\">Comoros<\/option><option value=\"Saint Kitts and Nevis\">Saint Kitts and Nevis<\/option><option value=\"Korea, Republic of\">Korea, Republic of<\/option><option value=\"Kuwait\">Kuwait<\/option><option value=\"Cayman Islands\">Cayman Islands<\/option><option value=\"Kazakstan\">Kazakstan<\/option><option value=\"Lao People&#039;s Democratic Republic\">Lao People&#039;s Democratic Republic<\/option><option value=\"Lebanon\">Lebanon<\/option><option value=\"Saint Lucia\">Saint Lucia<\/option><option value=\"Liechtenstein\">Liechtenstein<\/option><option value=\"Sri Lanka\">Sri Lanka<\/option><option value=\"Liberia\">Liberia<\/option><option value=\"Lesotho\">Lesotho<\/option><option value=\"Lithuania\">Lithuania<\/option><option value=\"Luxembourg\">Luxembourg<\/option><option value=\"Latvia\">Latvia<\/option><option value=\"Libyan Arab Jamahiriya\">Libyan Arab Jamahiriya<\/option><option value=\"Morocco\">Morocco<\/option><option value=\"Monaco\">Monaco<\/option><option value=\"Moldova, Republic of\">Moldova, Republic of<\/option><option value=\"Montenegro\">Montenegro<\/option><option value=\"saint martin\">saint martin<\/option><option value=\"Madagascar\">Madagascar<\/option><option value=\"Marshall Islands\">Marshall Islands<\/option><option value=\"Macedonia\">Macedonia<\/option><option value=\"Mali\">Mali<\/option><option value=\"Myanmar\">Myanmar<\/option><option value=\"Mongolia\">Mongolia<\/option><option value=\"Macau\">Macau<\/option><option value=\"Northern Mariana Islands\">Northern Mariana Islands<\/option><option value=\"Martinique\">Martinique<\/option><option value=\"Mauritania\">Mauritania<\/option><option value=\"Montserrat\">Montserrat<\/option><option value=\"Malta\">Malta<\/option><option value=\"Mauritius\">Mauritius<\/option><option value=\"Maldives\">Maldives<\/option><option value=\"Malawi\">Malawi<\/option><option value=\"Mexico\">Mexico<\/option><option value=\"Malaysia\">Malaysia<\/option><option value=\"Mozambique\">Mozambique<\/option><option value=\"Namibia\">Namibia<\/option><option value=\"New Caledonia\">New Caledonia<\/option><option value=\"Niger\">Niger<\/option><option value=\"Norfolk Island\">Norfolk Island<\/option><option value=\"Nigeria\">Nigeria<\/option><option value=\"Nicaragua\">Nicaragua<\/option><option value=\"Netherlands\">Netherlands<\/option><option value=\"Norway\">Norway<\/option><option value=\"Nepal\">Nepal<\/option><option value=\"Nauru\">Nauru<\/option><option value=\"Niue\">Niue<\/option><option value=\"New Zealand\">New Zealand<\/option><option value=\"Oman\">Oman<\/option><option value=\"Panama\">Panama<\/option><option value=\"Peru\">Peru<\/option><option value=\"French Polynesia\">French Polynesia<\/option><option value=\"Papua New Guinea\">Papua New Guinea<\/option><option value=\"Philippines\">Philippines<\/option><option value=\"Pakistan\">Pakistan<\/option><option value=\"Poland\">Poland<\/option><option value=\"Saint Pierre and Miquelon\">Saint Pierre and Miquelon<\/option><option value=\"pitcairn\">pitcairn<\/option><option value=\"Puerto Rico\">Puerto Rico<\/option><option value=\"Palestinian Territory, Occupied\">Palestinian Territory, Occupied<\/option><option value=\"Portugal\">Portugal<\/option><option value=\"Palau\">Palau<\/option><option value=\"Paraguay\">Paraguay<\/option><option value=\"Qatar\">Qatar<\/option><option value=\"Reunion\">Reunion<\/option><option value=\"Romania\">Romania<\/option><option value=\"Serbia\">Serbia<\/option><option value=\"Russian Federation\">Russian Federation<\/option><option value=\"Rwanda\">Rwanda<\/option><option value=\"Saudi Arabia\">Saudi Arabia<\/option><option value=\"Solomon Islands\">Solomon Islands<\/option><option value=\"Seychelles\">Seychelles<\/option><option value=\"Sudan\">Sudan<\/option><option value=\"Sweden\">Sweden<\/option><option value=\"Singapore\">Singapore<\/option><option value=\"st. helena\">st. helena<\/option><option value=\"Slovenia\">Slovenia<\/option><option value=\"svalbard and jan mayen islands\">svalbard and jan mayen islands<\/option><option value=\"Slovakia\">Slovakia<\/option><option value=\"Sierra Leone\">Sierra Leone<\/option><option value=\"San Marino\">San Marino<\/option><option value=\"Senegal\">Senegal<\/option><option value=\"Somalia\">Somalia<\/option><option value=\"Suriname\">Suriname<\/option><option value=\"south sudan\">south sudan<\/option><option value=\"Sao Tome and Principe\">Sao Tome and Principe<\/option><option value=\"El Salvador\">El Salvador<\/option><option value=\"sint maarten\">sint maarten<\/option><option value=\"Swaziland\">Swaziland<\/option><option value=\"Turks and Caicos Islands\">Turks and Caicos Islands<\/option><option value=\"Chad\">Chad<\/option><option value=\"french southern territories\">french southern territories<\/option><option value=\"Togo\">Togo<\/option><option value=\"Thailand\">Thailand<\/option><option value=\"Tajikistan\">Tajikistan<\/option><option value=\"Tokelau\">Tokelau<\/option><option value=\"timor-leste\">timor-leste<\/option><option value=\"Turkmenistan\">Turkmenistan<\/option><option value=\"Tunisia\">Tunisia<\/option><option value=\"Tonga\">Tonga<\/option><option value=\"Turkey\">Turkey<\/option><option value=\"Trinidad and Tobago\">Trinidad and Tobago<\/option><option value=\"Tuvalu\">Tuvalu<\/option><option value=\"Taiwan\">Taiwan<\/option><option value=\"Tanzania, United Republic of\">Tanzania, United Republic of<\/option><option value=\"Ukraine\">Ukraine<\/option><option value=\"Uganda\">Uganda<\/option><option value=\"United States Minor Outlying Islands\">United States Minor Outlying Islands<\/option><option value=\"Uruguay\">Uruguay<\/option><option value=\"Uzbekistan\">Uzbekistan<\/option><option value=\"Holy See (Vatican City State)\">Holy See (Vatican City State)<\/option><option value=\"Saint Vincent and the Grenadines\">Saint Vincent and the Grenadines<\/option><option value=\"Venezuela\">Venezuela<\/option><option value=\"Virgin Islands, British\">Virgin Islands, British<\/option><option value=\"Virgin Islands, U.S.\">Virgin Islands, U.S.<\/option><option value=\"Vietnam\">Vietnam<\/option><option value=\"Vanuatu\">Vanuatu<\/option><option value=\"Wallis and Futuna\">Wallis and Futuna<\/option><option value=\"Samoa\">Samoa<\/option><option value=\"Yemen\">Yemen<\/option><option value=\"Mayotte\">Mayotte<\/option><option value=\"South Africa\">South Africa<\/option><option value=\"Zambia\">Zambia<\/option><option value=\"Zimbabwe\">Zimbabwe<\/option><\/select><\/span>\n<\/p>\n<\/div>\n\n\n<div class=\"one_third\">\n<p> Codigo Postal (requerido) <br \/>\n<span class=\"wpcf7-form-control-wrap\" data-name=\"address_zip_code\"><input class=\"wpcf7-form-control wpcf7-number wpcf7-validates-as-required wpcf7-validates-as-number\" id=\"address_zip_code\" max=\"9999999999\" aria-required=\"true\" aria-invalid=\"false\" value=\"\" type=\"number\" name=\"address_zip_code\" \/><\/span>\n<\/p>\n<\/div>\n\n<div class=\"one_third last\">\n<p>M\u00e9todo Preferido De Pago <br \/>\n<span class=\"wpcf7-form-control-wrap\" data-name=\"payment_type_id\"><select class=\"wpcf7-form-control wpcf7-select wpcf7-validates-as-required\" id=\"payment_type_id\" aria-required=\"true\" aria-invalid=\"false\" name=\"payment_type_id\"><option value=\"Check\">Check<\/option><option value=\"Paypal\">Paypal<\/option><option value=\"Direct Deposit\">Direct Deposit<\/option><\/select><\/span>\n<\/p>\n<\/div>\n\n<div class=\"divider\"><\/div>\n<h3>Informaci\u00f3n sobre el tr\u00e1fico\/sitio <\/h3>\n<p>Sitio (Required) <br \/>\n    <span class=\"wpcf7-form-control-wrap\" data-name=\"website\"><input size=\"40\" maxlength=\"99\" class=\"wpcf7-form-control wpcf7-text wpcf7-validates-as-required\" aria-required=\"true\" aria-invalid=\"false\" value=\"\" type=\"text\" name=\"website\" \/><\/span> <\/p>\n\n\n<p>Notas: Informacion adicional sobre el trafico\/ sitio\/ Referido por <br \/>\n    <span class=\"wpcf7-form-control-wrap\" data-name=\"notes\"><textarea cols=\"40\" rows=\"10\" maxlength=\"2000\" class=\"wpcf7-form-control wpcf7-textarea\" aria-invalid=\"false\" name=\"notes\"><\/textarea><\/span> <\/p>\n<div class=\"clear\"><\/div>\n<br>\n<p>\n<span class=\"wpcf7-form-control-wrap\" data-name=\"terms_and_conditions_agreed\"><span class=\"wpcf7-form-control wpcf7-acceptance\"><span class=\"wpcf7-list-item\"><input type=\"checkbox\" name=\"terms_and_conditions_agreed\" value=\"1\" aria-invalid=\"false\" \/><\/span><\/span><\/span> Al marcar esta casilla , afirmo que he le\u00eddo, y estoy de acuerdo con todos los <a href=\"http:\/\/dgmaxinteractive.com\/es\/terms.html\/\" class=\"popmake-45\">terminos y condiciones.<\/a> <\/p>\n\n[recaptcha]\n\n<p><input class=\"wpcf7-form-control wpcf7-submit has-spinner\" type=\"submit\" value=\"Enviar\" \/><\/p><div class=\"wpcf7-response-output\" aria-hidden=\"true\"><\/div>\n<\/form>\n<\/div>\n\n","protected":false},"excerpt":{"rendered":"<p>A Continuaci\u00f3n, Puedes Aplicar como afiliado:<\/p>\n","protected":false},"author":1,"featured_media":0,"parent":0,"menu_order":0,"comment_status":"closed","ping_status":"closed","template":"","meta":{"footnotes":""},"class_list":["post-388","page","type-page","status-publish","hentry"],"_links":{"self":[{"href":"https:\/\/dgmaxinteractive.com\/es\/wp-json\/wp\/v2\/pages\/388"}],"collection":[{"href":"https:\/\/dgmaxinteractive.com\/es\/wp-json\/wp\/v2\/pages"}],"about":[{"href":"https:\/\/dgmaxinteractive.com\/es\/wp-json\/wp\/v2\/types\/page"}],"author":[{"embeddable":true,"href":"https:\/\/dgmaxinteractive.com\/es\/wp-json\/wp\/v2\/users\/1"}],"replies":[{"embeddable":true,"href":"https:\/\/dgmaxinteractive.com\/es\/wp-json\/wp\/v2\/comments?post=388"}],"version-history":[{"count":27,"href":"https:\/\/dgmaxinteractive.com\/es\/wp-json\/wp\/v2\/pages\/388\/revisions"}],"predecessor-version":[{"id":469,"href":"https:\/\/dgmaxinteractive.com\/es\/wp-json\/wp\/v2\/pages\/388\/revisions\/469"}],"wp:attachment":[{"href":"https:\/\/dgmaxinteractive.com\/es\/wp-json\/wp\/v2\/media?parent=388"}],"curies":[{"name":"wp","href":"https:\/\/api.w.org\/{rel}","templated":true}]}}