{"id":11,"date":"2016-01-03T22:37:40","date_gmt":"2016-01-03T22:37:40","guid":{"rendered":"http:\/\/dgmaxinteractive.com\/es\/?page_id=11"},"modified":"2016-01-05T18:59:35","modified_gmt":"2016-01-05T18:59:35","slug":"sobre-nosotros","status":"publish","type":"page","link":"https:\/\/dgmaxinteractive.com\/es\/sobre-nosotros.html","title":{"rendered":"Sobre Nosotros"},"content":{"rendered":"<div class=\"one_half\">\n<div class=\"image wrap-box no-style below\" style=\"\">\n<div class=\"wrap-box-inner\"><img decoding=\"async\" class=\"wrap-box-element\" style=\" \" src=\"http:\/\/dgmaxinteractive.com\/wp-content\/uploads\/sites\/7\/2016\/01\/meeting_room_1.jpg\" alt=\"\"\/><\/div>\n<\/div>\n<\/div>\n<div class=\"one_half last\">\n<h3>\u00bfQui\u00e9nes somos?<\/h3>\n<p>DGMAX Interactive es una empresa de marketing de resultados\u00a0con base en Nueva York (EE.UU.). Con m\u00e1s de 8 a\u00f1os de experiencia en marketing online, centramos nuestro trabajo en el marketing CPA (costo por acci\u00f3n) \/ marketing de resultados.<\/p>\n<p>&nbsp;<\/p>\n<p>En DGMAX Interactive combinamos conocimiento con tecnolog\u00eda para ayudar al crecimiento y rendimiento de nuestros clientes. Nuestro objetivo es construir relaciones duraderas y saludables con nuestros anunciantes y afiliados sobre la base de beneficios mutuos.<\/p>\n<p>&nbsp;<\/p>\n<p>Para nosotros, la calidad es siempre m\u00e1s importante que la cantidad.<\/p>\n<p>Garantizamos que nuestra red de afiliados est\u00e1 libre de\u00a0correo\u00a0SPAM, programas Adware y Spyware.<\/p>\n<\/div>\n<div class=\"clear\"><\/div>\n<div class=\"divider linebreak\">&nbsp;<\/div>\n<div class=\"block quickfinder\">\n<div class=\"central-wrapper clearfix\">\n<h2 style=\"text-align: center\">SERVICIOS DE ADQUISICI\u00d3N DE CLIENTES INCLU\u00cdDOS:<\/h2>\n<ul class=\"lazy-loading styled\">\n<li><span class=\"image lazy-loading-item\" style=\"background-color: #3a5370\">\ue675<\/span><br \/>\n<span class=\"lazy-loading-item caption\"><br \/>\n<span class=\"title\">Generaci\u00f3n de contactos <\/span><br \/>\n<span class=\"description\">Experiencia y capacidad para crear una campa\u00f1a de generaci\u00f3n de contactos exitosa<\/span> <\/span><\/li>\n<li><span class=\"image lazy-loading-item\" style=\"background-color: #558cad\">\ue651<\/span><br \/>\n<span class=\"lazy-loading-item caption\"><br \/>\n<span class=\"title\">Co-Reg<\/span><br \/>\n<span class=\"description\">Generamos opt-ins e inscripciones a trav\u00e9s de un enfoque multicanal.<\/span> <\/span><\/li>\n<li><span class=\"image lazy-loading-item\" style=\"background-color: #48afdb\">\ue685<\/span><br \/>\n<span class=\"lazy-loading-item caption\"><br \/>\n<span class=\"title\">e-Commerce <\/span><br \/>\n<span class=\"description\">Generamos clientes y ventas para el comercio en l\u00ednea .<\/span> <\/span><\/li>\n<li><span class=\"image lazy-loading-item\" style=\"background-color: #60dbc4\">\ue62b<\/span><br \/>\n<span class=\"lazy-loading-item caption\"><br \/>\n<span class=\"title\">INSTALACI\u00d3N DE APLICACIONESs<\/span><br \/>\n<span class=\"description\">Tome el control de sus campa\u00f1as para instalaci\u00f3n de aplicaciones m\u00f3viles<\/span> <\/span><\/li>\n<\/ul>\n<\/div>\n<\/div>\n<div class=\"alert-box iconed\">\n<div class=\"clearfix\">\n<div class=\"alert-icon\" style=\"border-color: #FFFFFF; background-color: #FFFFFF; color: #DA5F71;\">&#xe6ac;<\/div>\n<div class=\"text\">\n<h2>\u00a1CONT\u00c1CTENOS EL D\u00cdA DE HOY!<\/h2>\n<div> Por favor cont\u00e1ctenos para m\u00e1s informaci\u00f3n y poder discutir las posibilidad para maximizar sus ingresos con nuestro marketing de resultados.<\/div>\n<\/div>\n<div class=\"alert-button\"><a class=\"button\" href=\"http:\/\/dgmaxinteractive.com\/es\/contacto.html\" style=\"background-color: #DA5F71;\">CONT\u00c1CTENOS!<\/a><\/div>\n<\/div>\n<\/div>\n","protected":false},"excerpt":{"rendered":"<p>SERVICIOS DE ADQUISICI\u00d3N DE CLIENTES INCLU\u00cdDOS: \ue675 Generaci\u00f3n de contactos Experiencia y capacidad para crear una campa\u00f1a de generaci\u00f3n de&#8230;<\/p>\n","protected":false},"author":1,"featured_media":0,"parent":0,"menu_order":0,"comment_status":"closed","ping_status":"closed","template":"","meta":{"footnotes":""},"class_list":["post-11","page","type-page","status-publish","hentry"],"_links":{"self":[{"href":"https:\/\/dgmaxinteractive.com\/es\/wp-json\/wp\/v2\/pages\/11"}],"collection":[{"href":"https:\/\/dgmaxinteractive.com\/es\/wp-json\/wp\/v2\/pages"}],"about":[{"href":"https:\/\/dgmaxinteractive.com\/es\/wp-json\/wp\/v2\/types\/page"}],"author":[{"embeddable":true,"href":"https:\/\/dgmaxinteractive.com\/es\/wp-json\/wp\/v2\/users\/1"}],"replies":[{"embeddable":true,"href":"https:\/\/dgmaxinteractive.com\/es\/wp-json\/wp\/v2\/comments?post=11"}],"version-history":[{"count":16,"href":"https:\/\/dgmaxinteractive.com\/es\/wp-json\/wp\/v2\/pages\/11\/revisions"}],"predecessor-version":[{"id":225,"href":"https:\/\/dgmaxinteractive.com\/es\/wp-json\/wp\/v2\/pages\/11\/revisions\/225"}],"wp:attachment":[{"href":"https:\/\/dgmaxinteractive.com\/es\/wp-json\/wp\/v2\/media?parent=11"}],"curies":[{"name":"wp","href":"https:\/\/api.w.org\/{rel}","templated":true}]}}