{"id":9,"date":"2016-01-03T21:18:35","date_gmt":"2016-01-03T21:18:35","guid":{"rendered":"http:\/\/dgmaxinteractive.com\/br\/?page_id=9"},"modified":"2017-02-02T14:55:09","modified_gmt":"2017-02-02T14:55:09","slug":"agencia","status":"publish","type":"page","link":"https:\/\/dgmaxinteractive.com\/br\/agencia.html","title":{"rendered":"Ag\u00eancias"},"content":{"rendered":"<div class=\"one_half\">\n<h3>Expandir seu alcance<\/h3>\n<p>Complemente as suas campanhas usando a nossa rede de marketing de performance, gerando tr\u00e1fego de alta qualidade para promover os produtos e servi\u00e7os de seus clientes. Nosso programa de marketing de performance possui risco m\u00ednimo, j\u00e1 que voc\u00ea \/seu cliente s\u00f3 pagam quando receber uma aquisi\u00e7\u00e3o com sucesso.<br \/>\nTipos de campanhas:<br \/>\n&#8211; Custo por clique (CPC);<br \/>\n&#8211; Custo por lead (CPL);<br \/>\n&#8211; Custo por instala\u00e7\u00e3o de app (CPI);<br \/>\n&#8211; Custo por aquisi\u00e7\u00e3o (CPA).<\/p>\n<p>Na DGMAX Interactive, n\u00f3s fornecemos: <\/p><\/div>\n<div class=\"one_half last\">\n<div class=\"iconed-text clearfix\"><span class=\"icon\" style=\"border-color: ; background-color: ; color: ;\">&#xe65b;<\/span><\/p>\n<div class=\"text\">\n<h5>Estrat\u00e9gias de Marketing para Desempenho<\/h5>\n<div><\/div>\n<\/div>\n<\/div>\n<div class=\"divider\"><\/div>\n<div class=\"iconed-text clearfix\"><span class=\"icon\" style=\"border-color: ; background-color: ; color: ;\">&#xe66a;<\/span><\/p>\n<div class=\"text\">\n<h5>Gerenciamento de campanhas<\/h5>\n<div><\/div>\n<\/div>\n<\/div>\n<div class=\"divider\"><\/div>\n<div class=\"iconed-text clearfix\"><span class=\"icon\" style=\"border-color: ; background-color: ; color: ;\">&#xe633;<\/span><\/p>\n<div class=\"text\">\n<h5>Suporte Dedicado a anunciantes<\/h5>\n<div><\/div>\n<\/div>\n<\/div>\n<\/div>\n<div class=\"clear\"><\/div>\n<div class=\"divider linebreak\">&nbsp;<\/div>\n<p>&nbsp;<\/p>\n<div class=\"one_half\">\n<div class=\"text_box\" style=\"border: none; background-color:#e8ecef;\">\n<h4 class=\"title\" style=\"background-color:#2c2e3a;color:#45a0dc;\">AG\u00caNCIAS LOCAIS<\/h4>\n<div class=\"text clearfix\" style=\"\"> Ajudamos ag\u00eancias locais a expandir para novos mercados. Planeje sua pr\u00f3xima campanha internacional conosco. <\/div>\n<\/div>\n<\/div>\n<div class=\"one_half last\">\n<div class=\"text_box\" style=\"border: none; background-color:#e8ecef;\">\n<h4 class=\"title\" style=\"background-color:#2c2e3a;color:#45a0dc;\">AG\u00caNCIAS INTERNACIONAIS<\/h4>\n<div class=\"text clearfix\" style=\"\">A DGMAX Interactive ajuda ag\u00eancias internacionais a atingir consumidores localizados nos EUA. Para mais informa\u00e7\u00f5es, entre em contato conosco. <\/div>\n<\/div>\n<\/div>\n<div class=\"clear\"><\/div>\n<p>&nbsp;<\/p>\n<div class=\"divider linebreak\">&nbsp;<\/div>\n<div class=\"block quickfinder\">\n<div class=\"central-wrapper clearfix\">\n<h2 style=\"text-align: center\">GERENCIAMOS OS SEGUINTES CANAIS DE TR\u00c1FEGO:<\/h2>\n<ul class=\"lazy-loading styled\">\n<li><span class=\"image lazy-loading-item\" style=\"background-color: #ff8b00\">\ue601<\/span><br \/>\n<span class=\"lazy-loading-item caption\"><br \/>\n<span class=\"title\"> Email Marketing <\/span><br \/>\n<span class=\"description\">Email marketing \u00e9 f\u00e1cil de ser utilizado. Seu custo e efici\u00eancia s\u00e3o perfeitos para a maioria dos clientes.<\/span><\/span><\/li>\n<li><span class=\"image lazy-loading-item\" style=\"background-color: #558cad\">\ue699<\/span><br \/>\n<span class=\"lazy-loading-item caption\"><br \/>\n<span class=\"title\">M\u00eddias Sociais<\/span><br \/>\n<span class=\"description\">Focamos em an\u00fancios que promovem aumento de audi\u00eancia, visibilidade, envolvimento e tr\u00e1fego para a sua marca.<\/span> <\/span><\/li>\n<li><span class=\"image lazy-loading-item\" style=\"background-color: #48afdb\">\ue6c1<\/span><br \/>\n<span class=\"lazy-loading-item caption\"><br \/>\n<span class=\"title\"> Display <\/span><br \/>\n<span class=\"description\">Tradicional publicidade visual atrav\u00e9s de banners e redirecionamento de tr\u00e1fego.<br \/>\n<\/span><\/span><\/li>\n<li><span class=\"image lazy-loading-item\" style=\"background-color: #60dbc4\">\ue62b<\/span><br \/>\n<span class=\"lazy-loading-item caption\"><br \/>\n<span class=\"title\"> Mobile <\/span><br \/>\n<span class=\"description\">N\u00f3s ajudamos a gerar instala\u00e7\u00f5es para seu aplicativo.<\/span><\/span><\/li>\n<\/ul>\n<\/div>\n<\/div>\n<div class=\"divider linebreak\">&nbsp;<\/div>\n<div class=\"alert-box iconed\">\n<div class=\"clearfix\">\n<div class=\"alert-icon\" style=\"border-color: #FFFFFF; background-color: #FFFFFF; color: #DA5F71;\">&#xe6ac;<\/div>\n<div class=\"text\">\n<h2>ENTRE EM CONTATO CONOSCO!<\/h2>\n<div>Entre em contato conosco para mais informa\u00e7\u00f5es ou para desenvolvermos estrat\u00e9gias que maximizem seu lucro com nosso marketing de performance.<\/div>\n<\/div>\n<div class=\"alert-button\"><a class=\"button\" href=\"http:\/\/dgmaxinteractive.com\/br\/contato.html\" style=\"background-color: #DA5F71;\">Contate-nos!<\/a><\/div>\n<\/div>\n<\/div>\n","protected":false},"excerpt":{"rendered":"<p>&nbsp; &nbsp; GERENCIAMOS OS SEGUINTES CANAIS DE TR\u00c1FEGO: \ue601 Email Marketing Email marketing \u00e9 f\u00e1cil de ser utilizado. Seu custo&#8230;<\/p>\n","protected":false},"author":1,"featured_media":0,"parent":0,"menu_order":0,"comment_status":"closed","ping_status":"closed","template":"","meta":{"footnotes":""},"class_list":["post-9","page","type-page","status-publish","hentry"],"_links":{"self":[{"href":"https:\/\/dgmaxinteractive.com\/br\/wp-json\/wp\/v2\/pages\/9"}],"collection":[{"href":"https:\/\/dgmaxinteractive.com\/br\/wp-json\/wp\/v2\/pages"}],"about":[{"href":"https:\/\/dgmaxinteractive.com\/br\/wp-json\/wp\/v2\/types\/page"}],"author":[{"embeddable":true,"href":"https:\/\/dgmaxinteractive.com\/br\/wp-json\/wp\/v2\/users\/1"}],"replies":[{"embeddable":true,"href":"https:\/\/dgmaxinteractive.com\/br\/wp-json\/wp\/v2\/comments?post=9"}],"version-history":[{"count":26,"href":"https:\/\/dgmaxinteractive.com\/br\/wp-json\/wp\/v2\/pages\/9\/revisions"}],"predecessor-version":[{"id":285,"href":"https:\/\/dgmaxinteractive.com\/br\/wp-json\/wp\/v2\/pages\/9\/revisions\/285"}],"wp:attachment":[{"href":"https:\/\/dgmaxinteractive.com\/br\/wp-json\/wp\/v2\/media?parent=9"}],"curies":[{"name":"wp","href":"https:\/\/api.w.org\/{rel}","templated":true}]}}