{"id":7,"date":"2016-01-03T21:39:48","date_gmt":"2016-01-03T21:39:48","guid":{"rendered":"http:\/\/dgmaxinteractive.com\/br\/?page_id=7"},"modified":"2017-02-02T14:46:41","modified_gmt":"2017-02-02T14:46:41","slug":"afiliados","status":"publish","type":"page","link":"https:\/\/dgmaxinteractive.com\/br\/afiliados.html","title":{"rendered":"Afiliados"},"content":{"rendered":"<div class=\"one_half\">\n<div class=\"image wrap-box no-style below\" style=\"\">\n<div class=\"wrap-box-inner\"><img decoding=\"async\" class=\"wrap-box-element\" style=\" \" src=\"\nhttp:\/\/dgmaxinteractive.com\/wp-content\/uploads\/sites\/6\/2016\/01\/publishers.jpg\" alt=\"\"\/><\/div>\n<\/div><\/div>\n<div class=\"one_half last\">\n<h3>RENTABILIZE SEU TR\u00c1FEGO!<\/h3>\n<p>Dgmax Interactive \u00e9 uma empresa de marketing de performance, operando campanhas em todo o mundo.<br \/>\nA DGMAX est\u00e1 presente na Am\u00e9rica Latina, Europa, Estados Unidos e Canad\u00e1. N\u00f3s ajudamos os afiliados a maximizar seus rendimentos atrav\u00e9s de campanhas CPA, CPL, CPC e mobile, oferecendo todo suporte necess\u00e1rio e utilizando estrat\u00e9gias de marketing combinada com alto padr\u00e3o \u00e9tico para Marketing Online. Estamos empenhados em manter uma parceria constante com nossos afiliados para que os mesmos obtenham sucesso em suas performances.<br \/>\n<\/br> Se deseja fazer parte da nossa rede <a href=\"http:\/\/dgmaxinteractive.com\/affiliate_signup.html\"> Clique aqui! <\/a> <\/div>\n<div class=\"clear\"><\/div>\n<div class=\"divider linebreak\">&nbsp;<\/div>\n<h2 style=\"text-align: center\">Na Dgmax Interactive, oferecemos:<\/h2>\n<div class=\"divider linebreak\">&nbsp;<\/div>\n<div class=\"text_box\" style=\"border: none; \">\n<div class=\"text clearfix\" style=\"\">\n<div class=\"one_third\">\n<div class=\"iconed-text clearfix\"><span class=\"icon\" style=\"border-color: #ffffff; background-color: #ffffff; color: #5ADBBF;\">&#xe633;<\/span><\/p>\n<div class=\"text\">\n<h5>AMPLO SUPORTE PARA OS AFILIADOS. <\/h5>\n<div> Nossos gerentes ajudar\u00e3o na escolha da melhor oferta para o seu p\u00fablico.<\/div>\n<\/div>\n<\/div>\n<div class=\"divider\"><\/div>\n<\/div>\n<div class=\"one_third\">\n<div class=\"iconed-text clearfix\"><span class=\"icon\" style=\"border-color: #ffffff; background-color: #ffffff; color: #9CC9A0;\">&#xe690;<\/span><\/p>\n<div class=\"text\">\n<h5>ALTA CONVERS\u00c3O NAS OFERTAS<\/h5>\n<div>Somente promovemos campanhas que obtivemos bons resultados. <\/div>\n<\/div>\n<\/div>\n<div class=\"divider\"><\/div>\n<\/div>\n<div class=\"one_third last\">\n<div class=\"iconed-text clearfix\"><span class=\"icon\" style=\"border-color: #ffffff; background-color: #ffffff; color: #556272;\">&#xe654;<\/span><\/p>\n<div class=\"text\">\n<h5>PAGAMENTOS SEM ATRASOS E FLEX\u00cdVEIS <\/h5>\n<div> Excelente reputa\u00e7\u00e3o em pagamentos. <\/div>\n<\/div>\n<\/div>\n<div class=\"divider\"><\/div>\n<\/div>\n<div class=\"clear\"><\/div>\n<div class=\"one_third\">\n<div class=\"iconed-text clearfix\"><span class=\"icon\" style=\"border-color: #ffffff; background-color: #ffffff; color: #598BAC;\">&#xe699;<\/span><\/p>\n<div class=\"text\">\n<h5>PAGAMENTOS LUCRATIVOS E COMPETITIVOS<\/h5>\n<div>Como trabalhamos diretamente com os anunciantes, garantimos os melhores pagamentos para nossos afiliados. <\/div>\n<\/div>\n<\/div>\n<div class=\"divider\"><\/div>\n<\/div>\n<div class=\"one_third\">\n<div class=\"iconed-text clearfix\"><span class=\"icon\" style=\"border-color: #ffffff; background-color: #ffffff; color: #BEE17B;\">&#xe62a;<\/span><\/p>\n<div class=\"text\">\n<h5>Responsivo &amp; Mobile<\/h5>\n<div>Nossas campanhas s\u00e3o otimizadas para tr\u00e1fego em celulares garantindo o m\u00e1ximo em convers\u00e3o. <\/div>\n<\/div>\n<\/div>\n<div class=\"divider\"><\/div>\n<\/div>\n<div class=\"one_third last\">\n<div class=\"iconed-text clearfix\"><span class=\"icon\" style=\"border-color: #ffffff; background-color: #ffffff; color: #FD573D;\">&#xe607;<\/span><\/p>\n<div class=\"text\">\n<h5>Parasite Free Network<\/h5>\n<div>Somente aceitamos afiliados que s\u00e3o aut\u00eanticos.<\/div>\n<\/div>\n<\/div>\n<div class=\"divider\"><\/div>\n<\/div>\n<div class=\"clear\"><\/div>\n<\/div>\n<\/div>\n<div class=\"divider linebreak\">&nbsp;<\/div>\n<div class=\"alert-box iconed\">\n<div class=\"clearfix\">\n<div class=\"alert-icon\" style=\"border-color: #FFFFFF; background-color: #FFFFFF; color: #DA5F71;\">&#xe6ad;<\/div>\n<div class=\"text\">\n<h2>FA\u00c7A PARTE DA NOSSA REDE!<\/h2>\n<div> Registre-se ou entre em contato conosco para mais informa\u00e7\u00f5es. Revisamos manualmente todos os pedidos.<\/div>\n<\/div>\n<div class=\"alert-button\"><a class=\"button\" href=\"http:\/\/dgmaxinteractive.com\/br\/affiliate_signup.html\" style=\"background-color: #DA5F71;\">Inscreva-Se Hoje!<\/a><\/div>\n<\/div>\n<\/div>\n<div class=\"divider linebreak\">&nbsp;<\/div>\n","protected":false},"excerpt":{"rendered":"<p>Na Dgmax Interactive, oferecemos:<\/p>\n","protected":false},"author":1,"featured_media":0,"parent":0,"menu_order":0,"comment_status":"closed","ping_status":"closed","template":"","meta":{"footnotes":""},"class_list":["post-7","page","type-page","status-publish","hentry"],"_links":{"self":[{"href":"https:\/\/dgmaxinteractive.com\/br\/wp-json\/wp\/v2\/pages\/7"}],"collection":[{"href":"https:\/\/dgmaxinteractive.com\/br\/wp-json\/wp\/v2\/pages"}],"about":[{"href":"https:\/\/dgmaxinteractive.com\/br\/wp-json\/wp\/v2\/types\/page"}],"author":[{"embeddable":true,"href":"https:\/\/dgmaxinteractive.com\/br\/wp-json\/wp\/v2\/users\/1"}],"replies":[{"embeddable":true,"href":"https:\/\/dgmaxinteractive.com\/br\/wp-json\/wp\/v2\/comments?post=7"}],"version-history":[{"count":22,"href":"https:\/\/dgmaxinteractive.com\/br\/wp-json\/wp\/v2\/pages\/7\/revisions"}],"predecessor-version":[{"id":281,"href":"https:\/\/dgmaxinteractive.com\/br\/wp-json\/wp\/v2\/pages\/7\/revisions\/281"}],"wp:attachment":[{"href":"https:\/\/dgmaxinteractive.com\/br\/wp-json\/wp\/v2\/media?parent=7"}],"curies":[{"name":"wp","href":"https:\/\/api.w.org\/{rel}","templated":true}]}}