{"id":300,"date":"2019-09-02T20:30:45","date_gmt":"2019-09-02T20:30:45","guid":{"rendered":"http:\/\/dgmaxinteractive.com\/br\/?page_id=300"},"modified":"2021-01-07T19:28:15","modified_gmt":"2021-01-07T19:28:15","slug":"lgpd","status":"publish","type":"page","link":"https:\/\/dgmaxinteractive.com\/br\/lgpd.html","title":{"rendered":"LGPD"},"content":{"rendered":"\n<h2 class=\"wp-block-heading\">Pol\u00edtica LGPD para DGMAX Interactive<\/h2>\n\n\n\n<p>Em dgmaxinteractive, acess\u00edvel em dgmaxinteractive.com, uma de nossas principais prioridades \u00e9 a privacidade dos dados de nossos visitantes. Este documento de Pol\u00edtica LGPD cont\u00e9m os tipos de informa\u00e7\u00f5es que s\u00e3o coletadas pela dgmaxinteractive e como as usamos.<\/p>\n\n\n\n<p>Se voc\u00ea tiver perguntas adicionais ou precisar de mais informa\u00e7\u00f5es sobre nossa Pol\u00edtica LGPD, n\u00e3o hesite em nos contatar atrav\u00e9s do e-mail<br> contato@dgmaxinteractive.com <\/p>\n\n\n\n<h2 class=\"wp-block-heading\">Lei Geral de Prote\u00e7\u00e3o de Dados (LGPD)<\/h2>\n\n\n\n<p>Somos um controlador de dados de suas informa\u00e7\u00f5es.<\/p>\n\n\n\n<p>A base jur\u00eddica da DGMAX Interactive para coletar e usar as informa\u00e7\u00f5es pessoais descritas nesta Pol\u00edtica LGPD depende das informa\u00e7\u00f5es pessoais que coletamos e do contexto espec\u00edfico em que coletamos tais informa\u00e7\u00f5es:<\/p>\n\n\n\n<ul class=\"wp-block-list\"><li>DGMAX Interactive precisa realizar um contrato com voc\u00ea<\/li><li>Voc\u00ea deu permiss\u00e3o \u00e0 DGMAX Interactive para faz\u00ea-lo<\/li><li>Processar suas informa\u00e7\u00f5es pessoais \u00e9 de interesse leg\u00edtimo da DGMAX Interactive<\/li><li>DGMAX Interactive precisa estar em conformidade com a lei<\/li><\/ul>\n\n\n\n<p>Este site (dgmaxinteractive.com) n\u00e3o ret\u00e9m suas informa\u00e7\u00f5es pessoais e n\u00e3o armazena nenhuma de suas informa\u00e7\u00f5es em nossos servidores ou bancos de dados. No caso de voc\u00ea enviar seus dados por meio do nosso formul\u00e1rio de contato, receberemos um e-mail com suas informa\u00e7\u00f5es, mas apenas as usaremos pelo tempo necess\u00e1rio para os fins definidos nesta Pol\u00edtica LGPD. Reteremos e usaremos suas informa\u00e7\u00f5es na medida necess\u00e1ria para cumprir nossas obriga\u00e7\u00f5es legais, resolver disputas e fazer cumprir nossas pol\u00edticas.<\/p>\n\n\n\n<p>No caso de voc\u00ea enviar seus dados por meio do formul\u00e1rio de inscri\u00e7\u00e3o do cliente, passaremos esses dados ao nosso provedor de rastreamento TUNE. Voc\u00ea pode ver a documenta\u00e7\u00e3o LGPD espec\u00edfica aqui:<\/p>\n\n\n\n<ul class=\"wp-block-list\"><li><a href=\"https:\/\/www.tune.com\/gdpr\/\"> LGPD e TUNE <\/a><\/li><li><a href=\"https:\/\/mkt.tune.com\/gdpr-addendum.html\"> ACORDOS DE PROCESSAMENTO DE DADOS DO TUNE <\/a><\/li><li><a href=\"https:\/\/www.tune.com\/gdpr\/\"> DADOS DO TUNE E PRATICAS DE  PRIVACIDADE<\/a><\/li><\/ul>\n\n\n\n<p>Se voc\u00ea \u00e9 residente do BRASIL, tem certos direitos de prote\u00e7\u00e3o de dados. Se voc\u00ea deseja ser informado sobre quais informa\u00e7\u00f5es pessoais temos sobre voc\u00ea e se deseja que sejam removidas dos sistemas do TUNE, entre em contato diretamente com eles.<\/p>\n\n\n\n<h2 class=\"wp-block-heading\">Arquivos de log<\/h2>\n\n\n\n<p>TUNE segue um procedimento padr\u00e3o de uso de arquivos de log. Esses arquivos registram os visitantes quando eles visitam sites. Todas as empresas de hospedagem fazem isso e fazem parte das an\u00e1lises dos servi\u00e7os de hospedagem. As informa\u00e7\u00f5es coletadas por arquivos de log incluem endere\u00e7os de protocolo de Internet (IP), tipo de navegador, provedor de servi\u00e7os de Internet (ISP), carimbo de data e hora, p\u00e1ginas de refer\u00eancia, sa\u00edda e possivelmente o n\u00famero de cliques. Eles n\u00e3o est\u00e3o vinculados a nenhuma informa\u00e7\u00e3o de identifica\u00e7\u00e3o pessoal. O objetivo das informa\u00e7\u00f5es \u00e9 analisar tend\u00eancias, administrar o site, rastrear a movimenta\u00e7\u00e3o dos usu\u00e1rios no site e coletar informa\u00e7\u00f5es demogr\u00e1ficas.<\/p>\n\n\n\n<h2 class=\"wp-block-heading\">Cookies e Web Beacons<\/h2>\n\n\n\n<p>Como qualquer outro site, dgmaxinteractive usa &#8216;cookies&#8217;. Esses cookies s\u00e3o usados \u200b\u200bpara armazenar informa\u00e7\u00f5es, incluindo as prefer\u00eancias dos visitantes e as p\u00e1ginas do site que o visitante acessou ou visitou. As informa\u00e7\u00f5es s\u00e3o usadas para otimizar a experi\u00eancia dos usu\u00e1rios, personalizando o conte\u00fado da nossa p\u00e1gina da web com base no tipo de navegador dos visitantes e \/ ou outras informa\u00e7\u00f5es.<\/p>\n\n\n\n<p>Observe que dgmaxinteractive n\u00e3o tem acesso ou controle sobre esses cookies que s\u00e3o usados \u200b\u200bpor anunciantes terceiros ou sistemas de rastreamento.<\/p>\n\n\n\n<h2 class=\"wp-block-heading\">Pol\u00edticas de privacidade terceiros<\/h2>\n\n\n\n<p>A Pol\u00edtica de Privacidade da dgmaxinteractive n\u00e3o se aplica a outros anunciantes ou sites. Assim, aconselhamos voc\u00ea a consultar as respectivas Pol\u00edticas de Privacidade desses servidores de an\u00fancios de terceiros para obter informa\u00e7\u00f5es mais detalhadas. Pode incluir suas pr\u00e1ticas e instru\u00e7\u00f5es sobre como cancelar certas op\u00e7\u00f5es.<\/p>\n\n\n\n<p>Voc\u00ea pode optar por desabilitar os cookies por meio das op\u00e7\u00f5es individuais do navegador. Para saber informa\u00e7\u00f5es mais detalhadas sobre o gerenciamento de cookies com navegadores espec\u00edficos, elas podem ser encontradas nos respectivos sites dos navegadores. O que s\u00e3o cookies?<\/p>\n\n\n\n<h2 class=\"wp-block-heading\">Informa\u00e7\u00e3o infantil<\/h2>\n\n\n\n<p>Outra parte de nossa prioridade \u00e9 adicionar prote\u00e7\u00e3o para crian\u00e7as enquanto usam a internet. Incentivamos os pais e respons\u00e1veis \u200b\u200ba observar, participar e \/ ou monitorar e orientar suas atividades online.<\/p>\n\n\n\n<p>dgmaxinteractive n\u00e3o coleta intencionalmente qualquer informa\u00e7\u00e3o pessoal identific\u00e1vel de crian\u00e7as menores de 13 anos. Se voc\u00ea acha que seu filho forneceu este tipo de informa\u00e7\u00e3o em nosso site, n\u00f3s o encorajamos a nos contatar imediatamente e n\u00f3s faremos nossos melhores esfor\u00e7os para remover imediatamente tais informa\u00e7\u00f5es de nossos registros.<\/p>\n\n\n\n<h2 class=\"wp-block-heading\">Pol\u00edtica de privacidade online <\/h2>\n\n\n\n<p>Nossa Pol\u00edtica de Privacidade se aplica apenas \u00e0s nossas atividades online e \u00e9 v\u00e1lida para os visitantes do nosso site no que diz respeito \u00e0s informa\u00e7\u00f5es que eles compartilharam e \/ ou coletaram em dgmaxinteractive. Esta pol\u00edtica n\u00e3o se aplica a nenhuma informa\u00e7\u00e3o coletada offline ou por meio de outros canais que n\u00e3o este site.<\/p>\n\n\n\n<h2 class=\"wp-block-heading\">Consentimento<\/h2>\n\n\n\n<p>Ao usar nosso website, voc\u00ea concorda com nossa Pol\u00edtica LGPD e concorda com seus termos.<\/p>\n","protected":false},"excerpt":{"rendered":"<p>Pol\u00edtica LGPD para DGMAX Interactive Em dgmaxinteractive, acess\u00edvel em dgmaxinteractive.com, uma de nossas principais prioridades \u00e9 a privacidade dos dados&#8230;<\/p>\n","protected":false},"author":1,"featured_media":0,"parent":0,"menu_order":0,"comment_status":"closed","ping_status":"closed","template":"","meta":{"footnotes":""},"class_list":["post-300","page","type-page","status-publish","hentry"],"_links":{"self":[{"href":"https:\/\/dgmaxinteractive.com\/br\/wp-json\/wp\/v2\/pages\/300"}],"collection":[{"href":"https:\/\/dgmaxinteractive.com\/br\/wp-json\/wp\/v2\/pages"}],"about":[{"href":"https:\/\/dgmaxinteractive.com\/br\/wp-json\/wp\/v2\/types\/page"}],"author":[{"embeddable":true,"href":"https:\/\/dgmaxinteractive.com\/br\/wp-json\/wp\/v2\/users\/1"}],"replies":[{"embeddable":true,"href":"https:\/\/dgmaxinteractive.com\/br\/wp-json\/wp\/v2\/comments?post=300"}],"version-history":[{"count":4,"href":"https:\/\/dgmaxinteractive.com\/br\/wp-json\/wp\/v2\/pages\/300\/revisions"}],"predecessor-version":[{"id":343,"href":"https:\/\/dgmaxinteractive.com\/br\/wp-json\/wp\/v2\/pages\/300\/revisions\/343"}],"wp:attachment":[{"href":"https:\/\/dgmaxinteractive.com\/br\/wp-json\/wp\/v2\/media?parent=300"}],"curies":[{"name":"wp","href":"https:\/\/api.w.org\/{rel}","templated":true}]}}