{"id":255,"date":"2016-02-26T20:19:27","date_gmt":"2016-02-26T20:19:27","guid":{"rendered":"http:\/\/dgmaxinteractive.com\/br\/?page_id=255"},"modified":"2021-01-07T20:00:05","modified_gmt":"2021-01-07T20:00:05","slug":"politica-anti-spam","status":"publish","type":"page","link":"https:\/\/dgmaxinteractive.com\/br\/politica-anti-spam.html","title":{"rendered":"Anti-Spam"},"content":{"rendered":"<h1 id=\"page-title\" class=\"page__title title\">Anti-Spam Policy<\/h1>\n<article class=\"node-7 node node-page view-mode-full clearfix\">\n<div class=\"field field-name-body field-type-text-with-summary field-label-hidden\">\n<div class=\"field-items\">\n<div class=\"field-item even\">\n<p>DGMAX Interactive (A Empresa) tem uma pol\u00edtica de toler\u00e2ncia zero em rela\u00e7\u00e3o a spam (tamb\u00e9m conhecido como e-mail comercial n\u00e3o solicitado, e-mail em massa,\u00a0 lixo eletr\u00f4nico), definido como uma mensagem eletr\u00f4nica que anuncia bens ou servi\u00e7os que \u00e9 enviada para algu\u00e9m sem o seu consentimento pr\u00e9vio e na aus\u00eancia de um relacionamento anterior (incluindo newsgroup, canal IRC, ou postagens em quadro de mensagens n\u00e3o relacionadas ao t\u00f3pico de discuss\u00e3o de um determinado grupo de not\u00edcias, canal ou quadro de mensagens).<\/p>\n<p>Exigimos que todos os membros da DGMAX Interactive Publisher Network representem e garantam que cumprir\u00e3o, em todos os momentos, todas as leis internacionais, federais, estaduais e locais para marketing por e-mail, incluindo, mas n\u00e3o se limitando ao Can-Spam da legisla\u00e7\u00e3o dos Estados Unidos, Legisla\u00e7\u00e3o Anti-Spam do Canad\u00e1, Lei Contra Spam da Austr\u00e1lia e Diretiva de Opt-In Europeia.<\/p>\n<p>\u00c9 sua responsabilidade revisar completamente e estar ciente de todos os requisitos definidos nas leis referentes ao marketing por e-mail para os pa\u00edses para os quais voc\u00ea envia e-mails.<\/p>\n<p>Abaixo est\u00e3o alguns links para algumas das principais leis anti-spam.<\/p>\n<ul>\n<li><a href=\"https:\/\/www.ftc.gov\/tips-advice\/business-center\/guidance\/can-spam-act-compliance-guide-business\">Diretrizes de Can-Spam dos EUA para empresas<\/a><\/li>\n<li><a href=\"http:\/\/eur-lex.europa.eu\/legal-content\/EN\/TXT\/?uri=URISERV%3Al24120\">Diretrizes Europ\u00e9ias<\/a><\/li>\n<li><a href=\"http:\/\/fightspam.gc.ca\/eic\/site\/030.nsf\/eng\/home\">P\u00e1gina da legisla\u00e7\u00e3o anti-spam do Canad\u00e1<\/a><\/li>\n<li><a href=\"http:\/\/www.lsoft.com\/resources\/optinlaws.asp\">Compara\u00e7\u00f5es entre as leis da Uni\u00e3o Europ\u00e9ia e do Canad\u00e1<\/a><\/li>\n<li><a href=\"http:\/\/www.acma.gov.au\/Industry\/Marketers\/Anti-Spam\/Ensuring-you-dont-spam\/key-elements-of-the-spam-act-ensuring-you-dont-spam-i-acma\">Leis anti-spam da Austr\u00e1lia<\/a><\/li>\n<\/ul>\n<p>Para sua conveni\u00eancia, abaixo est\u00e3o listados alguns crit\u00e9rios importantes (sem a pretens\u00e3o de serem abrangentes) que um e-mail deve atender para n\u00e3o ser considerado como spam:<\/p>\n<ul>\n<li>O e-mail deve conter informa\u00e7\u00f5es de contato v\u00e1lidas e responsivas do remetente, ou seja, Editor. Qualquer parte do e-mail enviado deve vir DE VOC\u00ca. O e-mail n\u00e3o deve conter ou incluir um nome de dom\u00ednio de remetente falsificado ou endere\u00e7o de IP n\u00e3o responsivo;<\/li>\n<li>O e-mail n\u00e3o deve conter ou incluir uma linha de assunto falsa ou enganosa que tente disfar\u00e7ar ou ocultar o conte\u00fado do e-mail;<\/li>\n<li>O e-mail deve conter ou incluir um endere\u00e7o de e-mail de retorno v\u00e1lido ou outro mecanismo baseado na Internet por meio do qual os destinat\u00e1rios possam cancelar a assinatura ou &#8220;cancelar&#8221; o recebimento de outras solicita\u00e7\u00f5es por e-mail do Editor. Tal endere\u00e7o de e-mail de retorno ou outro mecanismo baseado na Internet permanecer\u00e1 v\u00e1lido por n\u00e3o menos que trinta (30) dias a partir da data de transmiss\u00e3o do e-mail e o Editor deve implementar todas as solicita\u00e7\u00f5es para cancelar ou &#8220;cancelar&#8221; dentro de dez ( 10) dias ap\u00f3s o recebimento da solicita\u00e7\u00e3o;<\/li>\n<li>O e-mail deve conter ou incluir um endere\u00e7o postal f\u00edsico v\u00e1lido do Editor (que n\u00e3o deve incluir um endere\u00e7o de caixa postal);<\/li>\n<li>O e-mail deve ser enviado apenas para indiv\u00edduos que deram a Voc\u00ea permiss\u00e3o para receber tal e-mail;<\/li>\n<li>O e-mail deve fornecer um aviso claro e vis\u00edvel de que a mensagem \u00e9 um an\u00fancio ou solicita\u00e7\u00e3o.<\/li>\n<\/ul>\n<p>Caso qualquer ag\u00eancia de aplica\u00e7\u00e3o da lei, provedor de servi\u00e7os de Internet ou outra pessoa ou entidade forne\u00e7a \u00e0 DGMAX Interactive um aviso de que voc\u00ea est\u00e1 envolvido na transmiss\u00e3o de spam, n\u00f3s nos reservamos o direito de ajudar as autoridades legais em qualquer investiga\u00e7\u00e3o relacionada \u00e0s suas atividades, incluindo a divulga\u00e7\u00e3o de sua personalidade e informa\u00e7\u00f5es n\u00e3o pessoalmente identific\u00e1veis.<\/p>\n<p>A viola\u00e7\u00e3o da Pol\u00edtica Anti-Spam ou o n\u00e3o cumprimento de qualquer uma das outras regras e regulamentos de e-mail da Empresa definidos no contrato podem resultar no encerramento da conta do Editor, reten\u00e7\u00e3o ou compensa\u00e7\u00e3o de comiss\u00f5es ganhas e a\u00e7\u00f5es legais contra o Editor.<\/p>\n<p>Todas as reclama\u00e7\u00f5es de spam devem ser enviadas para: abuse [at] dgmaxinteractive.com. Na mensagem, inclua uma c\u00f3pia completa da mensagem de spam recebida, bem como o URL que estava sendo promovido. Uma a\u00e7\u00e3o imediata ser\u00e1 realizada.<\/p>\n<\/div>\n<\/div>\n<\/div>\n<\/article>\n","protected":false},"excerpt":{"rendered":"<p>Anti-Spam Policy DGMAX Interactive (A Empresa) tem uma pol\u00edtica de toler\u00e2ncia zero em rela\u00e7\u00e3o a spam (tamb\u00e9m conhecido como e-mail&#8230;<\/p>\n","protected":false},"author":1,"featured_media":0,"parent":0,"menu_order":0,"comment_status":"closed","ping_status":"closed","template":"","meta":{"footnotes":""},"class_list":["post-255","page","type-page","status-publish","hentry"],"_links":{"self":[{"href":"https:\/\/dgmaxinteractive.com\/br\/wp-json\/wp\/v2\/pages\/255"}],"collection":[{"href":"https:\/\/dgmaxinteractive.com\/br\/wp-json\/wp\/v2\/pages"}],"about":[{"href":"https:\/\/dgmaxinteractive.com\/br\/wp-json\/wp\/v2\/types\/page"}],"author":[{"embeddable":true,"href":"https:\/\/dgmaxinteractive.com\/br\/wp-json\/wp\/v2\/users\/1"}],"replies":[{"embeddable":true,"href":"https:\/\/dgmaxinteractive.com\/br\/wp-json\/wp\/v2\/comments?post=255"}],"version-history":[{"count":6,"href":"https:\/\/dgmaxinteractive.com\/br\/wp-json\/wp\/v2\/pages\/255\/revisions"}],"predecessor-version":[{"id":348,"href":"https:\/\/dgmaxinteractive.com\/br\/wp-json\/wp\/v2\/pages\/255\/revisions\/348"}],"wp:attachment":[{"href":"https:\/\/dgmaxinteractive.com\/br\/wp-json\/wp\/v2\/media?parent=255"}],"curies":[{"name":"wp","href":"https:\/\/api.w.org\/{rel}","templated":true}]}}