{"id":11,"date":"2016-01-03T22:37:40","date_gmt":"2016-01-03T22:37:40","guid":{"rendered":"http:\/\/dgmaxinteractive.com\/br\/?page_id=11"},"modified":"2017-02-02T15:53:54","modified_gmt":"2017-02-02T15:53:54","slug":"quemsomos","status":"publish","type":"page","link":"https:\/\/dgmaxinteractive.com\/br\/quemsomos.html","title":{"rendered":"Quem Somos"},"content":{"rendered":"<div class=\"one_half\">\n<div class=\"image wrap-box no-style below\" style=\"\">\n<div class=\"wrap-box-inner\"><img decoding=\"async\" class=\"wrap-box-element\" style=\" \" src=\"http:\/\/dgmaxinteractive.com\/wp-content\/uploads\/sites\/6\/2016\/01\/meeting_room_1.jpg\" alt=\"\"\/><\/div>\n<\/div>\n<\/div>\n<div class=\"one_half last\">\n<h3>Quem Somos<\/h3>\n<p>A DGMAX Interactive \u00e9 uma empresa de Marketing de Performance baseada em Nova Iorque (EUA). Com mais de 8 anos de experi\u00eancia em marketing online, n\u00f3s focamos nosso trabalho em marketing de CPA (Custo por A\u00e7\u00e3o) \/ Marketing de Performance. N\u00f3s da DGMAX Interactive combinamos conhecimento com tecnologia para ajudar nossos anunciantes e afiliados a se tornarem bem sucedidos no campo de marketing de performance. A DGMAX Interactive est\u00e1 comprometida a ajudar na performance e crescimento de seus clientes. Nosso objetivo \u00e9 estabelecer parcerias duradouras e saud\u00e1veis com nossos anunciantes e afiliados com base em benef\u00edcios m\u00fatuos. Para n\u00f3s, qualidade \u00e9 sempre mais importante do que quantidade.<\/p>\n<\/div>\n<div class=\"clear\"><\/div>\n<div class=\"divider linebreak\">&nbsp;<\/div>\n<div class=\"block quickfinder\">\n<div class=\"central-wrapper clearfix\">\n<h2 style=\"text-align: center\">ESTRAT\u00c9GIAS PARA AQUISI\u00c7\u00c3O DE CLIENTES:<\/h2>\n<ul class=\"lazy-loading styled\">\n<li><span class=\"image lazy-loading-item\" style=\"background-color: #3a5370\">\ue675<\/span><br \/>\n<span class=\"lazy-loading-item caption\"><br \/>\n<span class=\"title\">GERA\u00c7\u00c3O DE LEADS<\/span><br \/>\n<span class=\"description\">Possu\u00edmos experi\u00eancia e conhecimento para criar campanhas de gera\u00e7\u00e3o de lead com sucesso.<\/span><\/span><\/li>\n<li><span class=\"image lazy-loading-item\" style=\"background-color: #558cad\">\ue651<\/span><br \/>\n<span class=\"lazy-loading-item caption\"><br \/>\n<span class=\"title\">Co-Reg<\/span><br \/>\n<span class=\"description\">Geramos opt-ins e inscri\u00e7\u00f5es atrav\u00e9s de uma abordagem multi- canal.<\/span><\/span><\/li>\n<li><span class=\"image lazy-loading-item\" style=\"background-color: #48afdb\">\ue685<\/span><br \/>\n<span class=\"lazy-loading-item caption\"><br \/>\n<span class=\"title\">e-Commerce <\/span><br \/>\n<span class=\"description\">Geramos clientes e vendas para lojas online.<\/span> <\/span><\/li>\n<li><span class=\"image lazy-loading-item\" style=\"background-color: #60dbc4\">\ue62b<\/span><br \/>\n<span class=\"lazy-loading-item caption\"><br \/>\n<span class=\"title\">Instala\u00e7\u00e3o de Aplicativos<\/span><br \/>\n<span class=\"description\">Controlamos sua campanha de instala\u00e7\u00e3o de aplicativos.<\/span><\/span><\/li>\n<\/ul>\n<\/div>\n<\/div>\n<div class=\"alert-box iconed\">\n<div class=\"clearfix\">\n<div class=\"alert-icon\" style=\"border-color: #FFFFFF; background-color: #FFFFFF; color: #DA5F71;\">&#xe6ac;<\/div>\n<div class=\"text\">\n<h2>ENTRE EM CONTATO CONOSCO!<\/h2>\n<div>Entre em contato conosco para mais informa\u00e7\u00f5es ou para desenvolvermos estrat\u00e9gias que maximizem seu lucro com nosso marketing de performance.<\/div>\n<\/div>\n<div class=\"alert-button\"><a class=\"button\" href=\"http:\/\/dgmaxinteractive.com\/br\/contato.html\" style=\"background-color: #DA5F71;\">Contate-nos!<\/a><\/div>\n<\/div>\n<\/div>\n","protected":false},"excerpt":{"rendered":"<p>ESTRAT\u00c9GIAS PARA AQUISI\u00c7\u00c3O DE CLIENTES: \ue675 GERA\u00c7\u00c3O DE LEADS Possu\u00edmos experi\u00eancia e conhecimento para criar campanhas de gera\u00e7\u00e3o de lead&#8230;<\/p>\n","protected":false},"author":1,"featured_media":0,"parent":0,"menu_order":0,"comment_status":"closed","ping_status":"closed","template":"","meta":{"footnotes":""},"class_list":["post-11","page","type-page","status-publish","hentry"],"_links":{"self":[{"href":"https:\/\/dgmaxinteractive.com\/br\/wp-json\/wp\/v2\/pages\/11"}],"collection":[{"href":"https:\/\/dgmaxinteractive.com\/br\/wp-json\/wp\/v2\/pages"}],"about":[{"href":"https:\/\/dgmaxinteractive.com\/br\/wp-json\/wp\/v2\/types\/page"}],"author":[{"embeddable":true,"href":"https:\/\/dgmaxinteractive.com\/br\/wp-json\/wp\/v2\/users\/1"}],"replies":[{"embeddable":true,"href":"https:\/\/dgmaxinteractive.com\/br\/wp-json\/wp\/v2\/comments?post=11"}],"version-history":[{"count":12,"href":"https:\/\/dgmaxinteractive.com\/br\/wp-json\/wp\/v2\/pages\/11\/revisions"}],"predecessor-version":[{"id":287,"href":"https:\/\/dgmaxinteractive.com\/br\/wp-json\/wp\/v2\/pages\/11\/revisions\/287"}],"wp:attachment":[{"href":"https:\/\/dgmaxinteractive.com\/br\/wp-json\/wp\/v2\/media?parent=11"}],"curies":[{"name":"wp","href":"https:\/\/api.w.org\/{rel}","templated":true}]}}